{"id":11392,"date":"2025-08-20T08:42:28","date_gmt":"2025-08-20T06:42:28","guid":{"rendered":"https:\/\/campingwaikiki.com\/natural-art-oasis\/andrea-conte\/"},"modified":"2025-08-20T09:17:33","modified_gmt":"2025-08-20T07:17:33","slug":"andrea-conte","status":"publish","type":"page","link":"https:\/\/campingwaikiki.com\/de\/natural-art-oasis\/andrea-conte\/","title":{"rendered":"Andrea Conte"},"content":{"rendered":"<div class=\"wpb-content-wrapper\"><p>[vc_section][vc_row css=&#8220;.vc_custom_1719401213537{padding-top: 40px !important;}&#8220;][vc_column width=&#8220;1\/2&#8243;][vc_single_image image=&#8220;11381&#8243; img_size=&#8220;full&#8220;][\/vc_column][vc_column width=&#8220;1\/2&#8243;][vc_column_text]<\/p>\n<h3><strong><mark>Paradoxe Totems<\/mark><\/strong><\/h3>\n<p>[\/vc_column_text][vc_column_text]<\/p>\n<p data-start=\"110\" data-end=\"482\"><strong>Die Cortenstahlskulptur<\/strong>, etwa drei Meter hoch, geh\u00f6rt zur Serie <em data-start=\"174\" data-end=\"191\">Paradoxe Totems<\/em> von Andrea Conte (Andreco), einem Projekt, das der K\u00fcnstler seit \u00fcber zwanzig Jahren verfolgt. Die Totems zeigen unm\u00f6gliche und imaginative Kombinationen, in denen Elemente wie Wolken, Sand oder Meteoriten paradoxe und symbolische Formen annehmen und Raum f\u00fcr freie Interpretation lassen.<\/p>\n<p>&nbsp;<\/p>\n<p data-start=\"484\" data-end=\"900\">In Anlehnung an das Denken von <strong>John Dewey<\/strong> ist das Werk nicht nur ein \u00e4sthetisches Objekt, sondern eine \u00dcbung im Verst\u00e4ndnis der Welt: Es l\u00e4dt dazu ein, \u00fcber die Beziehungen zwischen Menschen und Nicht-Menschen nachzudenken und die \u201evibrierende Materie\u201c in Erfahrung und Bedeutung zu verwandeln. Dieses <em data-start=\"786\" data-end=\"802\">Paradoxe Totem<\/em> erh\u00e4lt so einen beinahe magischen Wert, der durch das es tragende Zahlenquadrat verst\u00e4rkt wird.<\/p>\n<p>[\/vc_column_text][\/vc_column][\/vc_row][vc_row css=&#8220;.vc_custom_1719401492818{padding-top: 40px !important;}&#8220;][vc_column width=&#8220;1\/3&#8243;][vc_single_image image=&#8220;11378&#8243; img_size=&#8220;full&#8220; alignment=&#8220;center&#8220;][\/vc_column][vc_column width=&#8220;2\/3&#8243;][vc_column_text]<\/p>\n<h3><strong><mark>Andrea Conte<\/mark><\/strong><\/h3>\n<p>[\/vc_column_text][vc_column_text]<\/p>\n<p data-start=\"124\" data-end=\"658\">Andrea Conte, bekannt als <strong>Andreco<\/strong>, ist ein bildender K\u00fcnstler mit wissenschaftlichem Hintergrund in Umweltingenieurwesen und akademischen Kooperationen im Bereich naturbasierte L\u00f6sungen und gr\u00fcne Infrastrukturen. Seine interdisziplin\u00e4re k\u00fcnstlerische Forschung untersucht die Beziehungen zwischen urbanem Raum und Landschaft, zwischen dem Humanen und dem Nicht-Humanen, und bedient sich dabei symbolischer Sprachen und vielf\u00e4ltiger Techniken (Installationen, Performances, Skulpturen, Malerei, Video und Kunst im \u00f6ffentlichen Raum).<\/p>\n<p>&nbsp;<\/p>\n<p data-start=\"660\" data-end=\"1131\">Er hat Projekte wie <strong><em data-start=\"680\" data-end=\"701\">Climate Art Project<\/em><\/strong>, das sich dem Klima- und Sozialgerechtigkeit widmet, und <strong><em data-start=\"759\" data-end=\"767\">Flumen<\/em><\/strong>, das sich auf Gew\u00e4sser und ihre Regeneration konzentriert, entwickelt. Seine Arbeiten wurden bei wichtigen internationalen Veranstaltungen pr\u00e4sentiert, darunter die <strong>Biennale di Venezia 2018<\/strong>, <strong>die Malta Biennale d\u2019Arte 2024 und die Triennale di Milano 2025<\/strong>. Seine Forschung <em data-start=\"1040\" data-end=\"1061\">Future Environments<\/em> wurde vom Italian Council 13 f\u00fcr den Zeitraum 2024\u20132025 ausgew\u00e4hlt.<\/p>\n<p>&nbsp;<\/p>\n<p data-start=\"1133\" data-end=\"1442\">Im Laufe seiner Karriere erhielt er zahlreiche Auszeichnungen, darunter den <em data-start=\"1209\" data-end=\"1223\">Talent Prize<\/em> 2017 und <em data-start=\"1233\" data-end=\"1240\">Jazzi<\/em> 2016, und seine Arbeiten wurden in <em data-start=\"1276\" data-end=\"1303\">Nature Scientific Reports<\/em> ver\u00f6ffentlicht. Einige seiner Werke geh\u00f6ren zu den Sammlungen des <strong>MAMbo \u2013 Museo d\u2019Arte Moderna di Bologna<\/strong> und des <strong>Centro Pecci in Prato<\/strong>.<\/p>\n<p>[\/vc_column_text][\/vc_column][\/vc_row][\/vc_section][vc_row css=&#8220;.vc_custom_1646911813023{margin-top: 20px !important;}&#8220;][vc_column][vc_column_text]<\/p>\n<div class=\"wpb_text_column wpb_content_element \">\n<div class=\"wpb_wrapper\">\n<h3><mark>INFO &amp; N\u00dcTZLICHE NEWS<\/mark><\/h3>\n<\/div>\n<p>&nbsp;<\/p>\n<\/div>\n<p>&nbsp;<\/p>\n<div class=\"wpb_text_column wpb_content_element \">\n<div class=\"wpb_wrapper\">\n<p>Waikiki Village \u2013 Entdecken Sie die Neuigkeiten in Echtzeit im News-Bereich.<\/p>\n<\/div>\n<p>&nbsp;<\/p>\n<\/div>\n<p>[\/vc_column_text][\/vc_column][\/vc_row][vc_row css=&#8220;.vc_custom_1621154123993{padding-top: 40px !important;}&#8220;][vc_column]<div class=\"qodef-blog-list-holder qodef-grid-list qodef-disable-bottom-space qodef-bl-standard qodef-three-columns qodef-huge-space qodef-bl-pag-no-pagination\"  data-type=standard data-number-of-posts=3 data-number-of-columns=three data-space-between-items=huge data-orderby=date data-order=DESC data-image-size=full data-title-tag=h4 data-excerpt-length=40 data-post-info-section=yes data-post-info-image=yes data-post-info-author=yes data-post-info-date=yes data-post-info-category=yes data-post-info-comments=no data-post-info-share=no data-read-more-button=no data-pagination-type=no-pagination data-enable-link-over=no data-max-num-pages=9 data-next-page=2>\n\t<div class=\"qodef-bl-wrapper qodef-outer-space\">\n\t\t<ul class=\"qodef-blog-list\">\n\t\t\t<li class=\"qodef-bl-item qodef-item-space\">\n\t<div class=\"qodef-bli-inner\">\n\t\t\n\t<div class=\"qodef-post-image\">\n\t\t\t\t\t<a itemprop=\"url\" href=\"https:\/\/campingwaikiki.com\/de\/danke-fuer-eine-unvergessliche-saison\/\" title=\"Danke f\u00fcr eine unvergessliche Saison\">\n\t\t\t\t\t<img loading=\"lazy\" decoding=\"async\" width=\"1920\" height=\"1280\" src=\"https:\/\/campingwaikiki.com\/wp-content\/uploads\/2025\/09\/Waikiki-Fine-stagione-2025.jpg\" class=\"attachment-full size-full wp-post-image\" alt=\"\" srcset=\"https:\/\/campingwaikiki.com\/wp-content\/uploads\/2025\/09\/Waikiki-Fine-stagione-2025.jpg 1920w, https:\/\/campingwaikiki.com\/wp-content\/uploads\/2025\/09\/Waikiki-Fine-stagione-2025-300x200.jpg 300w, https:\/\/campingwaikiki.com\/wp-content\/uploads\/2025\/09\/Waikiki-Fine-stagione-2025-1024x683.jpg 1024w, https:\/\/campingwaikiki.com\/wp-content\/uploads\/2025\/09\/Waikiki-Fine-stagione-2025-768x512.jpg 768w, https:\/\/campingwaikiki.com\/wp-content\/uploads\/2025\/09\/Waikiki-Fine-stagione-2025-1536x1024.jpg 1536w\" sizes=\"auto, (max-width: 1920px) 100vw, 1920px\" \/>\t\t\t\t\t<\/a>\n\t\t\t\t\t<\/div>\n        <div class=\"qodef-bli-content\">\n                            <div class=\"qodef-bli-info\">\n\t                <div itemprop=\"dateCreated\" class=\"qodef-post-info-date entry-date published updated\">\n            <a itemprop=\"url\" href=\"https:\/\/campingwaikiki.com\/de\/2025\/09\/\">\n                <span class=\"qodef-post-info-date-date\">24<\/span>\n            <span class=\"qodef-post-info-date-month\">Sep.<\/span>\n        <\/a>\n    <meta itemprop=\"interactionCount\" content=\"UserComments: 0\"\/>\n<\/div><div class=\"qodef-post-info-category\">\n    <a href=\"https:\/\/campingwaikiki.com\/de\/category\/news-de\/\" rel=\"category tag\">News<\/a><\/div><div class=\"qodef-post-info-author\">\n    <span class=\"qodef-post-info-author-text\">\n        by    <\/span>\n    <a itemprop=\"author\" class=\"qodef-post-info-author-link\" href=\"https:\/\/campingwaikiki.com\/de\/author\/emilio\/\">\n        Emilio    <\/a>\n<\/div>                <\/div>\n            \t\n\t        \n<h4 itemprop=\"name\" class=\"entry-title qodef-post-title\" >\n            <a itemprop=\"url\" href=\"https:\/\/campingwaikiki.com\/de\/danke-fuer-eine-unvergessliche-saison\/\" title=\"Danke f\u00fcr eine unvergessliche Saison\">\n            Danke f\u00fcr eine unvergessliche Saison            <\/a>\n    <\/h4>\t\n\t        <div class=\"qodef-bli-excerpt\">\n                \t\t<div class=\"qodef-post-excerpt-holder\">\n\t\t\t<p itemprop=\"description\" class=\"qodef-post-excerpt\">\n\t\t\t\t\r\nDieser Sommer im Camping Waikiki Village in Jesolo war eine spannende Reise voller Natur, Entspannung, Spa\u00df und unvergesslicher Momente. Eingebettet zwischen Pinienwald und Meer ist unser Feriendorf f\u00fcr viele zu einem echten \u201eZuhause fern von Zuhause\u201c geworden \u2013 ein Ort,\t\t\t<\/p>\n\t\t<\/div>\n\t\t\t\t\t\t        <\/div>\n\t                <\/div>\n\t<\/div>\n<\/li><li class=\"qodef-bl-item qodef-item-space\">\n\t<div class=\"qodef-bli-inner\">\n\t\t\n\t<div class=\"qodef-post-image\">\n\t\t\t\t\t<a itemprop=\"url\" href=\"https:\/\/campingwaikiki.com\/de\/jesolo-mit-dem-e-bike-entdecken-natur-entspannung-und-abenteuer-im-waikiki-village\/\" title=\"Jesolo mit dem E-Bike entdecken: Natur, Entspannung und Abenteuer im Waikiki Village\">\n\t\t\t\t\t<img loading=\"lazy\" decoding=\"async\" width=\"1500\" height=\"1124\" src=\"https:\/\/campingwaikiki.com\/wp-content\/uploads\/2025\/07\/Scopri-Jesolo-in-E-Bike.jpg\" class=\"attachment-full size-full wp-post-image\" alt=\"\" srcset=\"https:\/\/campingwaikiki.com\/wp-content\/uploads\/2025\/07\/Scopri-Jesolo-in-E-Bike.jpg 1500w, https:\/\/campingwaikiki.com\/wp-content\/uploads\/2025\/07\/Scopri-Jesolo-in-E-Bike-300x225.jpg 300w, https:\/\/campingwaikiki.com\/wp-content\/uploads\/2025\/07\/Scopri-Jesolo-in-E-Bike-1024x767.jpg 1024w, https:\/\/campingwaikiki.com\/wp-content\/uploads\/2025\/07\/Scopri-Jesolo-in-E-Bike-768x575.jpg 768w\" sizes=\"auto, (max-width: 1500px) 100vw, 1500px\" \/>\t\t\t\t\t<\/a>\n\t\t\t\t\t<\/div>\n        <div class=\"qodef-bli-content\">\n                            <div class=\"qodef-bli-info\">\n\t                <div itemprop=\"dateCreated\" class=\"qodef-post-info-date entry-date published updated\">\n            <a itemprop=\"url\" href=\"https:\/\/campingwaikiki.com\/de\/2025\/07\/\">\n                <span class=\"qodef-post-info-date-date\">15<\/span>\n            <span class=\"qodef-post-info-date-month\">Juli<\/span>\n        <\/a>\n    <meta itemprop=\"interactionCount\" content=\"UserComments: 0\"\/>\n<\/div><div class=\"qodef-post-info-category\">\n    <a href=\"https:\/\/campingwaikiki.com\/de\/category\/news-de\/\" rel=\"category tag\">News<\/a><\/div><div class=\"qodef-post-info-author\">\n    <span class=\"qodef-post-info-author-text\">\n        by    <\/span>\n    <a itemprop=\"author\" class=\"qodef-post-info-author-link\" href=\"https:\/\/campingwaikiki.com\/de\/author\/emilio\/\">\n        Emilio    <\/a>\n<\/div>                <\/div>\n            \t\n\t        \n<h4 itemprop=\"name\" class=\"entry-title qodef-post-title\" >\n            <a itemprop=\"url\" href=\"https:\/\/campingwaikiki.com\/de\/jesolo-mit-dem-e-bike-entdecken-natur-entspannung-und-abenteuer-im-waikiki-village\/\" title=\"Jesolo mit dem E-Bike entdecken: Natur, Entspannung und Abenteuer im Waikiki Village\">\n            Jesolo mit dem E-Bike entdecken: Natur, Entspannung und Abenteuer im Waikiki Village            <\/a>\n    <\/h4>\t\n\t        <div class=\"qodef-bli-excerpt\">\n                \t\t<div class=\"qodef-post-excerpt-holder\">\n\t\t\t<p itemprop=\"description\" class=\"qodef-post-excerpt\">\n\t\t\t\t\nSie suchen nach einer Erfahrung, die Natur, Sport und Komfort vereint? Das Waikiki Village in Jesolo ist der ideale Ausgangspunkt f\u00fcr eine unvergessliche E-Bike-Tour. Inmitten des Gr\u00fcns und nur wenige Schritte vom Meer entfernt, bietet das Village einen erholsamen Aufenthalt\t\t\t<\/p>\n\t\t<\/div>\n\t\t\t\t\t\t        <\/div>\n\t                <\/div>\n\t<\/div>\n<\/li><li class=\"qodef-bl-item qodef-item-space\">\n\t<div class=\"qodef-bli-inner\">\n\t\t\n\t<div class=\"qodef-post-image\">\n\t\t\t\t\t<a itemprop=\"url\" href=\"https:\/\/campingwaikiki.com\/de\/blue-flag-jesolo-awarded-for-the-22nd-year\/\" title=\"Blue Flag, Jesolo awarded for the 22nd year!\">\n\t\t\t\t\t<img loading=\"lazy\" decoding=\"async\" width=\"1600\" height=\"1200\" src=\"https:\/\/campingwaikiki.com\/wp-content\/uploads\/2025\/05\/Waikiki.jpeg\" class=\"attachment-full size-full wp-post-image\" alt=\"\" srcset=\"https:\/\/campingwaikiki.com\/wp-content\/uploads\/2025\/05\/Waikiki.jpeg 1600w, https:\/\/campingwaikiki.com\/wp-content\/uploads\/2025\/05\/Waikiki-300x225.jpeg 300w, https:\/\/campingwaikiki.com\/wp-content\/uploads\/2025\/05\/Waikiki-1024x768.jpeg 1024w, https:\/\/campingwaikiki.com\/wp-content\/uploads\/2025\/05\/Waikiki-768x576.jpeg 768w, https:\/\/campingwaikiki.com\/wp-content\/uploads\/2025\/05\/Waikiki-1536x1152.jpeg 1536w\" sizes=\"auto, (max-width: 1600px) 100vw, 1600px\" \/>\t\t\t\t\t<\/a>\n\t\t\t\t\t<\/div>\n        <div class=\"qodef-bli-content\">\n                            <div class=\"qodef-bli-info\">\n\t                <div itemprop=\"dateCreated\" class=\"qodef-post-info-date entry-date published updated\">\n            <a itemprop=\"url\" href=\"https:\/\/campingwaikiki.com\/de\/2025\/05\/\">\n                <span class=\"qodef-post-info-date-date\">14<\/span>\n            <span class=\"qodef-post-info-date-month\">Mai<\/span>\n        <\/a>\n    <meta itemprop=\"interactionCount\" content=\"UserComments: 0\"\/>\n<\/div><div class=\"qodef-post-info-category\">\n    <a href=\"https:\/\/campingwaikiki.com\/de\/category\/news-de\/\" rel=\"category tag\">News<\/a><\/div><div class=\"qodef-post-info-author\">\n    <span class=\"qodef-post-info-author-text\">\n        by    <\/span>\n    <a itemprop=\"author\" class=\"qodef-post-info-author-link\" href=\"https:\/\/campingwaikiki.com\/de\/author\/vincenza\/\">\n        Vincenza Misceo    <\/a>\n<\/div>                <\/div>\n            \t\n\t        \n<h4 itemprop=\"name\" class=\"entry-title qodef-post-title\" >\n            <a itemprop=\"url\" href=\"https:\/\/campingwaikiki.com\/de\/blue-flag-jesolo-awarded-for-the-22nd-year\/\" title=\"Blue Flag, Jesolo awarded for the 22nd year!\">\n            Blue Flag, Jesolo awarded for the 22nd year!            <\/a>\n    <\/h4>\t\n\t        <div class=\"qodef-bli-excerpt\">\n                \t\t<div class=\"qodef-post-excerpt-holder\">\n\t\t\t<p itemprop=\"description\" class=\"qodef-post-excerpt\">\n\t\t\t\t\nJesolo once again takes centre stage at the Blue Flag award ceremony, the prestigious recognition that rewards seaside resorts that maintain the highest standards of excellence in the quality of bathing water, cleanliness of beaches, waste management, the presence of\t\t\t<\/p>\n\t\t<\/div>\n\t\t\t\t\t\t        <\/div>\n\t                <\/div>\n\t<\/div>\n<\/li>\t\t<\/ul>\n\t<\/div>\n\t<\/div>[\/vc_column][\/vc_row]<\/p>\n<\/div>","protected":false},"excerpt":{"rendered":"<p>[vc_section][vc_row css=&#8220;.vc_custom_1719401213537{padding-top: 40px !important;}&#8220;][vc_column width=&#8220;1\/2&#8243;][vc_single_image image=&#8220;11381&#8243; img_size=&#8220;full&#8220;][\/vc_column][vc_column width=&#8220;1\/2&#8243;][vc_column_text] Paradoxe Totems [\/vc_column_text][vc_column_text] Die Cortenstahlskulptur, etwa drei Meter hoch, geh\u00f6rt zur Serie Paradoxe Totems von Andrea Conte (Andreco), einem Projekt, das der K\u00fcnstler seit \u00fcber zwanzig Jahren verfolgt. Die Totems zeigen unm\u00f6gliche [&hellip;]<\/p>\n","protected":false},"author":1,"featured_media":0,"parent":7871,"menu_order":0,"comment_status":"closed","ping_status":"closed","template":"","meta":{"footnotes":""},"class_list":["post-11392","page","type-page","status-publish","hentry"],"aioseo_notices":[],"_links":{"self":[{"href":"https:\/\/campingwaikiki.com\/de\/wp-json\/wp\/v2\/pages\/11392","targetHints":{"allow":["GET"]}}],"collection":[{"href":"https:\/\/campingwaikiki.com\/de\/wp-json\/wp\/v2\/pages"}],"about":[{"href":"https:\/\/campingwaikiki.com\/de\/wp-json\/wp\/v2\/types\/page"}],"author":[{"embeddable":true,"href":"https:\/\/campingwaikiki.com\/de\/wp-json\/wp\/v2\/users\/1"}],"replies":[{"embeddable":true,"href":"https:\/\/campingwaikiki.com\/de\/wp-json\/wp\/v2\/comments?post=11392"}],"version-history":[{"count":3,"href":"https:\/\/campingwaikiki.com\/de\/wp-json\/wp\/v2\/pages\/11392\/revisions"}],"predecessor-version":[{"id":11411,"href":"https:\/\/campingwaikiki.com\/de\/wp-json\/wp\/v2\/pages\/11392\/revisions\/11411"}],"up":[{"embeddable":true,"href":"https:\/\/campingwaikiki.com\/de\/wp-json\/wp\/v2\/pages\/7871"}],"wp:attachment":[{"href":"https:\/\/campingwaikiki.com\/de\/wp-json\/wp\/v2\/media?parent=11392"}],"curies":[{"name":"wp","href":"https:\/\/api.w.org\/{rel}","templated":true}]}}