{"id":7018,"date":"2018-10-11T08:03:20","date_gmt":"2018-10-11T08:03:20","guid":{"rendered":"https:\/\/waikiki.egiweb.it\/faq-page\/"},"modified":"2024-02-05T11:40:49","modified_gmt":"2024-02-05T10:40:49","slug":"faq-page","status":"publish","type":"page","link":"https:\/\/campingwaikiki.com\/de\/faq-page\/","title":{"rendered":"FAQ Page"},"content":{"rendered":"<div class=\"wpb-content-wrapper\"><p>[vc_row][vc_column]<div class=\"qodef-elements-holder   qodef-one-column  qodef-responsive-mode-768 \" ><div class=\"qodef-eh-item    \"  data-item-class=\"qodef-eh-custom-4443\">\n\t<div class=\"qodef-eh-item-inner\">\n\t\t<div class=\"qodef-eh-item-content qodef-eh-custom-4443\" style=\"padding: 127px 0 25px 0\">\n\t\t\t<div class=\"qodef-section-title-holder  qodef-st-standard qodef-st-title-left qodef-st-normal-space \" >\n\t<div class=\"qodef-st-inner\">\n\t\t\t\t\t<h3 class=\"qodef-st-title\" >\n\t\t\t\tRESERVIERUNG\t\t\t<\/h3>\n\t\t\t\t    \t<\/div>\n<\/div><div class=\"qodef-accordion-holder qodef-ac-default  qodef-accordion qodef-ac-simple  clearfix\">\n\t<h3 class=\"qodef-accordion-title\">\n\t<span class=\"qodef-tab-title\">Wie kann man bei Camping Waikiki buchen?<\/span>\n    <span class=\"qodef-accordion-mark\">\n        <span class=\"qodef_icon_plus icon_plus\"><\/span>\n        <span class=\"qodef_icon_minus icon_minus-06\"><\/span>\n    <\/span>\n<\/h3>\n<div class=\"qodef-accordion-content\">\n\t<div class=\"qodef-accordion-content-inner\">\n\t\t[vc_column_text]Man kann direct auf unserer Web Seite, per Email oder per Telefon buchen.[\/vc_column_text]\t<\/div>\n<\/div><h3 class=\"qodef-accordion-title\">\n\t<span class=\"qodef-tab-title\">Wie kann man eine Reservierung best\u00e4tigen?<\/span>\n    <span class=\"qodef-accordion-mark\">\n        <span class=\"qodef_icon_plus icon_plus\"><\/span>\n        <span class=\"qodef_icon_minus icon_minus-06\"><\/span>\n    <\/span>\n<\/h3>\n<div class=\"qodef-accordion-content\">\n\t<div class=\"qodef-accordion-content-inner\">\n\t\t[vc_column_text]Um die Reservierung best\u00e4tigen zu k\u00f6nnen, bitten wir um eine Anzahlung. Mehrer Ausk\u00fcnte findet man auf dem Reservierungsbreif.[\/vc_column_text]\t<\/div>\n<\/div><h3 class=\"qodef-accordion-title\">\n\t<span class=\"qodef-tab-title\">Ist es m\u00f6glich, die Nummer der Unterkunft\/Stellplatz zuvor zu w\u00e4hlen?<\/span>\n    <span class=\"qodef-accordion-mark\">\n        <span class=\"qodef_icon_plus icon_plus\"><\/span>\n        <span class=\"qodef_icon_minus icon_minus-06\"><\/span>\n    <\/span>\n<\/h3>\n<div class=\"qodef-accordion-content\">\n\t<div class=\"qodef-accordion-content-inner\">\n\t\t[vc_column_text]Unser Reservierungsb\u00fcro wird Ihre W\u00fcnsche ber\u00fccksichtigen und wo m\u00f6glich zufriedenstellen. Es ist jedoch nicht m\u00f6glich, mit absoluter Sicherheit die Zuweisung der gew\u00fcnschten Einheit zu gew\u00e4hrleisten. Die Nummer der Unterkunft\/Stellplatz wird erst bei Ankunft in der Ferienanlage mitgeteilt.[\/vc_column_text]\t<\/div>\n<\/div><h3 class=\"qodef-accordion-title\">\n\t<span class=\"qodef-tab-title\">Wann muss man die Begleichung der Rechnung vornehmen?<\/span>\n    <span class=\"qodef-accordion-mark\">\n        <span class=\"qodef_icon_plus icon_plus\"><\/span>\n        <span class=\"qodef_icon_minus icon_minus-06\"><\/span>\n    <\/span>\n<\/h3>\n<div class=\"qodef-accordion-content\">\n\t<div class=\"qodef-accordion-content-inner\">\n\t\t[vc_column_text]Die Bezahlung des Aufenthalts muss man im Voraus oder an der Campingplatz Kasse am Anreisetag vornehmen.[\/vc_column_text]\t<\/div>\n<\/div><h3 class=\"qodef-accordion-title\">\n\t<span class=\"qodef-tab-title\">Welche Zahlungsarten sind im Kassenb\u00fcro m\u00f6glich?<\/span>\n    <span class=\"qodef-accordion-mark\">\n        <span class=\"qodef_icon_plus icon_plus\"><\/span>\n        <span class=\"qodef_icon_minus icon_minus-06\"><\/span>\n    <\/span>\n<\/h3>\n<div class=\"qodef-accordion-content\">\n\t<div class=\"qodef-accordion-content-inner\">\n\t\t[vc_column_text]Im Kassenb\u00fcro sind Barzahlungen und\/oder mit Kreditkarte (Visa, Mastercard und Maestro) m\u00f6glich. Es werden keine Schecks angenommen.[\/vc_column_text]\t<\/div>\n<\/div><\/div>\t\t<\/div>\n\t<\/div>\n<\/div><\/div><div class=\"qodef-elements-holder   qodef-one-column  qodef-responsive-mode-768 \" ><div class=\"qodef-eh-item    \"  data-item-class=\"qodef-eh-custom-3877\">\n\t<div class=\"qodef-eh-item-inner\">\n\t\t<div class=\"qodef-eh-item-content qodef-eh-custom-3877\" style=\"padding: 25px 0 25px 0\">\n\t\t\t<div class=\"qodef-section-title-holder  qodef-st-standard qodef-st-title-left qodef-st-normal-space \" >\n\t<div class=\"qodef-st-inner\">\n\t\t\t\t\t<h3 class=\"qodef-st-title\" >\n\t\t\t\tUNTERK\u00dcNFTE\t\t\t<\/h3>\n\t\t\t\t    \t<\/div>\n<\/div><div class=\"qodef-accordion-holder qodef-ac-default  qodef-accordion qodef-ac-simple  clearfix\">\n\t<h3 class=\"qodef-accordion-title\">\n\t<span class=\"qodef-tab-title\">Ab wann ist es m\u00f6glich die Untekunft zu belegen?<\/span>\n    <span class=\"qodef-accordion-mark\">\n        <span class=\"qodef_icon_plus icon_plus\"><\/span>\n        <span class=\"qodef_icon_minus icon_minus-06\"><\/span>\n    <\/span>\n<\/h3>\n<div class=\"qodef-accordion-content\">\n\t<div class=\"qodef-accordion-content-inner\">\n\t\t[vc_column_text]Unsere Unterk\u00fcnfte stehen ab 17.00 Uhr zur Verf\u00fcgung. Wenn Sie fr\u00fcher anreisen sollten, kann es m\u00f6glich sein, dass die Unterkunft noch nicht zur Verf\u00fcgung steht. In diesem Fall k\u00f6nnen Sie bis zur Schl\u00fcssel\u00fcbergabe alle Serviceleistungen des Campingplatzes nutzen.[\/vc_column_text]\t<\/div>\n<\/div><h3 class=\"qodef-accordion-title\">\n\t<span class=\"qodef-tab-title\">Um wieviel Uhr muss man die Unterkunft am Abreisetag verlassen?<\/span>\n    <span class=\"qodef-accordion-mark\">\n        <span class=\"qodef_icon_plus icon_plus\"><\/span>\n        <span class=\"qodef_icon_minus icon_minus-06\"><\/span>\n    <\/span>\n<\/h3>\n<div class=\"qodef-accordion-content\">\n\t<div class=\"qodef-accordion-content-inner\">\n\t\t[vc_column_text]Die Unterkunft muss am Abreisetag bis 10.00 Uhr verlassen werden. Nach dieser Uhrzeit erfolgende Abreisen f\u00fchren zur Berechnung eines weiteren Aufenthaltstages in der Ferienanlage.[\/vc_column_text]\t<\/div>\n<\/div><h3 class=\"qodef-accordion-title\">\n\t<span class=\"qodef-tab-title\">Was ist im Preis der Unterkunft inbegriffen?<\/span>\n    <span class=\"qodef-accordion-mark\">\n        <span class=\"qodef_icon_plus icon_plus\"><\/span>\n        <span class=\"qodef_icon_minus icon_minus-06\"><\/span>\n    <\/span>\n<\/h3>\n<div class=\"qodef-accordion-content\">\n\t<div class=\"qodef-accordion-content-inner\">\n\t\t[vc_column_text]Strom, Wasser und Gasverbrauch, Endereiningung, Bettw\u00e4sche und Klimaanlage.[\/vc_column_text]\t<\/div>\n<\/div><h3 class=\"qodef-accordion-title\">\n\t<span class=\"qodef-tab-title\">Ist es m\u00f6glich Handt\u00fccher zu mieten?<\/span>\n    <span class=\"qodef-accordion-mark\">\n        <span class=\"qodef_icon_plus icon_plus\"><\/span>\n        <span class=\"qodef_icon_minus icon_minus-06\"><\/span>\n    <\/span>\n<\/h3>\n<div class=\"qodef-accordion-content\">\n\t<div class=\"qodef-accordion-content-inner\">\n\t\t[vc_column_text]Ja, ist es m\u00f6glich Handt\u00fccher zu mieten. Die Preise findet man in der Preisliste.[\/vc_column_text]\t<\/div>\n<\/div><h3 class=\"qodef-accordion-title\">\n\t<span class=\"qodef-tab-title\">Kann man einen Zelt in der N\u00e4he der Unterkunft stellen?<\/span>\n    <span class=\"qodef-accordion-mark\">\n        <span class=\"qodef_icon_plus icon_plus\"><\/span>\n        <span class=\"qodef_icon_minus icon_minus-06\"><\/span>\n    <\/span>\n<\/h3>\n<div class=\"qodef-accordion-content\">\n\t<div class=\"qodef-accordion-content-inner\">\n\t\t[vc_column_text]Nein. Es ist nicht erlaubt Zelte in der N\u00e4he der Unterkunft zu stellen.[\/vc_column_text]\t<\/div>\n<\/div><h3 class=\"qodef-accordion-title\">\n\t<span class=\"qodef-tab-title\">Sind Tiere erlaubt?<\/span>\n    <span class=\"qodef-accordion-mark\">\n        <span class=\"qodef_icon_plus icon_plus\"><\/span>\n        <span class=\"qodef_icon_minus icon_minus-06\"><\/span>\n    <\/span>\n<\/h3>\n<div class=\"qodef-accordion-content\">\n\t<div class=\"qodef-accordion-content-inner\">\n\t\t[vc_column_text]Tiere sind nur im \u201cPet Village\u201d Bereich erlaubt.[\/vc_column_text]\t<\/div>\n<\/div><h3 class=\"qodef-accordion-title\">\n\t<span class=\"qodef-tab-title\">Kann man Hochstuhl, Kinderbett und Bettrand verleihen?<\/span>\n    <span class=\"qodef-accordion-mark\">\n        <span class=\"qodef_icon_plus icon_plus\"><\/span>\n        <span class=\"qodef_icon_minus icon_minus-06\"><\/span>\n    <\/span>\n<\/h3>\n<div class=\"qodef-accordion-content\">\n\t<div class=\"qodef-accordion-content-inner\">\n\t\t[vc_column_text]Entsprechend Verf\u00fcgbarkeit kann man buchen: Hochstuhl, Kinderbett (Die K\u00fcsse und die Bettw\u00e4sche werden nicht ausgestattet) und Bettrand.[\/vc_column_text]\t<\/div>\n<\/div><\/div>\t\t<\/div>\n\t<\/div>\n<\/div><\/div><div class=\"qodef-elements-holder   qodef-one-column  qodef-responsive-mode-768 \" ><div class=\"qodef-eh-item    \"  data-item-class=\"qodef-eh-custom-4395\">\n\t<div class=\"qodef-eh-item-inner\">\n\t\t<div class=\"qodef-eh-item-content qodef-eh-custom-4395\" style=\"padding: 25px 0 25px 0\">\n\t\t\t<div class=\"qodef-section-title-holder  qodef-st-standard qodef-st-title-left qodef-st-normal-space \" >\n\t<div class=\"qodef-st-inner\">\n\t\t\t\t\t<h3 class=\"qodef-st-title\" >\n\t\t\t\tSTELLPL\u00c4TZE\t\t\t<\/h3>\n\t\t\t\t    \t<\/div>\n<\/div><div class=\"qodef-accordion-holder qodef-ac-default  qodef-accordion qodef-ac-simple  clearfix\">\n\t<h3 class=\"qodef-accordion-title\">\n\t<span class=\"qodef-tab-title\">Ab wann ist es m\u00f6glich den Stellplatz zu belegen?<\/span>\n    <span class=\"qodef-accordion-mark\">\n        <span class=\"qodef_icon_plus icon_plus\"><\/span>\n        <span class=\"qodef_icon_minus icon_minus-06\"><\/span>\n    <\/span>\n<\/h3>\n<div class=\"qodef-accordion-content\">\n\t<div class=\"qodef-accordion-content-inner\">\n\t\t[vc_column_text]Unsere Stellpl\u00e4tze stehen ab 15.00 Uhr zur Verf\u00fcgung.[\/vc_column_text]\t<\/div>\n<\/div><h3 class=\"qodef-accordion-title\">\n\t<span class=\"qodef-tab-title\">Um wieviel Uhr muss man den Stellplatz am Abreisetag verlassen?<\/span>\n    <span class=\"qodef-accordion-mark\">\n        <span class=\"qodef_icon_plus icon_plus\"><\/span>\n        <span class=\"qodef_icon_minus icon_minus-06\"><\/span>\n    <\/span>\n<\/h3>\n<div class=\"qodef-accordion-content\">\n\t<div class=\"qodef-accordion-content-inner\">\n\t\t[vc_column_text]Der Stellplatz muss am Abreisetag bis 12.00 Uhr verlassen werden. Nach dieser Uhrzeit erfolgende Abreisen f\u00fchren zur Berechnung eines weiteren Aufenthaltstages in der Ferienanlage.[\/vc_column_text]\t<\/div>\n<\/div><h3 class=\"qodef-accordion-title\">\n\t<span class=\"qodef-tab-title\">Was ist im Preis des Stellplatzes inbegriffen?<\/span>\n    <span class=\"qodef-accordion-mark\">\n        <span class=\"qodef_icon_plus icon_plus\"><\/span>\n        <span class=\"qodef_icon_minus icon_minus-06\"><\/span>\n    <\/span>\n<\/h3>\n<div class=\"qodef-accordion-content\">\n\t<div class=\"qodef-accordion-content-inner\">\n\t\t[vc_column_text]Strom, Duschen mit Warmwasser, WC-Kimik, Camper Service sind im Preis inbegriffen.[\/vc_column_text]\t<\/div>\n<\/div><h3 class=\"qodef-accordion-title\">\n\t<span class=\"qodef-tab-title\">Kann Ich meinen Hund mitbringen?<\/span>\n    <span class=\"qodef-accordion-mark\">\n        <span class=\"qodef_icon_plus icon_plus\"><\/span>\n        <span class=\"qodef_icon_minus icon_minus-06\"><\/span>\n    <\/span>\n<\/h3>\n<div class=\"qodef-accordion-content\">\n\t<div class=\"qodef-accordion-content-inner\">\n\t\t[vc_column_text]Haustiere sind nur in den Mobilheimen <strong><a href=\"\/de\/habitat-open-air\/mobile-home-love-my-pet-garden-patio\/\">LOVE MY PET GARDEN PATIO<\/a><\/strong> erlaubt. Haustiere sind auf dem Stellplatz oder ausserhalb des PET VILLAGE Bereichs nicht erlaubt.[\/vc_column_text]\t<\/div>\n<\/div><\/div>\t\t<\/div>\n\t<\/div>\n<\/div><\/div><div class=\"qodef-elements-holder   qodef-one-column  qodef-responsive-mode-768 \" ><div class=\"qodef-eh-item    \"  data-item-class=\"qodef-eh-custom-8871\">\n\t<div class=\"qodef-eh-item-inner\">\n\t\t<div class=\"qodef-eh-item-content qodef-eh-custom-8871\" style=\"padding: 25px 0 25px 0\">\n\t\t\t<div class=\"qodef-section-title-holder  qodef-st-standard qodef-st-title-left qodef-st-normal-space \" >\n\t<div class=\"qodef-st-inner\">\n\t\t\t\t\t<h3 class=\"qodef-st-title\" >\n\t\t\t\tSCHWIMMB\u00c4DER\t\t\t<\/h3>\n\t\t\t\t    \t<\/div>\n<\/div><div class=\"qodef-accordion-holder qodef-ac-default  qodef-accordion qodef-ac-simple  clearfix\">\n\t<h3 class=\"qodef-accordion-title\">\n\t<span class=\"qodef-tab-title\">Wie lauten die \u00d6ffnungszeiten der Schwimmb\u00e4der?<\/span>\n    <span class=\"qodef-accordion-mark\">\n        <span class=\"qodef_icon_plus icon_plus\"><\/span>\n        <span class=\"qodef_icon_minus icon_minus-06\"><\/span>\n    <\/span>\n<\/h3>\n<div class=\"qodef-accordion-content\">\n\t<div class=\"qodef-accordion-content-inner\">\n\t\t[vc_column_text]Die Schwimmb\u00e4der sind durchgehend von 10.00 bis 19.00 Uhr (im Hochsaison) und von 10.00 bis 18.00 Uhr (im Nebensaison) ge\u00f6ffnet.[\/vc_column_text]\t<\/div>\n<\/div><h3 class=\"qodef-accordion-title\">\n\t<span class=\"qodef-tab-title\">Ist der Eintritt zu den Schwimmb\u00e4dern im Preis des Aufenthalts enthalten?<\/span>\n    <span class=\"qodef-accordion-mark\">\n        <span class=\"qodef_icon_plus icon_plus\"><\/span>\n        <span class=\"qodef_icon_minus icon_minus-06\"><\/span>\n    <\/span>\n<\/h3>\n<div class=\"qodef-accordion-content\">\n\t<div class=\"qodef-accordion-content-inner\">\n\t\t[vc_column_text]Ja, der Preis der Ferienanlage schlie\u00dft auch den Zugang zu den Schwimmb\u00e4dern ein.[\/vc_column_text]\t<\/div>\n<\/div><h3 class=\"qodef-accordion-title\">\n\t<span class=\"qodef-tab-title\">Sind die Schwimmb\u00e4der geheizt?<\/span>\n    <span class=\"qodef-accordion-mark\">\n        <span class=\"qodef_icon_plus icon_plus\"><\/span>\n        <span class=\"qodef_icon_minus icon_minus-06\"><\/span>\n    <\/span>\n<\/h3>\n<div class=\"qodef-accordion-content\">\n\t<div class=\"qodef-accordion-content-inner\">\n\t\t[vc_column_text]Nein, die Schwimmb\u00e4der sind nicht geheizt.[\/vc_column_text]\t<\/div>\n<\/div><h3 class=\"qodef-accordion-title\">\n\t<span class=\"qodef-tab-title\">Wann sind die Schwimmb\u00e4der ge\u00f6ffnet?<\/span>\n    <span class=\"qodef-accordion-mark\">\n        <span class=\"qodef_icon_plus icon_plus\"><\/span>\n        <span class=\"qodef_icon_minus icon_minus-06\"><\/span>\n    <\/span>\n<\/h3>\n<div class=\"qodef-accordion-content\">\n\t<div class=\"qodef-accordion-content-inner\">\n\t\t[vc_column_text]Die Schwimmb\u00e4der sind von Beginn an bis zum Ende der Saison der Ferienanlage ge\u00f6ffnet.[\/vc_column_text]\t<\/div>\n<\/div><h3 class=\"qodef-accordion-title\">\n\t<span class=\"qodef-tab-title\">Ist es obligatorisch, die badekappe im schwimmbad zu tragen?<\/span>\n    <span class=\"qodef-accordion-mark\">\n        <span class=\"qodef_icon_plus icon_plus\"><\/span>\n        <span class=\"qodef_icon_minus icon_minus-06\"><\/span>\n    <\/span>\n<\/h3>\n<div class=\"qodef-accordion-content\">\n\t<div class=\"qodef-accordion-content-inner\">\n\t\t[vc_column_text]Nein.[\/vc_column_text]\t<\/div>\n<\/div><\/div>\t\t<\/div>\n\t<\/div>\n<\/div><\/div><div class=\"qodef-elements-holder   qodef-one-column  qodef-responsive-mode-768 \" ><div class=\"qodef-eh-item    \"  data-item-class=\"qodef-eh-custom-7492\">\n\t<div class=\"qodef-eh-item-inner\">\n\t\t<div class=\"qodef-eh-item-content qodef-eh-custom-7492\" style=\"padding: 25px 0 25px 0\">\n\t\t\t<div class=\"qodef-section-title-holder  qodef-st-standard qodef-st-title-left qodef-st-normal-space \" >\n\t<div class=\"qodef-st-inner\">\n\t\t\t\t\t<h3 class=\"qodef-st-title\" >\n\t\t\t\tSTRAND\t\t\t<\/h3>\n\t\t\t\t    \t<\/div>\n<\/div><div class=\"qodef-accordion-holder qodef-ac-default  qodef-accordion qodef-ac-simple  clearfix\">\n\t<h3 class=\"qodef-accordion-title\">\n\t<span class=\"qodef-tab-title\">Ist der Campingplatz direkt am Meer?<\/span>\n    <span class=\"qodef-accordion-mark\">\n        <span class=\"qodef_icon_plus icon_plus\"><\/span>\n        <span class=\"qodef_icon_minus icon_minus-06\"><\/span>\n    <\/span>\n<\/h3>\n<div class=\"qodef-accordion-content\">\n\t<div class=\"qodef-accordion-content-inner\">\n\t\t[vc_column_text]Ja, ist\u00a0 Camping Waikiki direkt am Meer.[\/vc_column_text]\t<\/div>\n<\/div><h3 class=\"qodef-accordion-title\">\n\t<span class=\"qodef-tab-title\">Ist der Strand frei oder gegen Bezahlung?<\/span>\n    <span class=\"qodef-accordion-mark\">\n        <span class=\"qodef_icon_plus icon_plus\"><\/span>\n        <span class=\"qodef_icon_minus icon_minus-06\"><\/span>\n    <\/span>\n<\/h3>\n<div class=\"qodef-accordion-content\">\n\t<div class=\"qodef-accordion-content-inner\">\n\t\t[vc_column_text]Die Vermietung der Sonnenliegen-und-schirme ist gegen Bezahlung. Aber ist der Strand auch frei und nicht ausger\u00fcstet. Jeder kann w\u00e4hlen, wo den Sonnenschirm aufstellen oder den Liegestuhl legen.[\/vc_column_text]\t<\/div>\n<\/div><h3 class=\"qodef-accordion-title\">\n\t<span class=\"qodef-tab-title\">Ist der Strand bewacht?<\/span>\n    <span class=\"qodef-accordion-mark\">\n        <span class=\"qodef_icon_plus icon_plus\"><\/span>\n        <span class=\"qodef_icon_minus icon_minus-06\"><\/span>\n    <\/span>\n<\/h3>\n<div class=\"qodef-accordion-content\">\n\t<div class=\"qodef-accordion-content-inner\">\n\t\t[vc_column_text]Der Strand wird vom Bademeister beaufsichtigt.[\/vc_column_text]\t<\/div>\n<\/div><\/div>\t\t<\/div>\n\t<\/div>\n<\/div><\/div><div class=\"qodef-elements-holder   qodef-one-column  qodef-responsive-mode-768 \" ><div class=\"qodef-eh-item    \"  data-item-class=\"qodef-eh-custom-4043\">\n\t<div class=\"qodef-eh-item-inner\">\n\t\t<div class=\"qodef-eh-item-content qodef-eh-custom-4043\" style=\"padding: 25px 0 25px 0\">\n\t\t\t<div class=\"qodef-section-title-holder  qodef-st-standard qodef-st-title-left qodef-st-normal-space \" >\n\t<div class=\"qodef-st-inner\">\n\t\t\t\t\t<h3 class=\"qodef-st-title\" >\n\t\t\t\tANIMATION\t\t\t<\/h3>\n\t\t\t\t    \t<\/div>\n<\/div><div class=\"qodef-accordion-holder qodef-ac-default  qodef-accordion qodef-ac-simple  clearfix\">\n\t<h3 class=\"qodef-accordion-title\">\n\t<span class=\"qodef-tab-title\">Sind die Aktivit\u00e4ten des Animationsteams geb\u00fchrenpflichtig?<\/span>\n    <span class=\"qodef-accordion-mark\">\n        <span class=\"qodef_icon_plus icon_plus\"><\/span>\n        <span class=\"qodef_icon_minus icon_minus-06\"><\/span>\n    <\/span>\n<\/h3>\n<div class=\"qodef-accordion-content\">\n\t<div class=\"qodef-accordion-content-inner\">\n\t\t[vc_column_text]Nein, die gemeinsamen t\u00e4glichen Animationsprogramme sind kostenlos.[\/vc_column_text]\t<\/div>\n<\/div><h3 class=\"qodef-accordion-title\">\n\t<span class=\"qodef-tab-title\">Welche Aktivit\u00e4ten werden durch das Animationsteam organisiert?<\/span>\n    <span class=\"qodef-accordion-mark\">\n        <span class=\"qodef_icon_plus icon_plus\"><\/span>\n        <span class=\"qodef_icon_minus icon_minus-06\"><\/span>\n    <\/span>\n<\/h3>\n<div class=\"qodef-accordion-content\">\n\t<div class=\"qodef-accordion-content-inner\">\n\t\t[vc_column_text]Das Animationsteam organisiert t\u00e4glich den Miniclub f\u00fcr Kinder und Juniorclub, Sportaktivit\u00e4ten (Fu\u00dfball, Paddelboot, Fitness, Ping-pong), Abendshow und Kinderdisco. F\u00fcr weitere Informationen bitten wir Sie, die der Unterhaltung gewidmete Seite zu besuchen.[\/vc_column_text]\t<\/div>\n<\/div><h3 class=\"qodef-accordion-title\">\n\t<span class=\"qodef-tab-title\">Wann beginnen die T\u00e4tigkeiten des Unterhaltungsteams?<\/span>\n    <span class=\"qodef-accordion-mark\">\n        <span class=\"qodef_icon_plus icon_plus\"><\/span>\n        <span class=\"qodef_icon_minus icon_minus-06\"><\/span>\n    <\/span>\n<\/h3>\n<div class=\"qodef-accordion-content\">\n\t<div class=\"qodef-accordion-content-inner\">\n\t\t[vc_column_text]Unser Animationsteam ist von Ende Mai bis Mitte September t\u00e4tig.[\/vc_column_text]\t<\/div>\n<\/div><\/div>\t\t<\/div>\n\t<\/div>\n<\/div><\/div><div class=\"qodef-elements-holder   qodef-one-column  qodef-responsive-mode-768 \" ><div class=\"qodef-eh-item    \"  data-item-class=\"qodef-eh-custom-6340\">\n\t<div class=\"qodef-eh-item-inner\">\n\t\t<div class=\"qodef-eh-item-content qodef-eh-custom-6340\" style=\"padding: 25px 0 25px 0\">\n\t\t\t<div class=\"qodef-section-title-holder  qodef-st-standard qodef-st-title-left qodef-st-normal-space \" >\n\t<div class=\"qodef-st-inner\">\n\t\t\t\t\t<h3 class=\"qodef-st-title\" >\n\t\t\t\tSERVICE\t\t\t<\/h3>\n\t\t\t\t    \t<\/div>\n<\/div><div class=\"qodef-accordion-holder qodef-ac-default  qodef-accordion qodef-ac-simple  clearfix\">\n\t<h3 class=\"qodef-accordion-title\">\n\t<span class=\"qodef-tab-title\">Gibt es einen Supermarkt auf dem Camping Waikiki?<\/span>\n    <span class=\"qodef-accordion-mark\">\n        <span class=\"qodef_icon_plus icon_plus\"><\/span>\n        <span class=\"qodef_icon_minus icon_minus-06\"><\/span>\n    <\/span>\n<\/h3>\n<div class=\"qodef-accordion-content\">\n\t<div class=\"qodef-accordion-content-inner\">\n\t\t[vc_column_text]Ja, gibt es einen Supermarkt und ist der von Beginn an bis zum Ende der Saison der Ferienanlage ge\u00f6ffnet.[\/vc_column_text]\t<\/div>\n<\/div><h3 class=\"qodef-accordion-title\">\n\t<span class=\"qodef-tab-title\">Gibt es ein Restaurant auf dem Camping Waikiki?<\/span>\n    <span class=\"qodef-accordion-mark\">\n        <span class=\"qodef_icon_plus icon_plus\"><\/span>\n        <span class=\"qodef_icon_minus icon_minus-06\"><\/span>\n    <\/span>\n<\/h3>\n<div class=\"qodef-accordion-content\">\n\t<div class=\"qodef-accordion-content-inner\">\n\t\t[vc_column_text]Ja, gibt es ein Restaurant\/Pizzeria und ist es von Beginn an bis zum Ende der Saison der Ferienanlage ge\u00f6ffnet.[\/vc_column_text]\t<\/div>\n<\/div><h3 class=\"qodef-accordion-title\">\n\t<span class=\"qodef-tab-title\">Gibt es ein Baazar\/Tabakwarengesch\u00e4ft\/Zeitungsstand auf dem Camping Waikiki?<\/span>\n    <span class=\"qodef-accordion-mark\">\n        <span class=\"qodef_icon_plus icon_plus\"><\/span>\n        <span class=\"qodef_icon_minus icon_minus-06\"><\/span>\n    <\/span>\n<\/h3>\n<div class=\"qodef-accordion-content\">\n\t<div class=\"qodef-accordion-content-inner\">\n\t\t[vc_column_text]Ja, gibt es und ist es von Beginn an bis zum Ende der Saison der Ferienanlage ge\u00f6ffnet.[\/vc_column_text]\t<\/div>\n<\/div><h3 class=\"qodef-accordion-title\">\n\t<span class=\"qodef-tab-title\">Gibt es eine W\u00e4scherei auf dem Camping Waikiki?<\/span>\n    <span class=\"qodef-accordion-mark\">\n        <span class=\"qodef_icon_plus icon_plus\"><\/span>\n        <span class=\"qodef_icon_minus icon_minus-06\"><\/span>\n    <\/span>\n<\/h3>\n<div class=\"qodef-accordion-content\">\n\t<div class=\"qodef-accordion-content-inner\">\n\t\t[vc_column_text]Ja. Die W\u00e4scherei verf\u00fcgt \u00fcber die Waschmaschinen und einen Trockner, die per M\u00fcnzautomaten funktionieren.[\/vc_column_text]\t<\/div>\n<\/div><h3 class=\"qodef-accordion-title\">\n\t<span class=\"qodef-tab-title\">Gibt es einen Arzt auf dem Camping Waikiki?<\/span>\n    <span class=\"qodef-accordion-mark\">\n        <span class=\"qodef_icon_plus icon_plus\"><\/span>\n        <span class=\"qodef_icon_minus icon_minus-06\"><\/span>\n    <\/span>\n<\/h3>\n<div class=\"qodef-accordion-content\">\n\t<div class=\"qodef-accordion-content-inner\">\n\t\t[vc_column_text]NEIN. Die Rezeption wird sich darum k\u00fcmmern, einen Termin f\u00fcr Sie beim Arzt auszumachen.[\/vc_column_text]\t<\/div>\n<\/div><h3 class=\"qodef-accordion-title\">\n\t<span class=\"qodef-tab-title\">K\u00f6nnen Fahrr\u00e4der gemietet werden?<\/span>\n    <span class=\"qodef-accordion-mark\">\n        <span class=\"qodef_icon_plus icon_plus\"><\/span>\n        <span class=\"qodef_icon_minus icon_minus-06\"><\/span>\n    <\/span>\n<\/h3>\n<div class=\"qodef-accordion-content\">\n\t<div class=\"qodef-accordion-content-inner\">\n\t\t[vc_column_text]Ja, es k\u00f6nnen Fahrr\u00e4der gemietet werden.[\/vc_column_text]\t<\/div>\n<\/div><h3 class=\"qodef-accordion-title\">\n\t<span class=\"qodef-tab-title\">Gibt es das WIFI Nezt auf dem Campingplatz?<\/span>\n    <span class=\"qodef-accordion-mark\">\n        <span class=\"qodef_icon_plus icon_plus\"><\/span>\n        <span class=\"qodef_icon_minus icon_minus-06\"><\/span>\n    <\/span>\n<\/h3>\n<div class=\"qodef-accordion-content\">\n\t<div class=\"qodef-accordion-content-inner\">\n\t\t[vc_column_text]Ja, und es ist kostenlos.[\/vc_column_text]\t<\/div>\n<\/div><h3 class=\"qodef-accordion-title\">\n\t<span class=\"qodef-tab-title\">Gibt es ein Geldautomat auf dem Campingplatz?<\/span>\n    <span class=\"qodef-accordion-mark\">\n        <span class=\"qodef_icon_plus icon_plus\"><\/span>\n        <span class=\"qodef_icon_minus icon_minus-06\"><\/span>\n    <\/span>\n<\/h3>\n<div class=\"qodef-accordion-content\">\n\t<div class=\"qodef-accordion-content-inner\">\n\t\t[vc_column_text]Ja, gibt es ein Geldautomat an der Reception.[\/vc_column_text]\t<\/div>\n<\/div><\/div>\t\t<\/div>\n\t<\/div>\n<\/div><\/div>[\/vc_column][\/vc_row]<\/p>\n<\/div>","protected":false},"excerpt":{"rendered":"<p>[vc_row][vc_column][\/vc_column][\/vc_row]<\/p>\n","protected":false},"author":1,"featured_media":0,"parent":0,"menu_order":0,"comment_status":"closed","ping_status":"closed","template":"","meta":{"footnotes":""},"class_list":["post-7018","page","type-page","status-publish","hentry"],"aioseo_notices":[],"_links":{"self":[{"href":"https:\/\/campingwaikiki.com\/de\/wp-json\/wp\/v2\/pages\/7018","targetHints":{"allow":["GET"]}}],"collection":[{"href":"https:\/\/campingwaikiki.com\/de\/wp-json\/wp\/v2\/pages"}],"about":[{"href":"https:\/\/campingwaikiki.com\/de\/wp-json\/wp\/v2\/types\/page"}],"author":[{"embeddable":true,"href":"https:\/\/campingwaikiki.com\/de\/wp-json\/wp\/v2\/users\/1"}],"replies":[{"embeddable":true,"href":"https:\/\/campingwaikiki.com\/de\/wp-json\/wp\/v2\/comments?post=7018"}],"version-history":[{"count":12,"href":"https:\/\/campingwaikiki.com\/de\/wp-json\/wp\/v2\/pages\/7018\/revisions"}],"predecessor-version":[{"id":10491,"href":"https:\/\/campingwaikiki.com\/de\/wp-json\/wp\/v2\/pages\/7018\/revisions\/10491"}],"wp:attachment":[{"href":"https:\/\/campingwaikiki.com\/de\/wp-json\/wp\/v2\/media?parent=7018"}],"curies":[{"name":"wp","href":"https:\/\/api.w.org\/{rel}","templated":true}]}}