{"id":7060,"date":"2021-03-24T13:22:00","date_gmt":"2021-03-24T12:22:00","guid":{"rendered":"https:\/\/waikiki.egiweb.it\/condizioni-di-prenotazione\/"},"modified":"2024-11-18T14:58:18","modified_gmt":"2024-11-18T13:58:18","slug":"allgemeine-bedingungen","status":"publish","type":"page","link":"https:\/\/campingwaikiki.com\/de\/allgemeine-bedingungen\/","title":{"rendered":"Allgemeine Bedingungen"},"content":{"rendered":"<div class=\"wpb-content-wrapper\"><p>[vc_row][vc_column][vc_column_text]<mark>AUFNAHME UND ABFAHRTEN<\/mark><\/p>\n<p><strong>WOHNEINHEITEN:<\/strong><br \/>\nCheck-in: ab 17.00Uhr<br \/>\nCheck-out: bis 10.00Uhr<br \/>\nDie Mindestaufenthaltsdauer variiert je nach Saison und gew\u00e4hlter Unterkunftsart. Der Tagespreis, der auch einen Parkplatz f\u00fcr ein Auto umfasst, setzt sich aus dem Preis f\u00fcr die Wohneinheit und dem Preis f\u00fcr die Personen entsprechend der Anzahl der G\u00e4ste zusammen. Die Kurtaxe ist nicht im Preis inbegriffen. F\u00fcr jeden zus\u00e4tzlichen Gast betr\u00e4gt die Mindestaufenthaltsdauer mindestens 3 aufeinanderfolgende N\u00e4chte.<br \/>\nDie Schl\u00fcssel\u00fcbergabe der Wohneinheit ist ab 17:00 Uhr garantiert. Wir empfehlen, Ihre Anreise entsprechend dieser Uhrzeit zu planen. Der Check-out, einschlie\u00dflich der Schl\u00fcsselr\u00fcckgabe an der Rezeption und der Abreise (Personen + Auto) aus dem Feriendorf, muss bis sp\u00e4testens 10:00 Uhr am Abreisetag erfolgen.<\/p>\n<p><strong>CAMPING:<\/strong><br \/>\nCheck-in: ab 15.00 Uhr<br \/>\nCheck-out: bis 12.00 Uhr<br \/>\nF\u00fcr eine Buchung ist ein Mindestaufenthalt von 7 N\u00e4chten erforderlich (Ausnahmen sind nur in der Nebensaison m\u00f6glich). Der Tagespreis setzt sich aus dem Preis f\u00fcr die Stellplatzmiete, die auch einen Parkplatz f\u00fcr ein Auto umfasst (Wohnmobile haben keinen Anspruch auf einen Stellplatz f\u00fcr ein Auto), und der Geb\u00fchr f\u00fcr die Personen entsprechend der Anzahl der G\u00e4ste zusammen. F\u00fcr jeden zus\u00e4tzlichen Gast betr\u00e4gt die Mindestaufenthaltsdauer mindestens 3 aufeinanderfolgende N\u00e4chte.<br \/>\nDie Kurtaxe ist nicht im Preis inbegriffen. Bei unbewohnten Stellpl\u00e4tzen wird der aktuelle Listenpreis (Stellplatz + zwei Erwachsene) berechnet. Pro Stellplatz sind maximal 6 Personen (Erwachsene oder Kinder) erlaubt. Der Stellplatz muss bis sp\u00e4testens 12:00 Uhr am Abreisetag ger\u00e4umt werden.<\/p>\n<p>&nbsp;<\/p>\n<p><mark>BUCHUNGSBEDINGUNGEN<\/mark><br \/>\nBuchungen werden erst nach Zahlung einer Anzahlung und der anschlie\u00dfenden Ausstellung einer schriftlichen Buchungsbest\u00e4tigung verbindlich. Mit der Reservierung, versichert Camping Waikiki nur die Art der Unterkuenft, aber nicht eine bestimmten Nummer.<br \/>\nCamping Waikiki beh\u00e4lt sich das Recht vor, die zugesagte Nummer der Unterkunft oder des Stellplatzes auch nachtr\u00e4glich noch \u00e4ndern zu k\u00f6nnen, falls dies aus buchungstechnischen Gr\u00fcnden erforderlich werden sollte, auch nach Erhalt der Kaution und Absendung der Buchungsbest\u00e4tigung.<br \/>\nVormerkungen oder endg\u00fcltige Best\u00e4tigungen sind nur mit demEinverst\u00e4ndnis des Camping Waikiki \u00fcbertragbar.\u00c4nderung einer Vormerkung des reservierten Zeitraumes, f\u00fchrt zu derenAnnullierung und wird bis 30 Tage vor der Ankunft akzeptiert. Kanndem Wunsch auf \u00c4nderung entsprochen werden, so wird eine neueReservierung vorgenommen.<\/p>\n<p>&nbsp;<\/p>\n<p><mark>BEZAHLUNG<\/mark><br \/>\nDer Betrag des Aufenthaltes muss im Voraus oder am Ankunktstag bezahlt werden. Mankann mit Bargeld (entsprechend der gesetzlichen Bestimmungen)oder den Kreditkarten (MasterCard, Maestro und VISA) bezahlen. Die Abrechnung erfolgt, unabh\u00e4ngig von der Ankunftszeit, nach der Anzahl der \u00dcbernachtungen.<br \/>\nAus steuerlichen Gr\u00fcnden muss der Gast am Abreisetag stets seinen Aufenthalt begleichen, da die Rechnung nicht auf G\u00e4ste ausgestellt werden kann, die l\u00e4nger bleiben.<br \/>\nWird eine Unterkunft oder ein reservierter Stellplatz versp\u00e4tet bezogen oder wird der Aufenthalt, aus welchem Grund auch immer vorzeitig beendet, muss in jedem Fall der gesamte Zeitraum der Reservierung bezahlt werden:<br \/>\n<strong>A)<\/strong> f\u00fcr die buchbaren Stellpl\u00e4tze werden die Preise laut Preisliste verrechnet(Stellplatz + 2 Erwachsene)<br \/>\n<strong>B)<\/strong> f\u00fcr die Mietunterk\u00fcnfte werden die Preise laut Preisliste verrechnet (Unterkunft + reservierte Personen)<br \/>\nWenn eine versp\u00e4tete Anreise nicht mitgeteilt wird, ist die Reservierung ab 12.00 Uhr des darauffolgenden Tages nach dem Anreisedatum nicht mehr g\u00fcltig.<br \/>\nDie G\u00e4ste sind verpflichtet, die \u00d6ffnungszeiten der Rezeption und der Kasse zur Kenntnis zu nehmen und einzuhalten. Die Quittung muss dem Aufsichtspersonal bei der Abreise vorgezeigt werden.<\/p>\n<p>&nbsp;<\/p>\n<p><mark>R\u00dcCKTRITT VON DER BUCHUNG<\/mark><br \/>\nBei Absagen, die mindestens 20 Tage vor dem vereinbarten Ankunftstermin auf dem schriftlichen Weg (per Brief, Fax oderE-Mail) beim Camping Waikiki eingehen, hat der Gast das Recht auf R\u00fcckerstattung der geleisteten Anzahlung. Camping Waikiki beh\u00e4lt auf jeden Fall Euro 20,00 als Reservierungskosten ein. Die Anzahlungwird innerhalb von 45 Tagen zur\u00fcckgeschickt.<br \/>\nDer Gast, der seine R\u00fccktrittserkl\u00e4rung in den letzten 20 Tagen vor Beginn des vereinbarten Ankunftstermins schriftlich dem Camping Waikiki \u00fcbermittelt oder gar nicht anreist, hat keinerlei Recht auf R\u00fcckerstattung. Camping Waikiki beh\u00e4lt in diesem Fall die gesamte geleistete Anzahlung als Stornogeb\u00fchren ein.[\/vc_column_text][\/vc_column][\/vc_row]<\/p>\n<\/div>","protected":false},"excerpt":{"rendered":"<p>[vc_row][vc_column][vc_column_text]AUFNAHME UND ABFAHRTEN WOHNEINHEITEN: Check-in: ab 17.00Uhr Check-out: bis 10.00Uhr Die Mindestaufenthaltsdauer variiert je nach Saison und gew\u00e4hlter Unterkunftsart. Der Tagespreis, der auch einen Parkplatz f\u00fcr ein Auto umfasst, setzt sich aus dem Preis f\u00fcr die Wohneinheit und dem Preis [&hellip;]<\/p>\n","protected":false},"author":1,"featured_media":0,"parent":0,"menu_order":0,"comment_status":"closed","ping_status":"closed","template":"","meta":{"footnotes":""},"class_list":["post-7060","page","type-page","status-publish","hentry"],"aioseo_notices":[],"_links":{"self":[{"href":"https:\/\/campingwaikiki.com\/de\/wp-json\/wp\/v2\/pages\/7060","targetHints":{"allow":["GET"]}}],"collection":[{"href":"https:\/\/campingwaikiki.com\/de\/wp-json\/wp\/v2\/pages"}],"about":[{"href":"https:\/\/campingwaikiki.com\/de\/wp-json\/wp\/v2\/types\/page"}],"author":[{"embeddable":true,"href":"https:\/\/campingwaikiki.com\/de\/wp-json\/wp\/v2\/users\/1"}],"replies":[{"embeddable":true,"href":"https:\/\/campingwaikiki.com\/de\/wp-json\/wp\/v2\/comments?post=7060"}],"version-history":[{"count":9,"href":"https:\/\/campingwaikiki.com\/de\/wp-json\/wp\/v2\/pages\/7060\/revisions"}],"predecessor-version":[{"id":10907,"href":"https:\/\/campingwaikiki.com\/de\/wp-json\/wp\/v2\/pages\/7060\/revisions\/10907"}],"wp:attachment":[{"href":"https:\/\/campingwaikiki.com\/de\/wp-json\/wp\/v2\/media?parent=7060"}],"curies":[{"name":"wp","href":"https:\/\/api.w.org\/{rel}","templated":true}]}}