{"id":7063,"date":"2021-03-15T13:11:58","date_gmt":"2021-03-15T12:11:58","guid":{"rendered":"https:\/\/waikiki.egiweb.it\/contatti\/"},"modified":"2023-11-05T22:30:09","modified_gmt":"2023-11-05T21:30:09","slug":"kontakt","status":"publish","type":"page","link":"https:\/\/campingwaikiki.com\/de\/kontakt\/","title":{"rendered":"Kontakt"},"content":{"rendered":"<div class=\"wpb-content-wrapper\"><p>[vc_row][vc_column][vc_column_text css=&#8220;.vc_custom_1617023902947{margin-bottom: 20px !important;}&#8220;]<\/p>\n<h3><mark>KONTAKT WAIKIKI VILLAGE<\/mark><\/h3>\n<p>[\/vc_column_text][vc_column_text css=&#8220;.vc_custom_1644250445434{margin-bottom: 20px !important;}&#8220;]Kontaktieren Sie unser Reservierungsb\u00fcro, indem Sie das Formular ausf\u00fcllen oder +39 0421980186 anrufen. Sie k\u00f6nnen auch unsere Preisliste einsehen und ein <a style=\"text-decoration: underline;\" href=\"https:\/\/booking.campingwaikiki.com\/booking\/disponibilita\/waikiki\/de\">Online-Angebot anfordern<\/a>.[\/vc_column_text][\/vc_column][\/vc_row][vc_row][vc_column width=&#8220;2\/3&#8243;][vc_raw_html][\/vc_raw_html][vc_column_text]<div>\r\n  <form action=\"#\" id=\"contactForm\">\r\n\t<select id='place' class=\"wpcf7-form-control wpcf7-text wpcf7-email wpcf7-validates-as-required wpcf7-validates-as-email\" name=\"\" required=\"required\" >\r\n\t\t<option value=\"\">W\u00e4hlen Sie einen Lebensraum aus der Liste aus...<\/option>\r\n\t\t<option>MOBILE HOMES KIKI POOL<\/option>\r\n\t\t<option>MOBILE HOMES KIKI TIC TOC<\/option>\r\n\t\t<option>MOBILE HOMES KIKI AIR<\/option>\r\n\t\t<option>MOBILE HOMES KIKI BEACH<\/option>\r\n\t\t<option>MOBILE HOMES KIKI BAY<\/option>\r\n\t\t<option>MOBILE HOMES KIKI PIC NIC<\/option>\r\n\t\t<option>MOBILE HOMES WOOD SUPREME<\/option>\r\n\t\t<option>MOBILE HOMES BEACH SUPREME<\/option>\r\n\t\t<option>MOBILE HOMES CABANA SNIPE<\/option>\r\n\t\t<option>MOBILE HOMES IMAGE<\/option>\r\n\t\t<option>MOBILE HOMES PINETA PRESTIGE<\/option>\r\n\t\t<option>MOBILE HOME PRESTIGE<\/option>\r\n\t\t<option>MOBILE HOMES LOVE MY PET GARDEN PATIO<\/option>\r\n\t\t<option>GLAMPING NEST<\/option>\t\t\r\n\t\t<option>PIAZZOLA PLUS<\/option>\r\n\t<\/select>  \r\n    <input type=\"text\" id=\"firstname\" name=\"firstname\" placeholder=\"* Vorname\">\r\n\t<input type=\"text\" id=\"lastname\" name=\"lastname\" placeholder=\"* Nachname\">\r\n\t<input type=\"text\" id=\"email\" name=\"email\" placeholder=\"* Email\">\r\n    <input type=\"text\" id=\"phone\" name=\"phone\" placeholder=\"* Telefon\">\r\n\t<input type=\"text\" id=\"city\" name=\"city\" placeholder=\"* Stadt\">\r\n\t<input type=\"text\" id=\"country\" name=\"country\" placeholder=\"* Land\">\r\n\t<textarea class=\"wpcf7-form-control wpcf7-textarea\" id=\"message\" name=\"\" rows=\"5\" cols=\"50\" placeholder=\"Anfrage\"><\/textarea>\r\n\t<input type=\"checkbox\" id=\"privacy\" name=\"privacy\">* Ich best\u00e4tige, dass ich die <a href=\"\/de\/privacy-policy\/\">Informationen zur Datenverarbeitung<\/a> gelesen habe.<br><br>\r\n\t<input type=\"checkbox\" id=\"marketing\" name=\"marketing\"> Ich best\u00e4tige, dass ich die <a href=\"\/de\/privacy-policy\/\">Informationen zur Datenverarbeitung<\/a> gelesen habe und stimme der Verarbeitung zum Versenden von kommerziellen Mitteilungen, einschlie\u00dflich Newslettern <i>(optional)<\/i><br><br>\r\n\t<div id=\"errorMsg\"><\/div>\r\n\t<br \/>\r\n    <input class=\"qodef-btn qodef-btn-medium qodef-btn-solid\" type=\"button\" onclick=\"waikiki_contact()\" value=\"ABSENDEN\">\r\n\t<hr>\r\n  <\/form>\r\n  <div id='contactConfirm'>\r\n\tIhre Nachricht wurde gesendet.\r\n  <\/div>\r\n<\/div>\r\n[\/vc_column_text][\/vc_column][vc_column width=&#8220;1\/3&#8243;][vc_column_text]<mark>VERWALTUNGS- UND RESERVIERUNGSB\u00dcRO<\/mark>[\/vc_column_text][vc_column_text]<strong>TELEFON<\/strong>[\/vc_column_text][vc_column_text]+39 0421980186[\/vc_column_text][vc_column_text]<mark>WO SIND WIR<\/mark>[\/vc_column_text][vc_column_text]<strong>ADRESSE<\/strong>[\/vc_column_text][vc_column_text]Viale Oriente, 144<br \/>\n30016 Jesolo Venezia<br \/>\nItaly[\/vc_column_text][vc_column_text]<mark>REGULIERUNG<\/mark>[\/vc_column_text][vc_column_text]<a href=\"\/de\/campingordnung-waikiki-village\/\">Konsultieren Sie die Verordnung<\/a>[\/vc_column_text][vc_column_text]<mark>KOSTENVORSCHLAG<\/mark>[\/vc_column_text][vc_column_text]<a href=\"\/de\/allgemeine-bedingungen\/\">Allgemeine Bedingungen<\/a>[\/vc_column_text][vc_column_text]<mark>FAQ<\/mark>[\/vc_column_text][vc_column_text]<a href=\"\/de\/faq-page\/\">N\u00fctzliche Informationen<\/a>[\/vc_column_text][\/vc_column][\/vc_row][vc_row full_width=&#8220;stretch_row_content_no_spaces&#8220;][vc_column][vc_raw_html]JTNDaWZyYW1lJTIwc3JjJTNEJTIyaHR0cHMlM0ElMkYlMkZ3d3cuZ29vZ2xlLmNvbSUyRm1hcHMlMkZlbWJlZCUzRnBiJTNEJTIxMW0xOCUyMTFtMTIlMjExbTMlMjExZDI3OTQuOTUwNjE4MDIzNjg5NSUyMTJkMTIuNzIwMTY4MTE1NTU5Njk4JTIxM2Q0NS41MzExOTkyNzkxMDE3OCUyMTJtMyUyMTFmMCUyMTJmMCUyMTNmMCUyMTNtMiUyMTFpMTAyNCUyMTJpNzY4JTIxNGYxMy4xJTIxM20zJTIxMW0yJTIxMXMweDQ3N2JmOGU0ZDdlMDljMmYlMjUzQTB4N2MwNGQ3MmQwNzMwMmY3MSUyMTJzQ2FtcGluZyUyNTIwVmlsbGFnZSUyNTIwV2Fpa2lraSUyNTIwSmVzb2xvJTIxNWUwJTIxM20yJTIxMXNpdCUyMTJzaXQlMjE0djE2MTU4MDk3OTkzNDQlMjE1bTIlMjExc2l0JTIxMnNpdCUyMiUyMHdpZHRoJTNEJTIyMTAwJTI1JTIyJTIwaGVpZ2h0JTNEJTIyNjAwJTIyJTIwc3R5bGUlM0QlMjJib3JkZXIlM0EwJTNCJTIyJTIwYWxsb3dmdWxsc2NyZWVuJTNEJTIyJTIyJTIwbG9hZGluZyUzRCUyMmxhenklMjIlM0UlM0MlMkZpZnJhbWUlM0U=[\/vc_raw_html][\/vc_column][\/vc_row]<\/p>\n<\/div>","protected":false},"excerpt":{"rendered":"<p>[vc_row][vc_column][vc_column_text css=&#8220;.vc_custom_1617023902947{margin-bottom: 20px !important;}&#8220;] KONTAKT WAIKIKI VILLAGE [\/vc_column_text][vc_column_text css=&#8220;.vc_custom_1644250445434{margin-bottom: 20px !important;}&#8220;]Kontaktieren Sie unser Reservierungsb\u00fcro, indem Sie das Formular ausf\u00fcllen oder +39 0421980186 anrufen. Sie k\u00f6nnen auch unsere Preisliste einsehen und ein Online-Angebot anfordern.[\/vc_column_text][\/vc_column][\/vc_row][vc_row][vc_column width=&#8220;2\/3&#8243;][vc_raw_html][\/vc_raw_html][vc_column_text][\/vc_column_text][\/vc_column][vc_column width=&#8220;1\/3&#8243;][vc_column_text]VERWALTUNGS- UND RESERVIERUNGSB\u00dcRO[\/vc_column_text][vc_column_text]TELEFON[\/vc_column_text][vc_column_text]+39 0421980186[\/vc_column_text][vc_column_text]WO SIND WIR[\/vc_column_text][vc_column_text]ADRESSE[\/vc_column_text][vc_column_text]Viale [&hellip;]<\/p>\n","protected":false},"author":1,"featured_media":0,"parent":0,"menu_order":0,"comment_status":"closed","ping_status":"closed","template":"","meta":{"footnotes":""},"class_list":["post-7063","page","type-page","status-publish","hentry"],"aioseo_notices":[],"_links":{"self":[{"href":"https:\/\/campingwaikiki.com\/de\/wp-json\/wp\/v2\/pages\/7063","targetHints":{"allow":["GET"]}}],"collection":[{"href":"https:\/\/campingwaikiki.com\/de\/wp-json\/wp\/v2\/pages"}],"about":[{"href":"https:\/\/campingwaikiki.com\/de\/wp-json\/wp\/v2\/types\/page"}],"author":[{"embeddable":true,"href":"https:\/\/campingwaikiki.com\/de\/wp-json\/wp\/v2\/users\/1"}],"replies":[{"embeddable":true,"href":"https:\/\/campingwaikiki.com\/de\/wp-json\/wp\/v2\/comments?post=7063"}],"version-history":[{"count":11,"href":"https:\/\/campingwaikiki.com\/de\/wp-json\/wp\/v2\/pages\/7063\/revisions"}],"predecessor-version":[{"id":10313,"href":"https:\/\/campingwaikiki.com\/de\/wp-json\/wp\/v2\/pages\/7063\/revisions\/10313"}],"wp:attachment":[{"href":"https:\/\/campingwaikiki.com\/de\/wp-json\/wp\/v2\/media?parent=7063"}],"curies":[{"name":"wp","href":"https:\/\/api.w.org\/{rel}","templated":true}]}}