{"id":7078,"date":"2021-03-17T13:00:39","date_gmt":"2021-03-17T12:00:39","guid":{"rendered":"https:\/\/waikiki.egiweb.it\/habitat-open-air\/mobile-homes-cabana-snipe\/"},"modified":"2024-02-13T11:15:12","modified_gmt":"2024-02-13T10:15:12","slug":"mobile-homes-cabana-snipe","status":"publish","type":"page","link":"https:\/\/campingwaikiki.com\/de\/habitat-open-air\/mobile-homes-cabana-snipe\/","title":{"rendered":"Mobile Homes Cabana Snipe"},"content":{"rendered":"<div class=\"wpb-content-wrapper\"><p>[vc_row full_width=&#8220;stretch_row_content&#8220; equal_height=&#8220;yes&#8220;][vc_column css=&#8220;.vc_custom_1615970081844{padding-bottom: 15px !important;}&#8220;]\n\t\t\t\t<p class=\"rs-p-wp-fix\"><\/p>\n\t\t\t\t<sr7-module data-alias=\"cabana-snipe-en-1\" data-id=\"151\" id=\"SR7_151_1\" class=\"rs-ov-hidden\" data-version=\"6.7.38\">\n\t\t\t\t\t<sr7-adjuster><\/sr7-adjuster>\n\t\t\t\t\t<sr7-content>\n\t\t\t\t\t\t<sr7-carousel>\n\t\t\t\t\t\t<sr7-slide id=\"SR7_151_1-253\" data-key=\"253\">\n\t\t\t\t\t\t\t<sr7-txt id=\"SR7_151_1-253-2\" class=\"sr7-layer\">Mobile Home OpenAir<\/sr7-txt>\n\t\t\t\t\t\t\t<sr7-txt id=\"SR7_151_1-253-8\" class=\"sr7-layer\">Habitat Cabana Snipe<\/sr7-txt>\n\t\t\t\t\t\t<\/sr7-slide>\n\t\t\t\t\t\t<sr7-slide id=\"SR7_151_1-254\" data-key=\"254\">\n\t\t\t\t\t\t\t<sr7-txt id=\"SR7_151_1-254-2\" class=\"sr7-layer\">Mobile Home OpenAir<\/sr7-txt>\n\t\t\t\t\t\t\t<sr7-txt id=\"SR7_151_1-254-8\" class=\"sr7-layer\">Habitat Cabana Snipe<\/sr7-txt>\n\t\t\t\t\t\t<\/sr7-slide>\n\t\t\t\t\t\t<sr7-slide id=\"SR7_151_1-255\" data-key=\"255\">\n\t\t\t\t\t\t\t<sr7-txt id=\"SR7_151_1-255-2\" class=\"sr7-layer\">Mobile Home OpenAir<\/sr7-txt>\n\t\t\t\t\t\t\t<sr7-txt id=\"SR7_151_1-255-8\" class=\"sr7-layer\">Habitat Cabana Snipe<\/sr7-txt>\n\t\t\t\t\t\t<\/sr7-slide>\n\t\t\t\t\t\t<sr7-slide id=\"SR7_151_1-256\" data-key=\"256\">\n\t\t\t\t\t\t\t<sr7-txt id=\"SR7_151_1-256-2\" class=\"sr7-layer\">Mobile Home OpenAir<\/sr7-txt>\n\t\t\t\t\t\t\t<sr7-txt id=\"SR7_151_1-256-8\" class=\"sr7-layer\">Habitat Cabana Snipe<\/sr7-txt>\n\t\t\t\t\t\t<\/sr7-slide>\n\t\t\t\t\t\t<sr7-slide id=\"SR7_151_1-257\" data-key=\"257\">\n\t\t\t\t\t\t\t<sr7-txt id=\"SR7_151_1-257-2\" class=\"sr7-layer\">Mobile Home OpenAir<\/sr7-txt>\n\t\t\t\t\t\t\t<sr7-txt id=\"SR7_151_1-257-8\" class=\"sr7-layer\">Habitat Cabana Snipe<\/sr7-txt>\n\t\t\t\t\t\t<\/sr7-slide>\n\t\t\t\t\t\t<sr7-slide id=\"SR7_151_1-363\" data-key=\"363\">\n\t\t\t\t\t\t\t<a id=\"SR7_151_1-363-12\" class=\"sr7-layer\" href=\"https:\/\/booking.campingwaikiki.com\/booking\/disponibilita\/waikiki\/de?\/&#038;tipologia=CS\" target=\"_self\"><span style=\"font-weight:300;\">JETZT BUCHEN<\/span><\/a>\n\t\t\t\t\t\t<\/sr7-slide>\n\t\t\t\t\t\t<\/sr7-carousel>\n\t\t\t\t\t<\/sr7-content>\n\t\t\t\t\t<image_lists style=\"display:none\">\n\t\t\t\t\t\t<img data-src=\"\/\/campingwaikiki.com\/wp-content\/uploads\/2024\/02\/mobilehomescabana-1.jpg\" data-libid=\"10565\" title=\"mobilehomescabana-1\" width=\"0\" height=\"0\" data-dbsrc=\"Ly9jYW1waW5nd2Fpa2lraS5jb20vd3AtY29udGVudC91cGxvYWRzLzIwMjQvMDIvbW9iaWxlaG9tZXNjYWJhbmEtMS5qcGc=\"\/>\n\t\t\t\t\t\t<img data-src=\"\/\/campingwaikiki.com\/wp-content\/uploads\/2024\/02\/mobilehomescabana01.jpg\" data-libid=\"10567\" title=\"mobilehomescabana01\" width=\"0\" height=\"0\" data-dbsrc=\"Ly9jYW1waW5nd2Fpa2lraS5jb20vd3AtY29udGVudC91cGxvYWRzLzIwMjQvMDIvbW9iaWxlaG9tZXNjYWJhbmEwMS5qcGc=\"\/>\n\t\t\t\t\t\t<img data-src=\"\/\/campingwaikiki.com\/wp-content\/uploads\/2024\/02\/mobilehomescabana02.jpg\" data-libid=\"10568\" title=\"mobilehomescabana02\" width=\"0\" height=\"0\" data-dbsrc=\"Ly9jYW1waW5nd2Fpa2lraS5jb20vd3AtY29udGVudC91cGxvYWRzLzIwMjQvMDIvbW9iaWxlaG9tZXNjYWJhbmEwMi5qcGc=\"\/>\n\t\t\t\t\t\t<img data-src=\"\/\/campingwaikiki.com\/wp-content\/uploads\/2024\/02\/mobilehomescabana03.jpg\" data-libid=\"10569\" title=\"mobilehomescabana03\" width=\"0\" height=\"0\" data-dbsrc=\"Ly9jYW1waW5nd2Fpa2lraS5jb20vd3AtY29udGVudC91cGxvYWRzLzIwMjQvMDIvbW9iaWxlaG9tZXNjYWJhbmEwMy5qcGc=\"\/>\n\t\t\t\t\t\t<img data-src=\"\/\/campingwaikiki.com\/wp-content\/uploads\/2024\/02\/mobilehomescabana04.jpg\" data-libid=\"10570\" title=\"mobilehomescabana04\" width=\"0\" height=\"0\" data-dbsrc=\"Ly9jYW1waW5nd2Fpa2lraS5jb20vd3AtY29udGVudC91cGxvYWRzLzIwMjQvMDIvbW9iaWxlaG9tZXNjYWJhbmEwNC5qcGc=\"\/>\n\t\t\t\t\t<\/image_lists>\n\t\t\t\t<\/sr7-module>\n\t\t\t\t<script>\n\t\t\t\t\tSR7.PMH ??={}; SR7.PMH[\"SR7_151_1\"] = {cn:100,state:false,fn: function() { if (_tpt!==undefined && _tpt.prepareModuleHeight !== undefined) {  _tpt.prepareModuleHeight({id:\"SR7_151_1\",el:[652,652,592,420,462],type:'carousel',shdw:'0',gh:[620,620,550,420,420],gw:[640,640,480,360,320],vpt:['0px&#039;,&#039;0px&#039;,&#039;0px&#039;,&#039;0px&#039;,&#039;0px'],size:{fullWidth:true, fullHeight:false},mh:'0',onh:0,onw:0,bg:{color:'{\"type\":\"solid\",\"orig\":\"#ffffff\",\"string\":\"rgba(255, 255, 255, 1)\"}'},carousel:{pt:'0',pb:'0'}});   SR7.PMH[\"SR7_151_1\"].state=true;} else if(SR7.PMH[\"SR7_151_1\"].cn-->0)\tsetTimeout( SR7.PMH[\"SR7_151_1\"].fn,19);}};SR7.PMH[\"SR7_151_1\" ].fn();\n\t\t\t\t<\/script>\n[\/vc_column][\/vc_row][vc_row css=&#8220;.vc_custom_1615919972340{margin-top: 20px !important;}&#8220;][vc_column width=&#8220;2\/3&#8243;][vc_column_text]<\/p>\n<h3 style=\"text-align: left;\"><strong><mark>MOBILE HOMES CABANA SNIPE<\/mark><\/strong><\/h3>\n<p><strong>Cabana Snipe ist ein Konzept von Mobilheim.<\/strong> Die gro\u00dfen Fenster geben ein neues Licht.<\/p>\n<p>Das Innere und das \u00c4u\u00dfere sind fast in direkten Kontakt zueinander gelegt worden und f\u00fcgen sich daher mit der Umgebung reichlich ein.<\/p>\n<p>K\u00fcche und Wohnzimmer, Schlafzimmer, Einzelzimmer mit zweitem Klappbett und ein Badezimmer. <strong>\u00dcberdachte Au\u00dfenveranda.<\/strong>[\/vc_column_text][vc_column_text]<img loading=\"lazy\" decoding=\"async\" class=\"alignnone size-full wp-image-6133\" src=\"https:\/\/campingwaikiki.com\/wp-content\/uploads\/2021\/03\/2-4-PAX.png\" alt=\"\" width=\"50\" height=\"50\" \/>\u00a0 \u00a0 \u00a0 <img loading=\"lazy\" decoding=\"async\" class=\"alignnone size-full wp-image-6128\" src=\"https:\/\/campingwaikiki.com\/wp-content\/uploads\/2021\/03\/TV.png\" alt=\"\" width=\"50\" height=\"50\" \/>\u00a0 \u00a0 \u00a0 <img loading=\"lazy\" decoding=\"async\" class=\"alignnone size-full wp-image-6131\" src=\"https:\/\/campingwaikiki.com\/wp-content\/uploads\/2021\/03\/AIR-COND.png\" alt=\"\" width=\"50\" height=\"50\" \/>\u00a0 \u00a0 \u00a0 <img loading=\"lazy\" decoding=\"async\" class=\"alignnone size-full wp-image-6130\" src=\"https:\/\/campingwaikiki.com\/wp-content\/uploads\/2021\/03\/MICROONDE.png\" alt=\"\" width=\"50\" height=\"50\" \/>\u00a0 \u00a0 \u00a0 <img loading=\"lazy\" decoding=\"async\" class=\"alignnone size-full wp-image-6132\" src=\"https:\/\/campingwaikiki.com\/wp-content\/uploads\/2021\/03\/21-MQ.png\" alt=\"\" width=\"50\" height=\"50\" \/>\u00a0 \u00a0 \u00a0 <img loading=\"lazy\" decoding=\"async\" class=\"alignnone size-full wp-image-6129\" src=\"https:\/\/campingwaikiki.com\/wp-content\/uploads\/2021\/03\/PARKING.png\" alt=\"\" width=\"50\" height=\"50\" \/><\/p>\n<h4 style=\"text-align: left;\"><strong><mark>AUSTATTUNG<\/mark><\/strong><\/h4>\n<ul>\n<li>ausgestattete Kochnische<\/li>\n<li>Induktionsplatte mit vier Kochstellen<\/li>\n<li>K\u00fchlschrank mit Gefrierfach<\/li>\n<li>Mikrowelle<\/li>\n<li>elektrischer Wasserkocher<\/li>\n<li>Fernseher<\/li>\n<li>Klimaanlage\/Heizung<\/li>\n<li>ein Doppelzimmer<\/li>\n<li>Bettw\u00e4sche, Decken, Kopfkissen<\/li>\n<li>Badezimmer mit WC, Waschbecken und Duschkabine<\/li>\n<li>wohnzimmer mit Schlafcouch und ausklappbarem Bett<\/li>\n<li>\u00fcberdachte Terrasse mit Tisch und St\u00fchlen<\/li>\n<li>Parkplatz f\u00fcr ein Auto<\/li>\n<\/ul>\n<p>[\/vc_column_text][vc_separator color=&#8220;custom&#8220; accent_color=&#8220;#87db0a&#8220; css=&#8220;.vc_custom_1644925936377{margin-top: 20px !important;}&#8220;][vc_column_text css=&#8220;.vc_custom_1646217608319{margin-bottom: 30px !important;}&#8220;]<\/p>\n<h4 style=\"text-align: left;\"><strong><mark>DEIN HABITAT<\/mark><\/strong><\/h4>\n<p>[\/vc_column_text][vc_single_image image=&#8220;6127&#8243; img_size=&#8220;full&#8220; alignment=&#8220;center&#8220; style=&#8220;vc_box_rounded&#8220; css_animation=&#8220;bounceInLeft&#8220; css=&#8220;.vc_custom_1646222317572{margin-bottom: 25px !important;padding-right: 20px !important;padding-left: 20px !important;}&#8220;][\/vc_column][vc_column width=&#8220;1\/3&#8243;][vc_cta h2=&#8220;&#8220; h2_font_container=&#8220;font_size:28&#8243; h2_use_theme_fonts=&#8220;yes&#8220; h4=&#8220;Buchen Sie dieses Habitat&#8220; add_button=&#8220;bottom&#8220; btn_title=&#8220;VERF\u00dcGBARKEIT PR\u00dcFEN&#8220; btn_style=&#8220;outline-custom&#8220; btn_outline_custom_color=&#8220;#87db0a&#8220; btn_outline_custom_hover_background=&#8220;#87db0a&#8220; btn_outline_custom_hover_text=&#8220;#ffffff&#8220; btn_size=&#8220;lg&#8220; btn_align=&#8220;center&#8220; btn_i_icon_fontawesome=&#8220;fas fa-angle-double-right&#8220; use_custom_fonts_h2=&#8220;true&#8220; btn_button_block=&#8220;true&#8220; btn_add_icon=&#8220;true&#8220; btn_link=&#8220;url:https%3A%2F%2Fbooking.campingwaikiki.com%2Fbooking%2Fdisponibilita%2Fwaikiki%2Fde%3F%2F%26tipologia%3DCS&#8220;][\/vc_cta][vc_separator color=&#8220;custom&#8220; accent_color=&#8220;#87db0a&#8220; css=&#8220;.vc_custom_1644927280267{margin-top: 10px !important;margin-bottom: 40px !important;}&#8220;][vc_column_text]<\/p>\n<h4 style=\"text-align: left;\"><strong><mark>M\u00f6chten Sie Informationen anfordern?<\/mark><\/strong><\/h4>\n<p>[\/vc_column_text][vc_column_text]<style>\r\n\t#errorMsg {\r\n\tcolor:red;\r\n\t}\r\n\t\r\n\t#contactConfirm {\r\n\tdisplay:none;\r\n\t}\r\n<\/style>\r\n<div role=\"form\" class=\"wpcf7\" id=\"contactForm\" lang=\"en-US\" dir=\"ltr\">\r\n<div class=\"screen-reader-response\"><p role=\"status\" aria-live=\"polite\" aria-atomic=\"true\"><\/p> <ul><\/ul><\/div>\r\n<div class=\"qodef-cf7-contact\">\r\n<span class=\"wpcf7-form-control-wrap your-email\"><input id=\"email\" type=\"email\" name=\"your-email\" value=\"\" size=\"40\" class=\"wpcf7-form-control wpcf7-text wpcf7-email wpcf7-validates-as-required wpcf7-validates-as-email\" aria-required=\"true\" aria-invalid=\"false\" placeholder=\"Email*\"><\/span><br>\r\n<span class=\"wpcf7-form-control-wrap your-subject\"><input id=\"subject\" type=\"text\" name=\"your-subject\" size=\"40\" class=\"wpcf7-form-control wpcf7-text\" aria-invalid=\"false\" readonly value=\"Mobile Homes Cabana Snipe\" placeholder=\"Subject\"><\/span><br>\r\n<span class=\"wpcf7-form-control-wrap your-message\"><textarea id=\"message\" name=\"your-message\" cols=\"10\" rows=\"3\" class=\"wpcf7-form-control wpcf7-textarea\" aria-invalid=\"false\" placeholder=\"Anfrage\"><\/textarea><\/span><br>\r\n<span class=\"wpcf7-form-control-wrap your-email\"><input type=\"checkbox\" id=\"privacy\" name=\"privacy\"> Ich best\u00e4tige, dass ich die <a href=\"\/de\/privacy-policy\/\">Informationen zur Datenverarbeitung<\/a> gelesen habe.<\/span><br><br>\r\n<button type=\"button\" onclick=\"waikiki_home_contact()\" class=\"qodef-btn qodef-btn-solid\"><span class=\"qodef-btn-line-holder\"><span class=\"qodef-btn-line-top\"><\/span><span class=\"qodef-btn-line\"><\/span><span class=\"qodef-btn-line-bottom\"><\/span><\/span><span class=\"qodef-btn-text\" >Senden<\/span><\/button>\r\n<\/div>\r\n<div id=\"errorMsg\"><\/div>\r\n<\/div>\r\n <div id='contactConfirm'>\r\n\tIhre Nachricht wurde gesendet.\r\n  <\/div>\r\n[\/vc_column_text][vc_separator color=&#8220;custom&#8220; accent_color=&#8220;#87db0a&#8220; css=&#8220;.vc_custom_1644927225369{margin-top: 20px !important;margin-bottom: 10px !important;}&#8220;][vc_column_text]<\/p>\n<h4 style=\"text-align: left;\"><strong><mark>Um die Lage der Unterkunft zu erfahren<\/mark><\/strong><\/h4>\n<p>[\/vc_column_text]<div class=\"qodef-section-title-holder  qodef-st-standard qodef-st-title-left qodef-st-normal-space \" style=\"text-align: left\">\n\t<div class=\"qodef-st-inner\">\n\t\t\t\t            <div class=\"qodef-section-title-button-holder\">\n            <div class=\"qodef-section-title-button\">\n                <a itemprop=\"url\" href=\"\/de\/camping-village-waikiki\/\" target=\"_self\"  class=\"qodef-btn qodef-btn-large qodef-btn-simple\"  >    <span class=\"qodef-btn-line-holder\">        <span class=\"qodef-btn-line-top\"><\/span>        <span class=\"qodef-btn-line\"><\/span>        <span class=\"qodef-btn-line-bottom\"><\/span>    <\/span>        <span class=\"qodef-btn-text\">Siehe den Lageplan<\/span><\/a>            <\/div>\n        <\/div>\n    \t<\/div>\n<\/div>[vc_separator color=&#8220;custom&#8220; accent_color=&#8220;#87db0a&#8220; css=&#8220;.vc_custom_1644927225369{margin-top: 20px !important;margin-bottom: 10px !important;}&#8220;][vc_column_text css=&#8220;.vc_custom_1646217177729{margin-bottom: 10px !important;}&#8220;]<span style=\"color: #87db0a;\"><strong>Teilen Sie dieses Habitat mit Ihrer Familie!<\/strong><\/span>[\/vc_column_text]<div class=\"qodef-social-share-holder qodef-list\">\n\t\t<ul>\n\t\t<li class=\"qodef-facebook-share\">\n\t<a itemprop=\"url\" class=\"qodef-share-link\" href=\"#\" onclick=\"window.open(&#039;http:\/\/www.facebook.com\/sharer.php?u=https%3A%2F%2Fcampingwaikiki.com%2Fde%2Fhabitat-open-air%2Fmobile-homes-cabana-snipe%2F&#039;, &#039;sharer&#039;, &#039;toolbar=0,status=0,width=620,height=280&#039;);\">\n\t \t\t\t\t<span class=\"qodef-social-network-icon social_facebook\"><\/span>\n\t\t\t<\/a>\n<\/li><li class=\"qodef-twitter-share\">\n\t<a itemprop=\"url\" class=\"qodef-share-link\" href=\"#\" onclick=\"window.open(&#039;http:\/\/twitter.com\/home?status=%5Bvc_row+full_width%3D%26%238220%3Bstretch_row_content%26%238220%3B+equal_height%3D%26%238220%3Byes%26%238220%3B%5D%5Bvc_column+https:\/\/campingwaikiki.com\/de\/habitat-open-air\/mobile-homes-cabana-snipe\/&#039;, &#039;popupwindow&#039;, &#039;scrollbars=yes,width=800,height=400&#039;);\">\n\t \t\t\t\t<span class=\"qodef-social-network-icon social_twitter\"><\/span>\n\t\t\t<\/a>\n<\/li><li class=\"qodef-linkedin-share\">\n\t<a itemprop=\"url\" class=\"qodef-share-link\" href=\"#\" onclick=\"popUp=window.open(&#039;http:\/\/linkedin.com\/shareArticle?mini=true&amp;url=https%3A%2F%2Fcampingwaikiki.com%2Fde%2Fhabitat-open-air%2Fmobile-homes-cabana-snipe%2F&amp;title=Mobile+Homes+Cabana+Snipe&#039;, &#039;popupwindow&#039;, &#039;scrollbars=yes,width=800,height=400&#039;);popUp.focus();return false;\">\n\t \t\t\t\t<span class=\"qodef-social-network-icon social_linkedin\"><\/span>\n\t\t\t<\/a>\n<\/li><li class=\"qodef-tumblr-share\">\n\t<a itemprop=\"url\" class=\"qodef-share-link\" href=\"#\" onclick=\"popUp=window.open(&#039;http:\/\/www.tumblr.com\/share\/link?url=https%3A%2F%2Fcampingwaikiki.com%2Fde%2Fhabitat-open-air%2Fmobile-homes-cabana-snipe%2F&amp;name=Mobile+Homes+Cabana+Snipe&amp;description=%5Bvc_row+full_width%3D%26%238220%3Bstretch_row_content%26%238220%3B+equal_height%3D%26%238220%3Byes%26%238220%3B%5D%5Bvc_column+css%3D%26%238220%3B.vc_custom_1615970081844%7Bpadding-bottom%3A+15px+%21important%3B%7D%26%238220%3B%5D%5B%2Fvc_column%5D%5B%2Fvc_row%5D%5Bvc_row+css%3D%26%238220%3B.vc_custom_1615919972340%7Bmargin-top%3A+20px+%21important%3B%7D%26%238220%3B%5D%5Bvc_column+width%3D%26%238220%3B2%2F3%26%238243%3B%5D%5Bvc_column_text%5D+MOBILE+HOMES+CABANA+SNIPE+Cabana+Snipe+ist+ein+Konzept+von+Mobilheim.+Die+gro%C3%9Fen+Fenster+geben+ein+neues+Licht.+Das+Innere+und+das+%C3%84u%C3%9Fere+sind+fast+in+direkten+Kontakt+zueinander+gelegt+%5B%26hellip%3B%5D&#039;, &#039;popupwindow&#039;, &#039;scrollbars=yes,width=800,height=400&#039;);popUp.focus();return false;\">\n\t \t\t\t\t<span class=\"qodef-social-network-icon social_tumblr\"><\/span>\n\t\t\t<\/a>\n<\/li><li class=\"qodef-pinterest-share\">\n\t<a itemprop=\"url\" class=\"qodef-share-link\" href=\"#\" onclick=\"popUp=window.open(&#039;http:\/\/pinterest.com\/pin\/create\/button\/?url=https%3A%2F%2Fcampingwaikiki.com%2Fde%2Fhabitat-open-air%2Fmobile-homes-cabana-snipe%2F&amp;description=Mobile Homes Cabana Snipe&amp;media=&#039;, &#039;popupwindow&#039;, &#039;scrollbars=yes,width=800,height=400&#039;);popUp.focus();return false;\">\n\t \t\t\t\t<span class=\"qodef-social-network-icon social_pinterest\"><\/span>\n\t\t\t<\/a>\n<\/li><li class=\"qodef-vk-share\">\n\t<a itemprop=\"url\" class=\"qodef-share-link\" href=\"#\" onclick=\"popUp=window.open(&#039;http:\/\/vkontakte.ru\/share.php?url=https%3A%2F%2Fcampingwaikiki.com%2Fde%2Fhabitat-open-air%2Fmobile-homes-cabana-snipe%2F&amp;title=Mobile+Homes+Cabana+Snipe&amp;description=%5Bvc_row+full_width%3D%26%238220%3Bstretch_row_content%26%238220%3B+equal_height%3D%26%238220%3Byes%26%238220%3B%5D%5Bvc_column+css%3D%26%238220%3B.vc_custom_1615970081844%7Bpadding-bottom%3A+15px+%21important%3B%7D%26%238220%3B%5D%5B%2Fvc_column%5D%5B%2Fvc_row%5D%5Bvc_row+css%3D%26%238220%3B.vc_custom_1615919972340%7Bmargin-top%3A+20px+%21important%3B%7D%26%238220%3B%5D%5Bvc_column+width%3D%26%238220%3B2%2F3%26%238243%3B%5D%5Bvc_column_text%5D+MOBILE+HOMES+CABANA+SNIPE+Cabana+Snipe+ist+ein+Konzept+von+Mobilheim.+Die+gro%C3%9Fen+Fenster+geben+ein+neues+Licht.+Das+Innere+und+das+%C3%84u%C3%9Fere+sind+fast+in+direkten+Kontakt+zueinander+gelegt+%5B%26hellip%3B%5D&amp;image=&#039;, &#039;popupwindow&#039;, &#039;scrollbars=yes,width=800,height=400&#039;);popUp.focus();return false;\">\n\t \t\t\t\t<span class=\"qodef-social-network-icon fab fa-vk\"><\/span>\n\t\t\t<\/a>\n<\/li>\t<\/ul>\n<\/div>[vc_separator color=&#8220;custom&#8220; accent_color=&#8220;#87db0a&#8220; css=&#8220;.vc_custom_1644928099566{margin-top: 20px !important;margin-bottom: 40px !important;}&#8220;][vc_column_text css=&#8220;.vc_custom_1646217188003{margin-bottom: 10px !important;}&#8220;]<\/p>\n<h4 style=\"text-align: left;\"><strong><mark>News<\/mark><\/strong><\/h4>\n<p>[\/vc_column_text]<div class=\"qodef-blog-list-holder qodef-grid-list qodef-disable-bottom-space qodef-bl-standard qodef-one-columns qodef-no-space qodef-bl-pag-no-pagination\"  data-type=standard data-number-of-posts=1 data-number-of-columns=one data-space-between-items=no data-orderby=date data-order=DESC data-image-size=full data-title-tag=h4 data-excerpt-length=40 data-post-info-section=yes data-post-info-image=yes data-post-info-author=no data-post-info-date=no data-post-info-category=yes data-post-info-comments=no data-post-info-share=no data-read-more-button=yes data-pagination-type=no-pagination data-enable-link-over=no data-max-num-pages=27 data-next-page=2>\n\t<div class=\"qodef-bl-wrapper qodef-outer-space\">\n\t\t<ul class=\"qodef-blog-list\">\n\t\t\t<li class=\"qodef-bl-item qodef-item-space\">\n\t<div class=\"qodef-bli-inner\">\n\t\t\n\t<div class=\"qodef-post-image\">\n\t\t\t\t\t<a itemprop=\"url\" href=\"https:\/\/campingwaikiki.com\/de\/camping-village-waikiki-am-13-mai-beginnt-die-neue-sommersaison-in-jesolo\/\" title=\"Camping Village Waikiki: Am 13. Mai beginnt die neue Sommersaison in Jesolo\">\n\t\t\t\t\t<img loading=\"lazy\" decoding=\"async\" width=\"1920\" height=\"1280\" src=\"https:\/\/campingwaikiki.com\/wp-content\/uploads\/2026\/05\/Piscina-Laguna-Camping-Village-Waikiki.jpg\" class=\"attachment-full size-full wp-post-image\" alt=\"\" srcset=\"https:\/\/campingwaikiki.com\/wp-content\/uploads\/2026\/05\/Piscina-Laguna-Camping-Village-Waikiki.jpg 1920w, https:\/\/campingwaikiki.com\/wp-content\/uploads\/2026\/05\/Piscina-Laguna-Camping-Village-Waikiki-300x200.jpg 300w, https:\/\/campingwaikiki.com\/wp-content\/uploads\/2026\/05\/Piscina-Laguna-Camping-Village-Waikiki-1024x683.jpg 1024w, https:\/\/campingwaikiki.com\/wp-content\/uploads\/2026\/05\/Piscina-Laguna-Camping-Village-Waikiki-768x512.jpg 768w, https:\/\/campingwaikiki.com\/wp-content\/uploads\/2026\/05\/Piscina-Laguna-Camping-Village-Waikiki-1536x1024.jpg 1536w\" sizes=\"auto, (max-width: 1920px) 100vw, 1920px\" \/>\t\t\t\t\t<\/a>\n\t\t\t\t\t<\/div>\n        <div class=\"qodef-bli-content\">\n                            <div class=\"qodef-bli-info\">\n\t                <div class=\"qodef-post-info-category\">\n    <a href=\"https:\/\/campingwaikiki.com\/de\/category\/news-de\/\" rel=\"category tag\">News<\/a><\/div>                <\/div>\n            \t\n\t        \n<h4 itemprop=\"name\" class=\"entry-title qodef-post-title\" >\n            <a itemprop=\"url\" href=\"https:\/\/campingwaikiki.com\/de\/camping-village-waikiki-am-13-mai-beginnt-die-neue-sommersaison-in-jesolo\/\" title=\"Camping Village Waikiki: Am 13. Mai beginnt die neue Sommersaison in Jesolo\">\n            Camping Village Waikiki: Am 13. Mai beginnt die neue Sommersaison in Jesolo            <\/a>\n    <\/h4>\t\n\t        <div class=\"qodef-bli-excerpt\">\n                \t\t<div class=\"qodef-post-excerpt-holder\">\n\t\t\t<p itemprop=\"description\" class=\"qodef-post-excerpt\">\n\t\t\t\t\nDer Countdown l\u00e4uft: Am 13. Mai \u00f6ffnet das Camping Village Waikiki in Jesolo wieder seine Tore und l\u00e4utet offiziell eine neue Sommersaison ein \u2013 gedacht f\u00fcr Familien, f\u00fcr alle, die Entspannung in der Natur suchen, und f\u00fcr alle, die einen\t\t\t<\/p>\n\t\t<\/div>\n\t\t\t\t\t\t<div class=\"qodef-post-read-more-button\">\n\t\t<a itemprop=\"url\" href=\"https:\/\/campingwaikiki.com\/de\/camping-village-waikiki-am-13-mai-beginnt-die-neue-sommersaison-in-jesolo\/\" target=\"_self\"  class=\"qodef-btn qodef-btn-medium qodef-btn-simple qodef-blog-list-button\"  >    <span class=\"qodef-btn-line-holder\">        <span class=\"qodef-btn-line-top\"><\/span>        <span class=\"qodef-btn-line\"><\/span>        <span class=\"qodef-btn-line-bottom\"><\/span>    <\/span>        <span class=\"qodef-btn-text\">read more<\/span><\/a>\t<\/div>\n\t        <\/div>\n\t                <\/div>\n\t<\/div>\n<\/li>\t\t<\/ul>\n\t<\/div>\n\t<\/div>[\/vc_column][\/vc_row]<\/p>\n<\/div>","protected":false},"excerpt":{"rendered":"<p>[vc_row full_width=&#8220;stretch_row_content&#8220; equal_height=&#8220;yes&#8220;][vc_column css=&#8220;.vc_custom_1615970081844{padding-bottom: 15px !important;}&#8220;][\/vc_column][\/vc_row][vc_row css=&#8220;.vc_custom_1615919972340{margin-top: 20px !important;}&#8220;][vc_column width=&#8220;2\/3&#8243;][vc_column_text] MOBILE HOMES CABANA SNIPE Cabana Snipe ist ein Konzept von Mobilheim. Die gro\u00dfen Fenster geben ein neues Licht. Das Innere und das \u00c4u\u00dfere sind fast in direkten Kontakt zueinander gelegt [&hellip;]<\/p>\n","protected":false},"author":1,"featured_media":0,"parent":7045,"menu_order":0,"comment_status":"closed","ping_status":"closed","template":"","meta":{"footnotes":""},"class_list":["post-7078","page","type-page","status-publish","hentry"],"aioseo_notices":[],"_links":{"self":[{"href":"https:\/\/campingwaikiki.com\/de\/wp-json\/wp\/v2\/pages\/7078","targetHints":{"allow":["GET"]}}],"collection":[{"href":"https:\/\/campingwaikiki.com\/de\/wp-json\/wp\/v2\/pages"}],"about":[{"href":"https:\/\/campingwaikiki.com\/de\/wp-json\/wp\/v2\/types\/page"}],"author":[{"embeddable":true,"href":"https:\/\/campingwaikiki.com\/de\/wp-json\/wp\/v2\/users\/1"}],"replies":[{"embeddable":true,"href":"https:\/\/campingwaikiki.com\/de\/wp-json\/wp\/v2\/comments?post=7078"}],"version-history":[{"count":17,"href":"https:\/\/campingwaikiki.com\/de\/wp-json\/wp\/v2\/pages\/7078\/revisions"}],"predecessor-version":[{"id":10636,"href":"https:\/\/campingwaikiki.com\/de\/wp-json\/wp\/v2\/pages\/7078\/revisions\/10636"}],"up":[{"embeddable":true,"href":"https:\/\/campingwaikiki.com\/de\/wp-json\/wp\/v2\/pages\/7045"}],"wp:attachment":[{"href":"https:\/\/campingwaikiki.com\/de\/wp-json\/wp\/v2\/media?parent=7078"}],"curies":[{"name":"wp","href":"https:\/\/api.w.org\/{rel}","templated":true}]}}