{"id":7081,"date":"2021-03-17T13:00:06","date_gmt":"2021-03-17T12:00:06","guid":{"rendered":"https:\/\/waikiki.egiweb.it\/habitat-open-air\/mobile-homes-beach-supreme\/"},"modified":"2024-02-13T11:14:12","modified_gmt":"2024-02-13T10:14:12","slug":"mobile-homes-beach-supreme","status":"publish","type":"page","link":"https:\/\/campingwaikiki.com\/de\/habitat-open-air\/mobile-homes-beach-supreme\/","title":{"rendered":"Mobile Homes Beach Supreme"},"content":{"rendered":"<div class=\"wpb-content-wrapper\"><p>[vc_row full_width=&#8220;stretch_row_content&#8220; equal_height=&#8220;yes&#8220;][vc_column css=&#8220;.vc_custom_1615970081844{padding-bottom: 15px !important;}&#8220;]\n\t\t\t\t<p class=\"rs-p-wp-fix\"><\/p>\n\t\t\t\t<sr7-module data-alias=\"beach-supreme-en-1\" data-id=\"150\" id=\"SR7_150_1\" class=\"rs-ov-hidden\" data-version=\"6.7.38\">\n\t\t\t\t\t<sr7-adjuster><\/sr7-adjuster>\n\t\t\t\t\t<sr7-content>\n\t\t\t\t\t\t<sr7-carousel>\n\t\t\t\t\t\t<sr7-slide id=\"SR7_150_1-248\" data-key=\"248\">\n\t\t\t\t\t\t\t<sr7-txt id=\"SR7_150_1-248-2\" class=\"sr7-layer\">Mobile Home OpenAir<\/sr7-txt>\n\t\t\t\t\t\t\t<sr7-txt id=\"SR7_150_1-248-8\" class=\"sr7-layer\">Habitat Beach Supreme<\/sr7-txt>\n\t\t\t\t\t\t<\/sr7-slide>\n\t\t\t\t\t\t<sr7-slide id=\"SR7_150_1-249\" data-key=\"249\">\n\t\t\t\t\t\t\t<sr7-txt id=\"SR7_150_1-249-2\" class=\"sr7-layer\">Mobile Home OpenAir<\/sr7-txt>\n\t\t\t\t\t\t\t<sr7-txt id=\"SR7_150_1-249-8\" class=\"sr7-layer\">Habitat Beach Supreme<\/sr7-txt>\n\t\t\t\t\t\t<\/sr7-slide>\n\t\t\t\t\t\t<sr7-slide id=\"SR7_150_1-250\" data-key=\"250\">\n\t\t\t\t\t\t\t<sr7-txt id=\"SR7_150_1-250-2\" class=\"sr7-layer\">Mobile Home OpenAir<\/sr7-txt>\n\t\t\t\t\t\t\t<sr7-txt id=\"SR7_150_1-250-8\" class=\"sr7-layer\">Habitat Beach Supreme<\/sr7-txt>\n\t\t\t\t\t\t<\/sr7-slide>\n\t\t\t\t\t\t<sr7-slide id=\"SR7_150_1-251\" data-key=\"251\">\n\t\t\t\t\t\t\t<sr7-txt id=\"SR7_150_1-251-2\" class=\"sr7-layer\">Mobile Home OpenAir<\/sr7-txt>\n\t\t\t\t\t\t\t<sr7-txt id=\"SR7_150_1-251-8\" class=\"sr7-layer\">Habitat Beach Supreme<\/sr7-txt>\n\t\t\t\t\t\t<\/sr7-slide>\n\t\t\t\t\t\t<sr7-slide id=\"SR7_150_1-252\" data-key=\"252\">\n\t\t\t\t\t\t\t<sr7-txt id=\"SR7_150_1-252-2\" class=\"sr7-layer\">Mobile Home OpenAir<\/sr7-txt>\n\t\t\t\t\t\t\t<sr7-txt id=\"SR7_150_1-252-8\" class=\"sr7-layer\">Habitat Beach Supreme<\/sr7-txt>\n\t\t\t\t\t\t<\/sr7-slide>\n\t\t\t\t\t\t<sr7-slide id=\"SR7_150_1-362\" data-key=\"362\">\n\t\t\t\t\t\t\t<a id=\"SR7_150_1-362-12\" class=\"sr7-layer\" href=\"https:\/\/booking.campingwaikiki.com\/booking\/disponibilita\/waikiki\/de?\/&#038;tipologia=BSUP\" target=\"_self\"><span style=\"font-weight:300;\">JETZT BUCHEN<\/span><\/a>\n\t\t\t\t\t\t<\/sr7-slide>\n\t\t\t\t\t\t<\/sr7-carousel>\n\t\t\t\t\t<\/sr7-content>\n\t\t\t\t\t<image_lists style=\"display:none\">\n\t\t\t\t\t\t<img data-src=\"\/\/campingwaikiki.com\/wp-content\/uploads\/2024\/02\/mobilehomesbeachsupreme01-1.jpg\" data-libid=\"10560\" title=\"mobilehomesbeachsupreme01\" width=\"0\" height=\"0\" data-dbsrc=\"Ly9jYW1waW5nd2Fpa2lraS5jb20vd3AtY29udGVudC91cGxvYWRzLzIwMjQvMDIvbW9iaWxlaG9tZXNiZWFjaHN1cHJlbWUwMS0xLmpwZw==\"\/>\n\t\t\t\t\t\t<img data-src=\"\/\/campingwaikiki.com\/wp-content\/uploads\/2024\/02\/mobilehomesbeachsupreme03.jpg\" data-libid=\"10557\" title=\"mobilehomesbeachsupreme03\" width=\"0\" height=\"0\" data-dbsrc=\"Ly9jYW1waW5nd2Fpa2lraS5jb20vd3AtY29udGVudC91cGxvYWRzLzIwMjQvMDIvbW9iaWxlaG9tZXNiZWFjaHN1cHJlbWUwMy5qcGc=\"\/>\n\t\t\t\t\t\t<img data-src=\"\/\/campingwaikiki.com\/wp-content\/uploads\/2024\/02\/mobilehomesbeachsupreme02.jpg\" data-libid=\"10556\" title=\"mobilehomesbeachsupreme02\" width=\"0\" height=\"0\" data-dbsrc=\"Ly9jYW1waW5nd2Fpa2lraS5jb20vd3AtY29udGVudC91cGxvYWRzLzIwMjQvMDIvbW9iaWxlaG9tZXNiZWFjaHN1cHJlbWUwMi5qcGc=\"\/>\n\t\t\t\t\t\t<img data-src=\"\/\/campingwaikiki.com\/wp-content\/uploads\/2024\/02\/mobilehomesbeachsupreme05.jpg\" data-libid=\"10559\" title=\"mobilehomesbeachsupreme05\" width=\"0\" height=\"0\" data-dbsrc=\"Ly9jYW1waW5nd2Fpa2lraS5jb20vd3AtY29udGVudC91cGxvYWRzLzIwMjQvMDIvbW9iaWxlaG9tZXNiZWFjaHN1cHJlbWUwNS5qcGc=\"\/>\n\t\t\t\t\t\t<img data-src=\"\/\/campingwaikiki.com\/wp-content\/uploads\/2024\/02\/mobilehomesbeachsupreme04.jpg\" data-libid=\"10558\" title=\"mobilehomesbeachsupreme04\" width=\"0\" height=\"0\" data-dbsrc=\"Ly9jYW1waW5nd2Fpa2lraS5jb20vd3AtY29udGVudC91cGxvYWRzLzIwMjQvMDIvbW9iaWxlaG9tZXNiZWFjaHN1cHJlbWUwNC5qcGc=\"\/>\n\t\t\t\t\t<\/image_lists>\n\t\t\t\t<\/sr7-module>\n\t\t\t\t<script>\n\t\t\t\t\tSR7.PMH ??={}; SR7.PMH[\"SR7_150_1\"] = {cn:100,state:false,fn: function() { if (_tpt!==undefined && _tpt.prepareModuleHeight !== undefined) {  _tpt.prepareModuleHeight({id:\"SR7_150_1\",el:[652,652,550,420,462],type:'carousel',shdw:'0',gh:[620,620,550,420,420],gw:[640,640,480,360,320],vpt:['0px&#039;,&#039;0px&#039;,&#039;0px&#039;,&#039;0px&#039;,&#039;0px'],size:{fullWidth:true, fullHeight:false},mh:'0',onh:0,onw:0,bg:{color:'{\"type\":\"solid\",\"orig\":\"#ffffff\",\"string\":\"rgba(255, 255, 255, 1)\"}'},carousel:{pt:'0',pb:'0'}});   SR7.PMH[\"SR7_150_1\"].state=true;} else if(SR7.PMH[\"SR7_150_1\"].cn-->0)\tsetTimeout( SR7.PMH[\"SR7_150_1\"].fn,19);}};SR7.PMH[\"SR7_150_1\" ].fn();\n\t\t\t\t<\/script>\n[\/vc_column][\/vc_row][vc_row css=&#8220;.vc_custom_1615919972340{margin-top: 20px !important;}&#8220;][vc_column width=&#8220;2\/3&#8243;][vc_column_text]<\/p>\n<h3 style=\"text-align: left;\"><strong><mark>MOBILE HOMES BEACH SUPREME<\/mark><\/strong><\/h3>\n<p><strong>Direkt am Meer,<\/strong> eignen sich die Mobilhomes Beach Supreme sich bestens f\u00fcr Familien, da sie bis zu 6 Personen Platz bieten.<\/p>\n<p><strong>Die Unterk\u00fcnfte verf\u00fcgen<\/strong> \u00fcber Schlafraum mit Doppelbett und privatem Badezimmer, Schlafraum mit zwei Einzelbetten, Wohnraum mit Doppelschlafsofa und komplett ausgestattete K\u00fcche, Badezimmer. <strong>\u00dcberdachte Holzterrasse mit Tisch und Gartenst\u00fchlen.<\/strong>[\/vc_column_text][vc_column_text]<img loading=\"lazy\" decoding=\"async\" class=\"alignnone size-full wp-image-6173\" src=\"https:\/\/campingwaikiki.com\/wp-content\/uploads\/2021\/03\/5-6-PAX.png\" alt=\"\" width=\"50\" height=\"50\" \/>\u00a0 \u00a0 \u00a0 <img loading=\"lazy\" decoding=\"async\" class=\"alignnone size-full wp-image-6168\" src=\"https:\/\/campingwaikiki.com\/wp-content\/uploads\/2021\/03\/TV-2.png\" alt=\"\" width=\"50\" height=\"50\" \/>\u00a0 \u00a0 \u00a0 <img loading=\"lazy\" decoding=\"async\" class=\"alignnone size-full wp-image-6171\" src=\"https:\/\/campingwaikiki.com\/wp-content\/uploads\/2021\/03\/AIR-COND-2.png\" alt=\"\" width=\"50\" height=\"50\" \/>\u00a0 \u00a0 \u00a0 <img loading=\"lazy\" decoding=\"async\" class=\"alignnone size-full wp-image-6170\" src=\"https:\/\/campingwaikiki.com\/wp-content\/uploads\/2021\/03\/MICROONDE-2.png\" alt=\"\" width=\"50\" height=\"50\" \/>\u00a0 \u00a0 \u00a0 <img loading=\"lazy\" decoding=\"async\" class=\"alignnone size-full wp-image-6172\" src=\"https:\/\/campingwaikiki.com\/wp-content\/uploads\/2021\/03\/40-MQ.png\" alt=\"\" width=\"50\" height=\"50\" \/>\u00a0 \u00a0 \u00a0 <img loading=\"lazy\" decoding=\"async\" class=\"alignnone size-full wp-image-6169\" src=\"https:\/\/campingwaikiki.com\/wp-content\/uploads\/2021\/03\/PARKING-2.png\" alt=\"\" width=\"50\" height=\"50\" \/><\/p>\n<h4 style=\"text-align: left;\"><strong><mark>AUSTATTUNG<\/mark><\/strong><\/h4>\n<ul>\n<li>ausgestattete Kochnische<\/li>\n<li>Gas mit vier Kochstellen<\/li>\n<li>K\u00fchlschrank mit Gefrierfach<\/li>\n<li>Mikrowelle<\/li>\n<li>elektrischer Wasserkocher<\/li>\n<li>Fernseher<\/li>\n<li>Klimaanlage\/Heizung<\/li>\n<li>Bettw\u00e4sche, Decken, Kopfkissen<\/li>\n<li>Badezimmer mit WC, Waschbecken und Duschkabine<\/li>\n<li>Zweites Badezimmer mit WC, Waschbecken und Bidet<\/li>\n<li>\u00fcberdachte Terrasse mit Tisch und St\u00fchlen<\/li>\n<li>Parkplatz f\u00fcr ein Auto<\/li>\n<\/ul>\n<p>[\/vc_column_text][vc_separator color=&#8220;custom&#8220; accent_color=&#8220;#87db0a&#8220; css=&#8220;.vc_custom_1644925936377{margin-top: 20px !important;}&#8220;][vc_column_text css=&#8220;.vc_custom_1646217608319{margin-bottom: 30px !important;}&#8220;]<\/p>\n<h4 style=\"text-align: left;\"><strong><mark>DEIN HABITAT<\/mark><\/strong><\/h4>\n<p>[\/vc_column_text][vc_single_image image=&#8220;6167&#8243; img_size=&#8220;full&#8220; alignment=&#8220;center&#8220; style=&#8220;vc_box_rounded&#8220; css_animation=&#8220;bounceInLeft&#8220; css=&#8220;.vc_custom_1646222074223{margin-bottom: 25px !important;padding-right: 20px !important;padding-left: 20px !important;}&#8220;][\/vc_column][vc_column width=&#8220;1\/3&#8243;][vc_cta h2=&#8220;&#8220; h2_font_container=&#8220;font_size:28&#8243; h2_use_theme_fonts=&#8220;yes&#8220; h4=&#8220;Buchen Sie dieses Habitat&#8220; add_button=&#8220;bottom&#8220; btn_title=&#8220;VERF\u00dcGBARKEIT PR\u00dcFEN&#8220; btn_style=&#8220;outline-custom&#8220; btn_outline_custom_color=&#8220;#87db0a&#8220; btn_outline_custom_hover_background=&#8220;#87db0a&#8220; btn_outline_custom_hover_text=&#8220;#ffffff&#8220; btn_size=&#8220;lg&#8220; btn_align=&#8220;center&#8220; btn_i_icon_fontawesome=&#8220;fas fa-angle-double-right&#8220; use_custom_fonts_h2=&#8220;true&#8220; btn_button_block=&#8220;true&#8220; btn_add_icon=&#8220;true&#8220; btn_link=&#8220;url:https%3A%2F%2Fbooking.campingwaikiki.com%2Fbooking%2Fdisponibilita%2Fwaikiki%2Fde%3F%2F%26tipologia%3DBSUP&#8220;][\/vc_cta][vc_separator color=&#8220;custom&#8220; accent_color=&#8220;#87db0a&#8220; css=&#8220;.vc_custom_1644927280267{margin-top: 10px !important;margin-bottom: 40px !important;}&#8220;][vc_column_text]<\/p>\n<h4 style=\"text-align: left;\"><strong><mark>M\u00f6chten Sie Informationen anfordern?<\/mark><\/strong><\/h4>\n<p>[\/vc_column_text][vc_column_text]<style>\r\n\t#errorMsg {\r\n\tcolor:red;\r\n\t}\r\n\t\r\n\t#contactConfirm {\r\n\tdisplay:none;\r\n\t}\r\n<\/style>\r\n<div role=\"form\" class=\"wpcf7\" id=\"contactForm\" lang=\"en-US\" dir=\"ltr\">\r\n<div class=\"screen-reader-response\"><p role=\"status\" aria-live=\"polite\" aria-atomic=\"true\"><\/p> <ul><\/ul><\/div>\r\n<div class=\"qodef-cf7-contact\">\r\n<span class=\"wpcf7-form-control-wrap your-email\"><input id=\"email\" type=\"email\" name=\"your-email\" value=\"\" size=\"40\" class=\"wpcf7-form-control wpcf7-text wpcf7-email wpcf7-validates-as-required wpcf7-validates-as-email\" aria-required=\"true\" aria-invalid=\"false\" placeholder=\"Email*\"><\/span><br>\r\n<span class=\"wpcf7-form-control-wrap your-subject\"><input id=\"subject\" type=\"text\" name=\"your-subject\" size=\"40\" class=\"wpcf7-form-control wpcf7-text\" aria-invalid=\"false\" readonly value=\"Mobile Homes Beach Supreme\" placeholder=\"Subject\"><\/span><br>\r\n<span class=\"wpcf7-form-control-wrap your-message\"><textarea id=\"message\" name=\"your-message\" cols=\"10\" rows=\"3\" class=\"wpcf7-form-control wpcf7-textarea\" aria-invalid=\"false\" placeholder=\"Anfrage\"><\/textarea><\/span><br>\r\n<span class=\"wpcf7-form-control-wrap your-email\"><input type=\"checkbox\" id=\"privacy\" name=\"privacy\"> Ich best\u00e4tige, dass ich die <a href=\"\/de\/privacy-policy\/\">Informationen zur Datenverarbeitung<\/a> gelesen habe.<\/span><br><br>\r\n<button type=\"button\" onclick=\"waikiki_home_contact()\" class=\"qodef-btn qodef-btn-solid\"><span class=\"qodef-btn-line-holder\"><span class=\"qodef-btn-line-top\"><\/span><span class=\"qodef-btn-line\"><\/span><span class=\"qodef-btn-line-bottom\"><\/span><\/span><span class=\"qodef-btn-text\" >Senden<\/span><\/button>\r\n<\/div>\r\n<div id=\"errorMsg\"><\/div>\r\n<\/div>\r\n <div id='contactConfirm'>\r\n\tIhre Nachricht wurde gesendet.\r\n  <\/div>\r\n[\/vc_column_text][vc_separator color=&#8220;custom&#8220; accent_color=&#8220;#87db0a&#8220; css=&#8220;.vc_custom_1644927225369{margin-top: 20px !important;margin-bottom: 10px !important;}&#8220;][vc_column_text]<\/p>\n<h4 style=\"text-align: left;\"><strong><mark>Um die Lage der Unterkunft zu erfahren<\/mark><\/strong><\/h4>\n<p>[\/vc_column_text]<div class=\"qodef-section-title-holder  qodef-st-standard qodef-st-title-left qodef-st-normal-space \" style=\"text-align: left\">\n\t<div class=\"qodef-st-inner\">\n\t\t\t\t            <div class=\"qodef-section-title-button-holder\">\n            <div class=\"qodef-section-title-button\">\n                <a itemprop=\"url\" href=\"\/de\/camping-village-waikiki\/\" target=\"_self\"  class=\"qodef-btn qodef-btn-large qodef-btn-simple\"  >    <span class=\"qodef-btn-line-holder\">        <span class=\"qodef-btn-line-top\"><\/span>        <span class=\"qodef-btn-line\"><\/span>        <span class=\"qodef-btn-line-bottom\"><\/span>    <\/span>        <span class=\"qodef-btn-text\">Siehe den Lageplan<\/span><\/a>            <\/div>\n        <\/div>\n    \t<\/div>\n<\/div>[vc_separator color=&#8220;custom&#8220; accent_color=&#8220;#87db0a&#8220; css=&#8220;.vc_custom_1644927225369{margin-top: 20px !important;margin-bottom: 10px !important;}&#8220;][vc_column_text css=&#8220;.vc_custom_1646217177729{margin-bottom: 10px !important;}&#8220;]<span style=\"color: #87db0a;\"><strong>Teilen Sie dieses Habitat mit Ihrer Familie!<\/strong><\/span>[\/vc_column_text]<div class=\"qodef-social-share-holder qodef-list\">\n\t\t<ul>\n\t\t<li class=\"qodef-facebook-share\">\n\t<a itemprop=\"url\" class=\"qodef-share-link\" href=\"#\" onclick=\"window.open(&#039;http:\/\/www.facebook.com\/sharer.php?u=https%3A%2F%2Fcampingwaikiki.com%2Fde%2Fhabitat-open-air%2Fmobile-homes-beach-supreme%2F&#039;, &#039;sharer&#039;, &#039;toolbar=0,status=0,width=620,height=280&#039;);\">\n\t \t\t\t\t<span class=\"qodef-social-network-icon social_facebook\"><\/span>\n\t\t\t<\/a>\n<\/li><li class=\"qodef-twitter-share\">\n\t<a itemprop=\"url\" class=\"qodef-share-link\" href=\"#\" onclick=\"window.open(&#039;http:\/\/twitter.com\/home?status=%5Bvc_row+full_width%3D%26%238220%3Bstretch_row_content%26%238220%3B+equal_height%3D%26%238220%3Byes%26%238220%3B%5D%5Bvc_column+https:\/\/campingwaikiki.com\/de\/habitat-open-air\/mobile-homes-beach-supreme\/&#039;, &#039;popupwindow&#039;, &#039;scrollbars=yes,width=800,height=400&#039;);\">\n\t \t\t\t\t<span class=\"qodef-social-network-icon social_twitter\"><\/span>\n\t\t\t<\/a>\n<\/li><li class=\"qodef-linkedin-share\">\n\t<a itemprop=\"url\" class=\"qodef-share-link\" href=\"#\" onclick=\"popUp=window.open(&#039;http:\/\/linkedin.com\/shareArticle?mini=true&amp;url=https%3A%2F%2Fcampingwaikiki.com%2Fde%2Fhabitat-open-air%2Fmobile-homes-beach-supreme%2F&amp;title=Mobile+Homes+Beach+Supreme&#039;, &#039;popupwindow&#039;, &#039;scrollbars=yes,width=800,height=400&#039;);popUp.focus();return false;\">\n\t \t\t\t\t<span class=\"qodef-social-network-icon social_linkedin\"><\/span>\n\t\t\t<\/a>\n<\/li><li class=\"qodef-tumblr-share\">\n\t<a itemprop=\"url\" class=\"qodef-share-link\" href=\"#\" onclick=\"popUp=window.open(&#039;http:\/\/www.tumblr.com\/share\/link?url=https%3A%2F%2Fcampingwaikiki.com%2Fde%2Fhabitat-open-air%2Fmobile-homes-beach-supreme%2F&amp;name=Mobile+Homes+Beach+Supreme&amp;description=%5Bvc_row+full_width%3D%26%238220%3Bstretch_row_content%26%238220%3B+equal_height%3D%26%238220%3Byes%26%238220%3B%5D%5Bvc_column+css%3D%26%238220%3B.vc_custom_1615970081844%7Bpadding-bottom%3A+15px+%21important%3B%7D%26%238220%3B%5D%5B%2Fvc_column%5D%5B%2Fvc_row%5D%5Bvc_row+css%3D%26%238220%3B.vc_custom_1615919972340%7Bmargin-top%3A+20px+%21important%3B%7D%26%238220%3B%5D%5Bvc_column+width%3D%26%238220%3B2%2F3%26%238243%3B%5D%5Bvc_column_text%5D+MOBILE+HOMES+BEACH+SUPREME+Direkt+am+Meer%2C+eignen+sich+die+Mobilhomes+Beach+Supreme+sich+bestens+f%C3%BCr+Familien%2C+da+sie+bis+zu+6+Personen+Platz+bieten.+Die+Unterk%C3%BCnfte+verf%C3%BCgen+%C3%BCber+Schlafraum+%5B%26hellip%3B%5D&#039;, &#039;popupwindow&#039;, &#039;scrollbars=yes,width=800,height=400&#039;);popUp.focus();return false;\">\n\t \t\t\t\t<span class=\"qodef-social-network-icon social_tumblr\"><\/span>\n\t\t\t<\/a>\n<\/li><li class=\"qodef-pinterest-share\">\n\t<a itemprop=\"url\" class=\"qodef-share-link\" href=\"#\" onclick=\"popUp=window.open(&#039;http:\/\/pinterest.com\/pin\/create\/button\/?url=https%3A%2F%2Fcampingwaikiki.com%2Fde%2Fhabitat-open-air%2Fmobile-homes-beach-supreme%2F&amp;description=Mobile Homes Beach Supreme&amp;media=&#039;, &#039;popupwindow&#039;, &#039;scrollbars=yes,width=800,height=400&#039;);popUp.focus();return false;\">\n\t \t\t\t\t<span class=\"qodef-social-network-icon social_pinterest\"><\/span>\n\t\t\t<\/a>\n<\/li><li class=\"qodef-vk-share\">\n\t<a itemprop=\"url\" class=\"qodef-share-link\" href=\"#\" onclick=\"popUp=window.open(&#039;http:\/\/vkontakte.ru\/share.php?url=https%3A%2F%2Fcampingwaikiki.com%2Fde%2Fhabitat-open-air%2Fmobile-homes-beach-supreme%2F&amp;title=Mobile+Homes+Beach+Supreme&amp;description=%5Bvc_row+full_width%3D%26%238220%3Bstretch_row_content%26%238220%3B+equal_height%3D%26%238220%3Byes%26%238220%3B%5D%5Bvc_column+css%3D%26%238220%3B.vc_custom_1615970081844%7Bpadding-bottom%3A+15px+%21important%3B%7D%26%238220%3B%5D%5B%2Fvc_column%5D%5B%2Fvc_row%5D%5Bvc_row+css%3D%26%238220%3B.vc_custom_1615919972340%7Bmargin-top%3A+20px+%21important%3B%7D%26%238220%3B%5D%5Bvc_column+width%3D%26%238220%3B2%2F3%26%238243%3B%5D%5Bvc_column_text%5D+MOBILE+HOMES+BEACH+SUPREME+Direkt+am+Meer%2C+eignen+sich+die+Mobilhomes+Beach+Supreme+sich+bestens+f%C3%BCr+Familien%2C+da+sie+bis+zu+6+Personen+Platz+bieten.+Die+Unterk%C3%BCnfte+verf%C3%BCgen+%C3%BCber+Schlafraum+%5B%26hellip%3B%5D&amp;image=&#039;, &#039;popupwindow&#039;, &#039;scrollbars=yes,width=800,height=400&#039;);popUp.focus();return false;\">\n\t \t\t\t\t<span class=\"qodef-social-network-icon fab fa-vk\"><\/span>\n\t\t\t<\/a>\n<\/li>\t<\/ul>\n<\/div>[vc_separator color=&#8220;custom&#8220; accent_color=&#8220;#87db0a&#8220; css=&#8220;.vc_custom_1644928099566{margin-top: 20px !important;margin-bottom: 40px !important;}&#8220;][vc_column_text css=&#8220;.vc_custom_1646217188003{margin-bottom: 10px !important;}&#8220;]<\/p>\n<h4 style=\"text-align: left;\"><strong><mark>News<\/mark><\/strong><\/h4>\n<p>[\/vc_column_text]<div class=\"qodef-blog-list-holder qodef-grid-list qodef-disable-bottom-space qodef-bl-standard qodef-one-columns qodef-no-space qodef-bl-pag-no-pagination\"  data-type=standard data-number-of-posts=1 data-number-of-columns=one data-space-between-items=no data-orderby=date data-order=DESC data-image-size=full data-title-tag=h4 data-excerpt-length=40 data-post-info-section=yes data-post-info-image=yes data-post-info-author=no data-post-info-date=no data-post-info-category=yes data-post-info-comments=no data-post-info-share=no data-read-more-button=yes data-pagination-type=no-pagination data-enable-link-over=no data-max-num-pages=26 data-next-page=2>\n\t<div class=\"qodef-bl-wrapper qodef-outer-space\">\n\t\t<ul class=\"qodef-blog-list\">\n\t\t\t<li class=\"qodef-bl-item qodef-item-space\">\n\t<div class=\"qodef-bli-inner\">\n\t\t\n\t<div class=\"qodef-post-image\">\n\t\t\t\t\t<a itemprop=\"url\" href=\"https:\/\/campingwaikiki.com\/de\/danke-fuer-eine-unvergessliche-saison\/\" title=\"Danke f\u00fcr eine unvergessliche Saison\">\n\t\t\t\t\t<img loading=\"lazy\" decoding=\"async\" width=\"1920\" height=\"1280\" src=\"https:\/\/campingwaikiki.com\/wp-content\/uploads\/2025\/09\/Waikiki-Fine-stagione-2025.jpg\" class=\"attachment-full size-full wp-post-image\" alt=\"\" srcset=\"https:\/\/campingwaikiki.com\/wp-content\/uploads\/2025\/09\/Waikiki-Fine-stagione-2025.jpg 1920w, https:\/\/campingwaikiki.com\/wp-content\/uploads\/2025\/09\/Waikiki-Fine-stagione-2025-300x200.jpg 300w, https:\/\/campingwaikiki.com\/wp-content\/uploads\/2025\/09\/Waikiki-Fine-stagione-2025-1024x683.jpg 1024w, https:\/\/campingwaikiki.com\/wp-content\/uploads\/2025\/09\/Waikiki-Fine-stagione-2025-768x512.jpg 768w, https:\/\/campingwaikiki.com\/wp-content\/uploads\/2025\/09\/Waikiki-Fine-stagione-2025-1536x1024.jpg 1536w\" sizes=\"auto, (max-width: 1920px) 100vw, 1920px\" \/>\t\t\t\t\t<\/a>\n\t\t\t\t\t<\/div>\n        <div class=\"qodef-bli-content\">\n                            <div class=\"qodef-bli-info\">\n\t                <div class=\"qodef-post-info-category\">\n    <a href=\"https:\/\/campingwaikiki.com\/de\/category\/news-de\/\" rel=\"category tag\">News<\/a><\/div>                <\/div>\n            \t\n\t        \n<h4 itemprop=\"name\" class=\"entry-title qodef-post-title\" >\n            <a itemprop=\"url\" href=\"https:\/\/campingwaikiki.com\/de\/danke-fuer-eine-unvergessliche-saison\/\" title=\"Danke f\u00fcr eine unvergessliche Saison\">\n            Danke f\u00fcr eine unvergessliche Saison            <\/a>\n    <\/h4>\t\n\t        <div class=\"qodef-bli-excerpt\">\n                \t\t<div class=\"qodef-post-excerpt-holder\">\n\t\t\t<p itemprop=\"description\" class=\"qodef-post-excerpt\">\n\t\t\t\t\r\nDieser Sommer im Camping Waikiki Village in Jesolo war eine spannende Reise voller Natur, Entspannung, Spa\u00df und unvergesslicher Momente. Eingebettet zwischen Pinienwald und Meer ist unser Feriendorf f\u00fcr viele zu einem echten \u201eZuhause fern von Zuhause\u201c geworden \u2013 ein Ort,\t\t\t<\/p>\n\t\t<\/div>\n\t\t\t\t\t\t<div class=\"qodef-post-read-more-button\">\n\t\t<a itemprop=\"url\" href=\"https:\/\/campingwaikiki.com\/de\/danke-fuer-eine-unvergessliche-saison\/\" target=\"_self\"  class=\"qodef-btn qodef-btn-medium qodef-btn-simple qodef-blog-list-button\"  >    <span class=\"qodef-btn-line-holder\">        <span class=\"qodef-btn-line-top\"><\/span>        <span class=\"qodef-btn-line\"><\/span>        <span class=\"qodef-btn-line-bottom\"><\/span>    <\/span>        <span class=\"qodef-btn-text\">read more<\/span><\/a>\t<\/div>\n\t        <\/div>\n\t                <\/div>\n\t<\/div>\n<\/li>\t\t<\/ul>\n\t<\/div>\n\t<\/div>[\/vc_column][\/vc_row]<\/p>\n<\/div>","protected":false},"excerpt":{"rendered":"<p>[vc_row full_width=&#8220;stretch_row_content&#8220; equal_height=&#8220;yes&#8220;][vc_column css=&#8220;.vc_custom_1615970081844{padding-bottom: 15px !important;}&#8220;][\/vc_column][\/vc_row][vc_row css=&#8220;.vc_custom_1615919972340{margin-top: 20px !important;}&#8220;][vc_column width=&#8220;2\/3&#8243;][vc_column_text] MOBILE HOMES BEACH SUPREME Direkt am Meer, eignen sich die Mobilhomes Beach Supreme sich bestens f\u00fcr Familien, da sie bis zu 6 Personen Platz bieten. Die Unterk\u00fcnfte verf\u00fcgen \u00fcber Schlafraum [&hellip;]<\/p>\n","protected":false},"author":1,"featured_media":0,"parent":7045,"menu_order":0,"comment_status":"closed","ping_status":"closed","template":"","meta":{"footnotes":""},"class_list":["post-7081","page","type-page","status-publish","hentry"],"aioseo_notices":[],"_links":{"self":[{"href":"https:\/\/campingwaikiki.com\/de\/wp-json\/wp\/v2\/pages\/7081","targetHints":{"allow":["GET"]}}],"collection":[{"href":"https:\/\/campingwaikiki.com\/de\/wp-json\/wp\/v2\/pages"}],"about":[{"href":"https:\/\/campingwaikiki.com\/de\/wp-json\/wp\/v2\/types\/page"}],"author":[{"embeddable":true,"href":"https:\/\/campingwaikiki.com\/de\/wp-json\/wp\/v2\/users\/1"}],"replies":[{"embeddable":true,"href":"https:\/\/campingwaikiki.com\/de\/wp-json\/wp\/v2\/comments?post=7081"}],"version-history":[{"count":16,"href":"https:\/\/campingwaikiki.com\/de\/wp-json\/wp\/v2\/pages\/7081\/revisions"}],"predecessor-version":[{"id":10634,"href":"https:\/\/campingwaikiki.com\/de\/wp-json\/wp\/v2\/pages\/7081\/revisions\/10634"}],"up":[{"embeddable":true,"href":"https:\/\/campingwaikiki.com\/de\/wp-json\/wp\/v2\/pages\/7045"}],"wp:attachment":[{"href":"https:\/\/campingwaikiki.com\/de\/wp-json\/wp\/v2\/media?parent=7081"}],"curies":[{"name":"wp","href":"https:\/\/api.w.org\/{rel}","templated":true}]}}