{"id":7105,"date":"2021-03-19T12:30:38","date_gmt":"2021-03-19T11:30:38","guid":{"rendered":"https:\/\/waikiki.egiweb.it\/regolamento-waikiki-village\/"},"modified":"2024-02-05T11:31:30","modified_gmt":"2024-02-05T10:31:30","slug":"campingordnung-waikiki-village","status":"publish","type":"page","link":"https:\/\/campingwaikiki.com\/de\/campingordnung-waikiki-village\/","title":{"rendered":"Campingordnung Waikiki Village"},"content":{"rendered":"<div class=\"wpb-content-wrapper\"><p>[vc_row][vc_column][vc_column_text]Die vorliegende Campingordnung wird allen ankommenden G\u00e4sten im Moment der Anmeldung ausgeh\u00e4ndigt und ist gut sichtbar beim Eingang des CAMPING WAIKIKI ausgeh\u00e4ngt.<\/p>\n<p>Die Aufnahme in den Campingplatz setzt die Anerkennung aller darin enthaltenen Bestimmungen und der Allgemeinen Bedingungen voraus.<\/p>\n<p>&nbsp;<\/p>\n<p><strong><mark>1. CHECK-IN<\/mark><\/strong><\/p>\n<p>F\u00fcr den Zutritt zum Campingplatz und f\u00fcr den Aufenthalt ist die Registrierung jeder einzelnen Person obligatorisch.<br \/>\nBei der Ankunft ist jeder Campingast verpflichtet einen g\u00fcltigen Ausweis f\u00fcr die gesetzliche Meldung abzugeben.<br \/>\nAu\u00dferdem ist der Gast verpflichtet die Richtigkeit auf dem Meldschein zu \u00fcberpr\u00fcfen und etwaige Nicht\u00fcbereinstimmungen oder fehlerhafte Eintr\u00e4ge unverz\u00fcglich mitzuteilen.<br \/>\nJedem einzelnen Gast wird anschlie\u00dfend ein &#8222;Campingpass&#8220; ausgeh\u00e4ndigt, der auf Verlangen des Aufsichtspersonals vorgezeigt werden muss. Au\u00dferdem erh\u00e4lt jeder Gast ein Erkennungsarmband, das f\u00fcr den gesamten Aufenthalt getragen werden muss. Beides ist bei der Abreise abzugeben.<br \/>\nFalls durch eine Kontrolle aufkommt, dass sich mehr Personen als angegeben auf dem Campingplatz befinden, muss jede nicht registrierte Person bei der Direktion den Tagespreis zzgl. 100% Aufschlag ab dem Tag der Registrierung bezahlen. Die gesamte Familie muss daraufhin den Campingplatz verlassen.<\/p>\n<p>&nbsp;<\/p>\n<p><strong><mark>2. BESUCHER<\/mark><\/strong><\/p>\n<p>Die Personen, die Camping Waikiki G\u00e4ste besuchen m\u00f6chten, sind verpflichtet, am Eingang einen Ausweis zu hinterlegen. Bei Aufenthalten \u00fcber 60 Minuten wird f\u00fcr jede Person der Tagesbesuchertarif laut Preisliste angewandt. Besuche f\u00fcr G\u00e4ste sind nur bis 20:00 Uhr erlaubt und nur, nachdem die Genehmigung von der Direktion erhalten wurde. Besucher m\u00fcssen in jedem Fall sp\u00e4testens um 22:00 Uhr des Besuchstages den Campingplatz verlassen. Die Direktion hat das Recht, Besuchern den Eintritt zu verbieten. Pkws und Motorr\u00e4der m\u00fcssen in jedem Fall au\u00dferhalb des Campingplatzes abgestellt werden.<\/p>\n<p>Der Campinggast ist verpflichtet sich zu vergewissern, dass seine Besucher im Besitz der Eintrittserlaubnis sind und ist f\u00fcr deren Verhalten im Inneren des Campingplatzes verantwortlich.<\/p>\n<p><strong>\u00a0<\/strong><\/p>\n<p><strong><mark>3. MINDERJ\u00c4HRIGE<\/mark><\/strong><\/p>\n<p>Minderj\u00e4hrige (&lt; 18 Jahre) werden nur in Begleitung der Eltern aufgenommen und m\u00fcssen mit diesen zusammen wohnen, damit die Beaufsichtigung und ein korrektes Verhalten der Jugendlichen gew\u00e4hrleistet ist. Kinder d\u00fcrfen die verschiedenen Einrichtungen und Toiletten nur in Begleitung benutzen. Eltern haften f\u00fcr ihre Kinder.<\/p>\n<p>&nbsp;<\/p>\n<p><strong><mark>4. UNTERKUNFT<\/mark><\/strong><\/p>\n<p>Der Mieter des Stellplatzes oder der Wohneinheit ist verpflichtet, den Bestand und den Zustand der Gegenst\u00e4nde im Apartment zu kontrollieren. Eventuelle Sch\u00e4den sind der Rezeption sofort mitzuteilen, um die entsprechenden Instandsetzungen vornehmen zu k\u00f6nnen. Der Mieter des Stellplatzes oder der Wohneinheit haftet f\u00fcr die Gegenst\u00e4nde und muss diese bei Bruch oder Fehlen ersetzen.<br \/>\nDie Reservierung versichert die Art der Ihnen zugeteilten Unterkunft f\u00fcr den angegebenenZeitraum. Die Direktion vorbeh\u00e4lt sich das Recht darauf, die erw\u00e4hnte Nummer zu \u00e4ndern, ohne Sie zu benachrichtigen, bis zu Ihrer Anreise.<br \/>\nDie Haltung von Tieren ist in den Unterk\u00fcnften, ausser in den PET VILLAGE, wo Hunde erlaubt sind, nicht gestattet; auch nicht wenn diese nur vor\u00fcbergehend oder gelegentlich oder auch ausserhalb der R\u00e4ume gehalten werden. Das Aufstellen von Zelten und Wohnwagen zwischen den Unterk\u00fcnften ist nicht erlaubt.<\/p>\n<p>&nbsp;<\/p>\n<p><strong><mark>5. STELLPLATZ<\/mark><\/strong><\/p>\n<p>Der Feriengast ist dar\u00fcber informiert, dass pro Standplatz nur ein Wohnmobil oder ein Wohn wagen plus dazugeh\u00f6rigem Fahrzeug (Auto oder Motorrad) aufgestellt werden darf. Der Stellplatz ist gut abgegrenzt und nummeriert. Die gesamte Campingausr\u00fcstung samt Pkw ist innerhalb seiner Grenzen unterzubringen. Dabei muss man beachten, ausreichend Platz zu den angrenzenden Stellpl\u00e4tzen zu lassen, um ohne Hindernisse die Wasser- und Stromanschl\u00fcsse zu erreichen und um bei Notf\u00e4llen einen Durchgang f\u00fcr die Evakuierung zu erm\u00f6glichen. CAMPINGORDNUNG PAG 1 Jeder Stellplatz hat Anrecht auf einen Stromanschluss. Der Stellplatz kann nicht ohne Genehmigung der Direktion gewechselt werden. Es ist nicht erlaubt, den Stellplatz mit St\u00fchlen, Tischen, Fahrr\u00e4dern und dergleichen zu belegen. Aus hygienischen Gr\u00fcnden ist der Camper verpflichtet den Stellplatz sauber und in Ordnung zu halten. Haustiere sind auf dem Stellplatz nicht erlaubt.<\/p>\n<p>&nbsp;<\/p>\n<p><strong><mark>6. VERBOTE UND SICHERHEIT<\/mark><\/strong><\/p>\n<p>Es ist strengstens verboten:<\/p>\n<ul>\n<li>In den Mietunterk\u00fcnften, den Sanit\u00e4rgeb\u00e4uden und allen \u00f6ffentlichen Lokalen im Campingplatz zu rauchen, gem\u00e4\u00df des Art. N. 51 des Gesetzes N. 3 vom\u00a0 16\/01\/2003;<\/li>\n<li>Jegliche Art von Einz\u00e4unung. Widerrechtlich errichtete Begrenzungen werden ohne Vorank\u00fcndigung entfernt;<\/li>\n<li>An den B\u00e4umen Sonnenschutzplanen jeglicher Gr\u00f6\u00dfen und W\u00e4scheleinen anzubringen;<\/li>\n<li>Pflanzen oder Ausstattungen des Campingplatzes zu besch\u00e4digen;<\/li>\n<li>Gr\u00e4ben um die Zelte auszuheben;<\/li>\n<li>Feuer im Freien zu machen;<\/li>\n<li>die Elektrik zu ver\u00e4ndern;<\/li>\n<li>FEUER zu machen oder offenen Flammen zu verwenden (Kerzen, etc.);<\/li>\n<li>SCHWIMMB\u00c4DER w\u00e4hrend der Schlie\u00dfzeit zu benutzen;<\/li>\n<li>Zelte jeder Gr\u00f6\u00dfe aufzubauen;<\/li>\n<li>Feuerwaffen jeglicher Art und andere Angriffsgegenst\u00e4nde auf den Campingplatz zu bringen;<\/li>\n<li>Fahnen, Plakate oder andere Dinge aufzustellen, die andere G\u00e4ste st\u00f6ren oder ihre Gef\u00fchle verletzen k\u00f6nnen. Gem\u00e4\u00df den neuen Bestimmungen zur Sicherheit der Campingg\u00e4ste und gegen Umweltverschmutzung ist Grillen mit Gas Brennholz oder Holzkohle nicht gestattet.<\/li>\n<\/ul>\n<p>&nbsp;<\/p>\n<p><strong><mark>7. STRASSENVERKEHR<\/mark><\/strong><\/p>\n<p>Im Interesse der G\u00e4ste und aus Sicherheitsgr\u00fcnden, wird darum gebeten das Auto oder Motorrad so wenig wie m\u00f6glich zu benutzen. Die erlaubte H\u00f6chstgeschwindigkeit betr\u00e4gt 10 km\/h. Die Benutzung der Fahrzeuge ist in den Nachtstunden (von 24.00 &#8211; 07.00 Uhr) generell untersagt. Es ist verboten, Autos am Restaurant und au\u00dferhalb der erlaubten Parkpl\u00e4tze abzustellen.<\/p>\n<p>&nbsp;<\/p>\n<p><strong><mark>8. RUHEZEITEN<\/mark><\/strong><\/p>\n<p>Von 13.00 bis 15.00 Uhr und von 24.00 bis 7.00 jeder Gast muss die Ruhezeiten strikt einzuhalten. Bitte vermeiden Sie zu allen Zeiten Ruhest\u00f6rungen und jegliche mit L\u00e4rmentwicklung verbundenen T\u00e4tigkeiten, um die anderen Campingg\u00e4ste nicht zu st\u00f6ren. Audioger\u00e4te und Fernsehapparate d\u00fcrfen benutzt werden. Dies muss jedoch bei leiser einstellung erfolgen und ist keineswegs von 24.00 bis 7.00 Uhr gestattet.<\/p>\n<p>&nbsp;<\/p>\n<p><strong><mark>9. WERTSACHENAUFBEWAHRUNG<\/mark><\/strong><\/p>\n<p>Die Direktion garantiert zwar eine kontinuierliche \u00dcberwachung des Campingplatzes, haftet aber nicht f\u00fcr eventuellen Diebstahl oder Verlust. JEDER GAST MUSS SELBST AUF SEINE PERS\u00d6NLICHEN GEGENST\u00c4NDE ACHTEN. Achten Sie selbst immer gutauf Ihr Eigentum und treffen Sie die notwendigen Vorsichtsma\u00dfregeln. Geld und Wertsachen sollten nicht unbewacht in den Wohnwagen, Zelten und Unterk\u00fcnften herumliegen. Auf dem Campingplatz gefundene Gegenst\u00e4nde sind bei den \u00f6ffentlichen Sicherheitsbeh\u00f6rden oder bei der Campingplatzdirektion abzugeben, so dass sie dem rechtm\u00e4\u00dfigen Besitzer zur\u00fcckgegeben werden k\u00f6nnen.<\/p>\n<p>&nbsp;<\/p>\n<p><strong><mark>10. UMWELTPFLEGE<\/mark><\/strong><\/p>\n<p>Auf unserem Campingplatz wird einegetrennte M\u00fcllentsorgung angewandt. Im Innern des Resorts befinden sich zahlreiche Abfallpl\u00e4tze und M\u00fcllbeh\u00e4lter. Wir bitten unsere\u00a0 G\u00e4ste diese entsprechend zu benutzen.<\/p>\n<ul>\n<li>Toiletten, Waschr\u00e4ume, Waschbecken und Duschen sind nach ihrer Benutzung so zu hinterlassen, wie man sie selbst gerne vorfinden m\u00f6chte.<\/li>\n<li>Es ist strengstens verboten heisse Fl\u00fcssigkeiten oder Abwasser auf den Boden oder in den Abfluss der Trinkwassers\u00e4ulen zu leeren.<\/li>\n<li>Ausserdem ist das Waschen an den Wasser\u00e4ulen der Stellpl\u00e4tze untersagt, sowie das Waschen von Geschirr und W\u00e4sche ausserhalb der eigens daf\u00fcr vorgesehen Waschbecken.<\/li>\n<li>Es ist verboten, Autos auf dem Campingplatz zu waschen.<\/li>\n<li>ES WIRD EMPFOHLEN nicht unn\u00fctz Leitungswasser f\u00fcr den Eigenbedarf laufen zu lassen.<\/li>\n<\/ul>\n<p>&nbsp;<\/p>\n<p><strong><mark>11. GEMEINSCHAFTSR\u00c4UMEN<\/mark><\/strong><\/p>\n<p>Um einen sauberen und ordentlichen Zustand zu halten und damit jeder einen sch\u00f6nen Blick auf den GEMEINSCHAFTSR\u00c4UMEN genie\u00dfen, wir bitten unsere G\u00e4ste, diese Richtlinien zu beachten:<\/p>\n<p>&#8211; Keine Schirme oder jede andere schattige Strukturen PFLANZEN &#8211; PARKEN Sie Ihr Auto nur in dem zugewiesenen Parkplatz mit der Nummer der eigenen Wohneinheit.<\/p>\n<p>&#8211; KEINE M\u00d6BEL AUSSERHALB DER H\u00c4USER bringen (B\u00e4nke, St\u00fchle, Tische, Sofas, etc.).<\/p>\n<p>&#8211; auf dem GRAS sind nur erlaubt Handt\u00fccher, Sonnenliegen und Matratzen, die, wie jedes andere Objekt sollte, wenn sie nicht in Gebrauch und in der Nacht entfernt werden, um die Pflege des Gr\u00fcn zu erm\u00f6glichen.<\/p>\n<p>&#8211; H\u00c4NGEMATTEN sind nur zul\u00e4ssig, wenn im Meinung des Personals, keine Gefahr darstellen. In keinem Fall kann die H\u00e4ngematte an den Geh\u00e4usestrukturen fixiert werden.<\/p>\n<p>&#8211; keine Art von SEIL zu B\u00e4umen, Masten oder andere Unterst\u00fctzung BINDEN. Ein Drahtseilakt in jeder H\u00f6he ist eine Gefahr, und wenn Anblick kann schwere Verletzungen verursachen<\/p>\n<p>&#8211; Die Direktion beh\u00e4lt sich das Recht vor, jegliche AUSR\u00dcSTUNG, auch von den G\u00e4sten, zu \u00c4NDERN oder zu ENTFERNEN, wenn dies die Einrichtung der Campinggestaltung st\u00f6rt und\/oder die Sicherheitsstandards nicht erf\u00fcllt.<\/p>\n<p>&nbsp;<\/p>\n<p><strong><mark>12. STROMVERSORGUNG<\/mark><\/strong><\/p>\n<p>Die elektr. Installationen auf den Stellpl\u00e4tzen sind mit mindestens 6 A abgesichert und sind f\u00fcr den Anschluss von Ger\u00e4ten mit niedrigen Wattzahlen ausgelegt. Elektro- Heizl\u00fcfter und Kocher, Hei\u00dfwasserbereiter und andere Gro\u00dfverbraucher sind nicht gestattet.<br \/>\nElektrik: das Direktionspersonal kann jederzeit Kontrollen vornehmen &#8211; obligatorisch sind dreiadrige Kabel mit Erdung (EWG-Vorschrift).<\/p>\n<p>&nbsp;<\/p>\n<p><strong><mark>13. HAFTUNG<\/mark><\/strong><\/p>\n<p>Die Campingleitung haftet nicht f\u00fcr Sch\u00e4den, die von anderen Campingg\u00e4sten, Vandalismus, oder durch Unwetter, durch Naturereignisse, durch Umst\u00fcrzen von B\u00e4umen, Herabfallen von Asten und Kapfen, durch Brand, durch Insekten, durch Epidemien, durch Krankheiten, einschliesslich jener der Pflanzen verursacht werden. Wir informieren, dass die Behandlung der personenbezogenen Daten der G\u00e4ste, mit besonderer Achtung der pers\u00f6nlichen Rechte, laut Rechtsverordnung 196\/03, rechtm\u00e4ssig und korrekt erfolgen wird. Falls jemand Beschwerden \u00fcber das Verhalten anderer G\u00e4ste vorzubringen hat, m\u00f6ge er\/sie dies bei der Direktion tun, die entsprechende Ma\u00dfnahmen ergreifen wird. Die Direktion beh\u00e4lt sich das Recht vor, jeden des Campingplatzes zu verweisen, der f\u00fcr Vandalismus, Bel\u00e4stigung oder Nichtbeachtung dieser Platzordnung verantwortlich ist.<\/p>\n<p>&nbsp;<\/p>\n<p>Die VORSCHRIFTEN der Platzordnung sind durch den Zweck voll gerechtfertigte Einschr\u00e4nkungen, denn das Ziel ist es, bestm\u00f6gliche Bedingungen f\u00fcr ein zivilisiertes Zusammenleben auf der Grundlage der Erziehung zu gegenseitiger Achtung und Wertsch\u00e4tzung zu schaffen.<br \/>\nWir danken f\u00fcr Ihr Verst\u00e4ndnis und w\u00fcnschen Ihnen einen sch\u00f6nen Aufenthalt.<\/p>\n<p><strong>DIE DIREKTION<\/strong>[\/vc_column_text][\/vc_column][\/vc_row]<\/p>\n<\/div>","protected":false},"excerpt":{"rendered":"<p>[vc_row][vc_column][vc_column_text]Die vorliegende Campingordnung wird allen ankommenden G\u00e4sten im Moment der Anmeldung ausgeh\u00e4ndigt und ist gut sichtbar beim Eingang des CAMPING WAIKIKI ausgeh\u00e4ngt. Die Aufnahme in den Campingplatz setzt die Anerkennung aller darin enthaltenen Bestimmungen und der Allgemeinen Bedingungen voraus. &nbsp; [&hellip;]<\/p>\n","protected":false},"author":1,"featured_media":0,"parent":0,"menu_order":0,"comment_status":"closed","ping_status":"closed","template":"","meta":{"footnotes":""},"class_list":["post-7105","page","type-page","status-publish","hentry"],"aioseo_notices":[],"_links":{"self":[{"href":"https:\/\/campingwaikiki.com\/de\/wp-json\/wp\/v2\/pages\/7105","targetHints":{"allow":["GET"]}}],"collection":[{"href":"https:\/\/campingwaikiki.com\/de\/wp-json\/wp\/v2\/pages"}],"about":[{"href":"https:\/\/campingwaikiki.com\/de\/wp-json\/wp\/v2\/types\/page"}],"author":[{"embeddable":true,"href":"https:\/\/campingwaikiki.com\/de\/wp-json\/wp\/v2\/users\/1"}],"replies":[{"embeddable":true,"href":"https:\/\/campingwaikiki.com\/de\/wp-json\/wp\/v2\/comments?post=7105"}],"version-history":[{"count":8,"href":"https:\/\/campingwaikiki.com\/de\/wp-json\/wp\/v2\/pages\/7105\/revisions"}],"predecessor-version":[{"id":10485,"href":"https:\/\/campingwaikiki.com\/de\/wp-json\/wp\/v2\/pages\/7105\/revisions\/10485"}],"wp:attachment":[{"href":"https:\/\/campingwaikiki.com\/de\/wp-json\/wp\/v2\/media?parent=7105"}],"curies":[{"name":"wp","href":"https:\/\/api.w.org\/{rel}","templated":true}]}}