{"id":7111,"date":"2018-10-01T12:45:03","date_gmt":"2018-10-01T12:45:03","guid":{"rendered":"https:\/\/waikiki.egiweb.it\/?page_id=7111"},"modified":"2022-05-13T15:02:43","modified_gmt":"2022-05-13T13:02:43","slug":"privacy-policy","status":"publish","type":"page","link":"https:\/\/campingwaikiki.com\/de\/privacy-policy\/","title":{"rendered":"Privacy Policy"},"content":{"rendered":"<div class=\"wpb-content-wrapper\"><p>[vc_row][vc_column][vc_column_text]<strong>INFORMATIONEN ZUR VERARBEITUNG PERSONENBEZOGENER DATEN<\/strong><\/p>\n<p>gemacht gem\u00e4\u00df Art. 13 der Verordnung (EU) 2016\/679<\/p>\n<p>Allgemeine Verordnung zum Schutz personenbezogener Daten<\/p>\n<p><strong>NAVIGATION AUF DER WEBSITE WWW.CAMPINGWAIKIKI.COM<\/strong><\/p>\n<p>&nbsp;<\/p>\n<p>Im Folgenden stellen wir Personen, die mit unserem Unternehmen in Kontakt kommen (die \u201eInteressenten\u201c), eine kurze Beschreibung der wesentlichen Merkmale der Verarbeitung ihrer personenbezogenen Daten in Bezug auf die Navigation auf der Website von Fangem srl mit Sitz in Viale Oriente, Nr . 144 \u2013 30016 Jesolo &#8211; Umsatzsteuer-Identifikationsnummer 15526701006, die als Datenverantwortlicher fungiert (im Folgenden &#8222;Eigent\u00fcmer&#8220;). Die Verarbeitung erfolgt in \u00dcbereinstimmung mit der Verordnung (EU) 2016\/679 \u2013 Allgemeine Datenschutzverordnung (die \u201eVerordnung\u201c) und dem Gesetzesdekret vom 30. Juni 2003, Nr. 196 in der Fassung des gesetzesvertretenden Dekrets 101\/2018, im Folgenden \u201eKodex\u201c).<\/p>\n<p>Unter \u201eDaten\u201c verstehen wir \u201ealle Informationen, die sich auf eine identifizierte oder identifizierbare nat\u00fcrliche Person beziehen\u201c und unter \u201eBehandlung\u201c \u201ejeden mit oder ohne Hilfe automatisierter Verfahren ausgef\u00fchrten Vorgang oder jede solche Vorgangsreihe, die sich auf personenbezogene Daten oder S\u00e4tze personenbezogener Daten bezieht , wie die Erhebung, Registrierung, Organisiererung, Strukturierung, Speicherung, Anpassung oder Ver\u00e4nderung, Extrahierung, Abfragung, Verwendung, Kommunizieren durch \u00dcbermittlung, Verbreitung oder jede andere Form des Verf\u00fcgbarmachens, Vergleichung oder Zusammenschaltung, Beschr\u00e4nkung, L\u00f6schung oder Vernichtung\u201c.<\/p>\n<p>Weitere Details entnehmen Sie bitte den Detailinformationen unten.<\/p>\n<p>&nbsp;<\/p>\n<ul>\n<li>Wer ist der <strong>Datenverantwortliche<\/strong> und wie lauten die Kontaktdaten des Datenschutzbeauftragten?<\/li>\n<\/ul>\n<p>Die Firma Fangem srl, mit Sitz in Viale Oriente, Nr . 144 \u2013 30016 Jesolo &#8211; Umsatzsteuer-Identifikationsnummer 15526701006- Umsatzsteuer-Identifikationsnummer 01887910287; Kontaktdaten: info@campingwaikiki.com, Telefon 00390421980186 und Fax 00390421378040. Der Datenschutzbeauftragte ist unter der E-Mail-Adresse: dpocampingwaikiki@mailfence.com erreichbar.<\/p>\n<p>&nbsp;<\/p>\n<ul>\n<li>Welche <strong>Daten<\/strong> verarbeiten wir?<\/li>\n<li>Nutzungsdaten (Navigationsdaten);<\/li>\n<li>personenbezogene Daten wie Stammdaten und Kontaktdaten (Name, Nachname, Wohnort, E-Mail, Telefon);<\/li>\n<li>personenbezogene Daten im Zusammenhang mit Abrechnungs- und Zahlungsmethoden;<\/li>\n<li>Angaben zur angeforderten Leistung (zB Buchungsdatum, Personenzahl, Alter);<\/li>\n<li>Lebenslauf und f\u00fcr eine Bewerbung notwendige Angaben \/ Bilder (zB K\u00fcnstler);<\/li>\n<li>vom Benutzer freiwillig bereitgestellte Daten;<\/li>\n<li>alle Daten, die durch Cookies gesammelt werden.<\/li>\n<\/ul>\n<p>&nbsp;<\/p>\n<ul>\n<li><strong>Warum<\/strong> verarbeiten wir pers\u00f6nlichen Daten? (Zweck)<\/li>\n<\/ul>\n<ol>\n<li>Damit Sie unsere Website durchsuchen k\u00f6nnen;<\/li>\n<li>zum Versendung von Informationsmaterial oder anderen Mitteilungen nach dem Ausf\u00fcllen der entsprechenden Formulare oder Kontaktformulare auf der Website durch den Benutzer (z. B. Kontaktformular) oder nach dem Versenden von E-Mails durch den Benutzer an die auf der Website angegebenen Adressen;<\/li>\n<li>f\u00fcr das Angebot der angeforderten Dienstleistung nach Ausf\u00fcllung des entsprechenden Formulars (z. B. Anfrageformular), das auf der Website durch den Benutzer vorhanden ist, und allgemein f\u00fcr den Abschluss und die ordnungsgem\u00e4\u00dfe Durchf\u00fchrung eines Vertrages mit dem Interessenten und \/ oder f\u00fcr die Durchf\u00fchrung von vorvertraglichen T\u00e4tigkeiten und Ma\u00dfnahmen auf Wunsch des Interessenten;<\/li>\n<li>um es dem Nutzer zu erm\u00f6glichen, eine Gesch\u00e4fts-\/Vertrags-\/Kooperationsbeziehung mit Fangem aufzubauen (z. B. K\u00fcnstlerregistrierungsformular);<\/li>\n<li>zur Erf\u00fcllung gesetzlicher Verpflichtungen oder beh\u00f6rdlicher Anordnungen;<\/li>\n<li>zur Feststellung, Aus\u00fcbung oder Verteidigung eines Rechts vor Gericht oder wenn die Beh\u00f6rden ihre Aufgaben wahrnehmen, sowie zur Identifizierung b\u00f6swilliger oder betr\u00fcgerischer Aktivit\u00e4ten;<\/li>\n<li>zu statistischen Zwecken;<\/li>\n<li>zur Versendung von kommerziellen Informationen und Newslettern mit Ihrer Zustimmung.<\/li>\n<\/ol>\n<p>&nbsp;<\/p>\n<ul>\n<li><strong>Worauf basiert<\/strong> die Behandlung? (Rechtliche Grundlage)<\/li>\n<\/ul>\n<ol>\n<li>Die Unterbehandlung. 1), 6), 7) ist mit dem berechtigten Interesse des Datenverantwortlichen verbunden.<\/li>\n<li>Die Unterbehandlung. 5) ist notwendig, um die gesetzlichen oder beh\u00f6rdlichen Verpflichtungen des Datenverantwortlichen zu erf\u00fcllen.<\/li>\n<li>Die Unterbehandlung. 2), 3) und 4) ist notwendig zur Erf\u00fcllung eines Vertrags oder vorvertraglicher Ma\u00dfnahmen, die auf Anfrage des Nutzers getroffen werden.<\/li>\n<li>Die Unterbehandlung. 8) erfolgt auf der Grundlage der Zustimmung der interessierten Person.<\/li>\n<\/ol>\n<p>&nbsp;<\/p>\n<ul>\n<li><strong>Wie<\/strong> verarbeiten wir personenbezogene Daten?<\/li>\n<\/ul>\n<p>In elektronischer, telematischer und\/oder Papierform, unter Beachtung aller Vorsichtsma\u00dfnahmen, die vom Datenverantwortlichen ergriffen werden, um ihre Sicherheit, Vertraulichkeit und Kontrolle zu gew\u00e4hrleisten.<\/p>\n<p>Die Daten k\u00f6nnen unter Beachtung der einschl\u00e4gigen Vorschriften auch auf Servern au\u00dferhalb der Europ\u00e4ischen Gemeinschaft gespeichert und verarbeitet werden.<\/p>\n<p>&nbsp;<\/p>\n<ul>\n<li><strong>An wen geben<\/strong> wir personenbezogene Daten weiter?<\/li>\n<\/ul>\n<p>(Kategorien von Empf\u00e4ngern)<\/p>\n<ol>\n<li>Mitarbeiter, Partner und vom dem Eigent\u00fcmer ernannte und autorisierte Personen;<\/li>\n<li>Externe Personen (z. B. Dienstleister), die als Datenverarbeiter gem\u00e4\u00df Artikel 28 der DSGVO fungieren, wie z. B. die Person, die die Website verwaltet;<\/li>\n<li>Subjekte, die gesetzlich berechtigt sind, auf die Daten zuzugreifen;<\/li>\n<li>Personen, mit denen eine Kommunikation zur Erf\u00fcllung vertraglicher Pflichten erforderlich ist;<\/li>\n<li>\u00d6ffentliche Beh\u00f6rden;<\/li>\n<li><\/li>\n<li>Die vom Datenverantwortlichen verarbeiteten personenbezogenen Daten unterliegen in keiner Weise der Offenlegung.<\/li>\n<\/ol>\n<p>&nbsp;<\/p>\n<ul>\n<li><strong>Wie lange<\/strong> speichern wir personenbezogene Daten?<\/li>\n<\/ul>\n<p>Personenbezogene Daten werden so lange aufbewahrt, wie es zur Verfolgung der oben aufgef\u00fchrten Zwecke erforderlich ist. In jedem Fall darf die Verarbeitung f\u00fcr jede verarbeitete Daten nicht l\u00e4nger als die Verj\u00e4hrungsfrist f\u00fcr die Aus\u00fcbung der Rechte in Bezug auf diese Daten dauern.<\/p>\n<p>Kriterien zur Bestimmung der weiteren Aufbewahrungsdauer der Daten:<\/p>\n<ol>\n<li>Verfolgung der mit der Verarbeitung verbundenen Zwecke.<\/li>\n<li>Gesetzlich vorgeschriebene Aufbewahrungszeit.<\/li>\n<li>Widerruf der Einwilligung durch die interessierte Partei (im Falle einer auf Einwilligung basierenden Verarbeitung, wie z. B. in Bezug auf die Zusendung von kommerziellen Informationen und Newslettern in Bezug auf die Dienstleistungen und Produkte des Verantwortlichen).<\/li>\n<li>Maximal zul\u00e4ssige Dauer nach geltendem Recht zum Schutz der Rechte und \/ oder Interessen des Datenverantwortlichen.<\/li>\n<\/ol>\n<p>&nbsp;<\/p>\n<ul>\n<li>Ist die <strong>\u00dcbermittlung personenbezogener Daten<\/strong> obligatorisch oder freiwillig? Was passiert, wenn die \u00dcbermittlung personenbezogener Daten <strong>verweigert<\/strong> wird?<\/li>\n<\/ul>\n<p>Um die Website zu durchsuchen, muss der Benutzer uns Navigationsdaten und die in einigen Cookies (technischen Cookies) enthaltenen Daten zur Verf\u00fcgung stellen. Im Falle einer Nichtbereitstellung hat der Benutzer m\u00f6glicherweise ein nicht optimales Surferlebnis auf dieser Website, und wir k\u00f6nnen Ihre Anforderungen m\u00f6glicherweise nicht erf\u00fcllen.<\/p>\n<p>Die freiwillige Angabe weiterer Daten, z. Das Ausf\u00fcllen der Formulare auf der Website ist optional, aber wenn Sie sich weigern, die als obligatorisch angegebenen Daten zu \u00fcbermitteln, k\u00f6nnen wir Ihre Anfragen m\u00f6glicherweise nicht erf\u00fcllen.<\/p>\n<p>Die Bereitstellung ist optional, um kommerzielle Informationen und Newsletter in Bezug auf die Dienstleistungen des Datenverantwortlichen zu versenden; Jede Weigerung, Daten f\u00fcr diese spezielle Behandlung bereitzustellen, hat keine Konsequenzen in Bezug auf die Erf\u00fcllung und Verwirklichung der anderen angegebenen Zwecke und daher in Bezug auf alles, was mit der Begr\u00fcndung und Erf\u00fcllung des Vertrags oder der Durchf\u00fchrung vorvertraglicher Ma\u00dfnahmen zusammenh\u00e4ngt. aber die einzige Unm\u00f6glichkeit, mit der Zusendung der oben genannten kommerziellen Informationen fortzufahren.<\/p>\n<p>&nbsp;<\/p>\n<ul>\n<li>Welche <strong>Rechte<\/strong> hat der Betroffene?<\/li>\n<\/ul>\n<p>Der Interessent hat das Recht:<\/p>\n<ol>\n<li>Auf die Befindlichen Daten in unserem Besitz zu greifen und deren \u00dcbermittlung in verst\u00e4ndlicher Form anzuforden;<\/li>\n<li>Die Aktualisierung, Berichtigung und \/ oder Integration zu bitten;<\/li>\n<li>L\u00f6schung beanzutragen (&#8222;Recht auf Vergessenwerden&#8220;);<\/li>\n<li>Die Einschr\u00e4nkung der Verarbeitung anzufordern;<\/li>\n<li>Eine Benachrichtigung \u00fcber die Aktualisierung, Berichtigung, L\u00f6schung, Einschr\u00e4nkung anzuforden;<\/li>\n<li>Daten\u00fcbertragbarkeit anfordern;<\/li>\n<li>Sich der Verarbeitung zu widersetzen.<\/li>\n<li>Die erteilte Einwilligung f\u00fcr die Verarbeitungszwecke, die dies erfordern, jederzeit widerrufen.<\/li>\n<\/ol>\n<p>Beschwerde bei einer Aufsichtsbeh\u00f6rde zu einreichen.<\/p>\n<p>&nbsp;<\/p>\n<p><strong>1 -Identit\u00e4t und Kontaktdaten des Datenverantwortlichen und des Datenverarbeiters<\/strong><\/p>\n<p>Unternehmen Fangem srl, mit Sitz in Viale Oriente, Nr . 144 \u2013 30016 Jesolo &#8211; Umsatzsteuer-Identifikationsnummer 15526701006- Umsatzsteuer-Identifikationsnummer 01887910287; Kontaktdaten: info@campingwaikiki.com, Telefon 00390421980186 und Fax 00390421378040. Der Datenschutzbeauftragte ist unter der E-Mail-Adresse: dpocampingwaikiki@mailfence.com erreichbar.<\/p>\n<p>&nbsp;<\/p>\n<p><strong>2 &#8211; Art der verarbeiteten Daten<\/strong><\/p>\n<p>Der Besuch und die Konsultation der Website beinhaltet im Allgemeinen die Erhebung und Verarbeitung der allgemeinen personenbezogenen Daten des Benutzers, die mit den Navigationsdaten verbunden sind. Dar\u00fcber hinaus werden durch das Ausf\u00fcllen der entsprechenden Kontaktformulare oder Formulare auf der Seite personenbezogene Daten wie Personen- und Kontaktdaten (z. B. Name, Nachname, Wohnadresse, E-Mail, Telefon), Informationen zur angeforderten Dienstleistung (z , Personenzahl, Alter), weitere vom Nutzer freiwillig angegebene Daten sowie Rechnungs- und Zahlungsdaten, wie z.B. Kreditkartenzahlungsdaten, IBAN.<\/p>\n<p>Durch das Ausf\u00fcllen des Formulars \u201eK\u00fcnstleranmeldung\u201c k\u00f6nnen Daten zum Lebenslauf und die f\u00fcr eine Bewerbung notwendigen Informationen\/Bilder erhoben werden.<\/p>\n<p>In Bezug auf alle Daten, die mithilfe von Cookies gesammelt werden, lesen Sie bitte die spezifische Richtlinie, die unter dem Link https:\/\/campingwaikiki.com\/de\/cookies-policy\/ erreichbar ist.<\/p>\n<p>&nbsp;<\/p>\n<p><strong>3 &#8211; Zweck und Rechtsgrundlage der Datenverarbeitung<\/strong><\/p>\n<p>Der Datenverantwortliche f\u00fchrt die Verarbeitung zu folgenden Zwecken durch:<\/p>\n<p>1) dem Benutzer die Nutzung von Diensten und Funktionen auf der Website zu erm\u00f6glichen, basierend auf dem berechtigten Interesse des Datenverantwortlichen;<\/p>\n<p>2) zur Zusendung von Informationsmaterial oder sonstigen Mitteilungen nach Ausf\u00fcllen der entsprechenden Formulare oder Kontaktformulare auf der Website durch den Nutzer (z. B. Kontaktformular \/ K\u00fcnstleranmeldung) oder nach Versendung von E-Mails durch den Nutzer des Nutzers an die Adressen auf der Seite angegeben und f\u00fcr die damit verbundenen und weiteren Zwecke der Bearbeitung der Anfrage, und allgemein f\u00fcr den Abschluss und die ordnungsgem\u00e4\u00dfe Durchf\u00fchrung eines Vertrages mit dem Interessenten und \/ oder f\u00fcr die Durchf\u00fchrung vorvertraglicher Aktivit\u00e4ten und Ma\u00dfnahmen, die vom Benutzer erforderlich sind;<\/p>\n<p>3) f\u00fcr das Angebot der angeforderten Dienstleistung nach Ausf\u00fcllen des entsprechenden Formulars (z. B. Angebotsanfrageformular), das auf der Website durch den Benutzer vorhanden ist, und im Allgemeinen f\u00fcr den Abschluss und die ordnungsgem\u00e4\u00dfe Ausf\u00fchrung eines Vertrags mit dem Interessenten und \/ oder f\u00fcr die Durchf\u00fchrung von vom Nutzer gew\u00fcnschten vorvertraglichen T\u00e4tigkeiten und Ma\u00dfnahmen;<\/p>\n<p>4) Erf\u00fcllung gesetzlicher Verpflichtungen, denen der Verantwortliche unterliegt;<\/p>\n<p>5) ein Recht vor Gericht feststellen, aus\u00fcben oder verteidigen m\u00fcssen oder wann immer die Beh\u00f6rden ihre Aufgaben wahrnehmen, auf der Grundlage des berechtigten Interesses des Datenverantwortlichen, sowie um b\u00f6swillige oder betr\u00fcgerische Aktivit\u00e4ten zu identifizieren;<\/p>\n<p>6) f\u00fcr statistische Zwecke aufgrund des berechtigten Interesses des Datenverantwortlichen;<\/p>\n<p>7) zum Versenden von kommerziellen Informationen und Newslettern in Bezug auf die Dienstleistungen des Verantwortlichen, vorbehaltlich Ihrer Zustimmung.<\/p>\n<p>&nbsp;<\/p>\n<p><strong>4 &#8211; Methoden der Datenverarbeitung<\/strong><\/p>\n<p>Die Daten werden mit Unterst\u00fctzung von Computer-, Telematik- und \/ oder Papiermitteln in \u00dcbereinstimmung mit der Verordnung und dem Kodex verarbeitet und in jedem Fall so, dass die Sicherheit und Vertraulichkeit der Daten gew\u00e4hrleistet und ihre Offenlegung verhindert wird oder Nichtnutzung, autorisiert, \u00c4nderung oder Vernichtung. Daher werden personenbezogene Daten unter vollst\u00e4ndiger Einhaltung der Grunds\u00e4tze der Notwendigkeit, der Datenminimierung und der Begrenzung der Aufbewahrungsfrist verarbeitet und gespeichert, indem technische und organisatorische Ma\u00dfnahmen ergriffen werden, die dem Risikoniveau der Behandlungen entsprechen.<\/p>\n<p>Soweit f\u00fcr die Verfolgung der in Absatz 3 genannten Zwecke erforderlich, k\u00f6nnen die Daten der interessierten Partei ins Ausland, in Nicht-EU-L\u00e4nder \/ -Organisationen \u00fcbermittelt werden, die die Einhaltung der von der DSGVO vorgesehenen Verarbeitungsmethoden garantieren, insbesondere gem\u00e4\u00df Artikel . 44 und SS. DSGVO.<\/p>\n<p>&nbsp;<\/p>\n<p><strong>5 &#8211; Datenempf\u00e4nger<\/strong><\/p>\n<p>Die Daten k\u00f6nnen (beschr\u00e4nkt auf den jeweiligen Zust\u00e4ndigkeitsbereich und ausschlie\u00dflich zur Umsetzung der beschriebenen Zwecke) weitergegeben werden:<\/p>\n<ol>\n<li>a) Personen, denen die \u00dcbermittlung von Daten f\u00fcr das Funktionieren der Website erforderlich ist, die aufgrund schriftlicher Vereinbarungen mit dem Datenverantwortlichen als Datenverarbeiter fungieren, wie beispielsweise der Verwalter der Website;<\/li>\n<li>b) Verantwortliche und vom Datenverantwortlichen autorisierte Personen, die zur Verschwiegenheit verpflichtet sind oder einer angemessenen gesetzlichen Verschwiegenheitspflicht unterliegen (z. B. Mitarbeiter und Mitarbeiter des Datenverantwortlichen);<\/li>\n<\/ol>\n<p>Die Daten werden nicht verbreitet.<\/p>\n<p>Zur Erf\u00fcllung gesetzlicher Verpflichtungen, Vorschriften, Gemeinschaftsgesetze oder vertraglicher Verpflichtungen sowie zur Aus\u00fcbung etwaiger Rechte vor Gericht k\u00f6nnen die folgenden Dritten (i) Banken, Kreditinstitute, Kreditinstitute Zugriff auf die Daten der interessierten Partei haben und finanziell; (ii) Steuer-, Rechts- oder Buchhaltungsberater; (iii) Unternehmen, die dem Datenverantwortlichen Dienstleistungen erbringen, die f\u00fcr die Verwaltung des Vertragsverh\u00e4ltnisses von entscheidender Bedeutung sind (z. B. Anbieter von Verwaltungsanwendungen); (iv) \u00f6ffentliche und private Aufsichts- und Kontrollbeh\u00f6rden und -organe (z. B. Finanzamt, Justizbeh\u00f6rde etc.). (v) Unternehmen, die dem Inhaber Dienstleistungen erbringen, die f\u00fcr die Kreditbeitreibung von entscheidender Bedeutung sind.<\/p>\n<p>&nbsp;<\/p>\n<p><strong>6 &#8211; Datenaufbewahrungsfrist<\/strong><\/p>\n<p>Im Rahmen der oben genannten Zwecke werden die Daten so lange aufbewahrt, wie es zur Erreichung der Zwecke, f\u00fcr die sie erhoben und verarbeitet wurden, unbedingt erforderlich ist. Das Kriterium f\u00fcr die Bestimmung der tats\u00e4chlichen Datenaufbewahrungsfrist wird durch die Verj\u00e4hrungsfrist der Handlungen dargestellt, die sich aus der bestehenden Beziehung mit der interessierten Partei ergeben. Unbeschadet der Notwendigkeit, Daten zur Erf\u00fcllung gesetzlicher Verpflichtungen des Datenverantwortlichen oder zur Feststellung, Aus\u00fcbung oder Verteidigung der Rechte des Datenverantwortlichen vor Gericht aufzubewahren, werden die Daten der betroffenen Person nicht l\u00e4nger als 10 Jahre aufbewahrt Jahre ab Beendigung der Beziehung oder ab Erf\u00fcllung des vorgesehenen Zwecks, mit Ausnahme einer konkreten Unterbrechung der Verj\u00e4hrung, nach der dieselben Daten unwiderruflich vernichtet oder anonymisiert werden, es sei denn, ihre weitere Aufbewahrung ist zur Erf\u00fcllung gesetzlicher Verpflichtungen oder zur Erf\u00fcllung erforderlich auf Anordnungen von Beh\u00f6rden und\/oder Aufsichtsbeh\u00f6rden.<\/p>\n<p>Die Daten in Bezug auf den Zweck des Versands von kommerziellen Informationen und Newslettern in Bezug auf die Dienstleistungen des Datenverantwortlichen werden in den Archiven des Datenverantwortlichen gespeichert, bis sie f\u00fcr die oben angegebenen Marketingzwecke als n\u00fctzlich erachtet werden, unbeschadet eines m\u00f6glichen Widerrufs der Zustimmung durch die Interessent (Opt-Out).<\/p>\n<p>Die Navigationsdaten werden unmittelbar nach der Verarbeitung gel\u00f6scht (mit Ausnahme der Protokolldaten, die f\u00fcr gesetzliche Verpflichtungen einschlie\u00dflich der m\u00f6glichen Notwendigkeit zur Feststellung einer Straftat durch die zust\u00e4ndigen Beh\u00f6rden aufbewahrt werden m\u00fcssen); Informationen zu Cookies finden Sie in der spezifischen \u201eCookie-Richtlinie\u201c.<\/p>\n<p>&nbsp;<\/p>\n<ol start=\"7\">\n<li><strong> Obligatorischer und optionaler Charakter der Bereitstellung personenbezogener Daten<\/strong><\/li>\n<\/ol>\n<p>Um die Website zu durchsuchen, muss der Benutzer Navigationsdaten und die in einigen Cookies (technischen Cookies) enthaltenen Daten bereitstellen. Im Falle einer Nichtbereitstellung hat der Benutzer m\u00f6glicherweise ein nicht optimales Surferlebnis auf dieser Website, und wir sind m\u00f6glicherweise nicht in der Lage, die entsprechenden Anfragen zu erf\u00fcllen.<\/p>\n<p>Die freiwillige Angabe weiterer Daten, z. Das Ausf\u00fcllen der Formulare auf der Website ist optional, jedoch kann eine Verweigerung der \u00dcbermittlung der oben genannten Daten es unm\u00f6glich machen, die Anfrage des Benutzers zu erf\u00fcllen oder die angeforderte Dienstleistung zu erbringen, und es notwendigerweise unm\u00f6glich machen, die Reservierung zu erwerben und \/ oder zu best\u00e4tigen , wobei die Kommunikation zu diesem Zweck wesentlich und notwendig ist.<\/p>\n<p>Die Bereitstellung ist optional, um kommerzielle Informationen und Newsletter in Bezug auf die Dienstleistungen des Datenverantwortlichen zu versenden; Jede Weigerung, Daten f\u00fcr diese spezielle Behandlung bereitzustellen, hat keine Konsequenzen in Bezug auf die Erf\u00fcllung und Verwirklichung der anderen angegebenen Zwecke und daher in Bezug auf alles, was mit der Begr\u00fcndung und Erf\u00fcllung des Vertrags oder der Durchf\u00fchrung vorvertraglicher Ma\u00dfnahmen zusammenh\u00e4ngt. aber die einzige Unm\u00f6glichkeit, mit der Zusendung der oben genannten kommerziellen Informationen fortzufahren.<\/p>\n<p>Die Bereitstellung ist zur Erf\u00fcllung rechtlicher Verpflichtungen zwingend erforderlich; Im Falle Ihrer Ablehnung kann unsere Struktur das Vertragsverh\u00e4ltnis und die damit verbundenen gesetzlichen Verpflichtungen nicht fortsetzen.<\/p>\n<p>&nbsp;<\/p>\n<p><strong>8 &#8211; Rechte der interessierten Partei<\/strong><\/p>\n<p>Durch Senden einer Mitteilung an den Sitz des Eigent\u00fcmers oder an die Adresse privacy@campingwaikiki.com kann jede interessierte Partei jederzeit die in den Artikeln genannten Rechte aus\u00fcben. ab 15 ff. der Verordnung, einschlie\u00dflich: (i) eine Best\u00e4tigung dar\u00fcber zu erhalten, ob ihn betreffende Daten verarbeitet werden oder nicht; (ii) Zugang zu ihren Daten und Informationen gem\u00e4\u00df Art. 15 der Verordnung; (iii) unverz\u00fcglich die Berichtigung ihn betreffender unrichtiger Daten oder die Erg\u00e4nzung unvollst\u00e4ndiger Daten zu verlangen; (iv) unverz\u00fcglich die L\u00f6schung der ihn betreffenden Daten zu verlangen; (v) die Einschr\u00e4nkung der Verarbeitung der ihn betreffenden Daten zu verlangen; (vi) \u00fcber alle Berichtigungen oder L\u00f6schungen oder Einschr\u00e4nkungen der Verarbeitung in Bezug auf die ihn betreffenden Daten informiert zu werden; (vii) die ihn betreffenden Daten in einem strukturierten Format zu erhalten, das allgemein verwendet und von einem automatischen Ger\u00e4t gelesen werden kann; (viii) sich jederzeit aus Gr\u00fcnden, die mit ihrer besonderen Situation zusammenh\u00e4ngen, der Verarbeitung der sie betreffenden Daten zu widersetzen, die auf der Grundlage des berechtigten Interesses des f\u00fcr die Datenverarbeitung Verantwortlichen erfolgt; (ix) die zuvor erteilte Einwilligung jederzeit und kostenlos zu widerrufen, unbeschadet der Rechtm\u00e4\u00dfigkeit der bis zum Widerruf erfolgten Verarbeitung. Die vollst\u00e4ndige Liste der Rechte der interessierten Partei finden Sie unter https:\/\/www.garanteprivacy.it\/Regolazioneue\/diritti-degli-interessati.(mettere link ?)<\/p>\n<p>Die Aus\u00fcbung der vorgenannten Rechte unterliegt keinen formellen Beschr\u00e4nkungen und ist kostenlos. Die Anfrage des Interessenten wird innerhalb eines Monats nach Erhalt beantwortet. Bei besonderer Komplexit\u00e4t kann die Frist verl\u00e4ngert werden; In diesen F\u00e4llen verpflichtet sich der Datenverantwortliche, innerhalb eines Monats nach Erhalt der Anfrage mindestens eine Zwischenmitteilung bereitzustellen.<\/p>\n<p>Im Falle der Aus\u00fcbung eines der in den Bestimmungen vorgesehenen Rechte beh\u00e4lt sich der Datenverantwortliche das Recht vor, die Identit\u00e4t des Antragstellers zu \u00fcberpr\u00fcfen und die Zusendung einer Fotokopie eines Identit\u00e4tsdokuments zu verlangen, das die Legitimit\u00e4t des Antrags best\u00e4tigt. Sobald die Identit\u00e4t des Antragstellers best\u00e4tigt ist, wird die erhaltene Fotokopie unverz\u00fcglich vernichtet.<\/p>\n<p>&nbsp;<\/p>\n<p><strong>9 &#8211; Beschwerde bei der Aufsichtsbeh\u00f6rde<\/strong><\/p>\n<p>Wenn der Betroffene der Ansicht ist, dass die ihn betreffende Verarbeitung gegen die Bestimmungen der Verordnung verst\u00f6\u00dft, kann er jederzeit eine Beschwerde beim Garanten f\u00fcr den Schutz personenbezogener Daten (www.garanteprivacy.it) oder beim Garanten des Landes einreichen, in dem er sich befindet er seinen gew\u00f6hnlichen Aufenthalt, seine Arbeit oder den Ort hat, an dem die mutma\u00dfliche Verletzung stattgefunden hat.<\/p>\n<p>Der Eigent\u00fcmer beh\u00e4lt sich das Recht vor, jederzeit \u00c4nderungen an dieser Datenschutzrichtlinie vorzunehmen, indem er die Benutzer auf dieser Website benachrichtigt und, sofern technisch und rechtlich m\u00f6glich und nicht \u00fcberm\u00e4\u00dfig belastend, eine Benachrichtigung an die Benutzer \u00fcber eine der angegebenen Kontaktdaten sendet im Besitz. Bitte konsultieren Sie diese Seite daher h\u00e4ufig und beziehen Sie sich dabei auf das Datum der letzten \u00c4nderung, das unten angegeben ist.<\/p>\n<p>Diese Informationen gelten ab dem 13\/05\/2022.[\/vc_column_text][\/vc_column][\/vc_row]<\/p>\n<\/div>","protected":false},"excerpt":{"rendered":"<p>[vc_row][vc_column][vc_column_text]INFORMATIONEN ZUR VERARBEITUNG PERSONENBEZOGENER DATEN gemacht gem\u00e4\u00df Art. 13 der Verordnung (EU) 2016\/679 Allgemeine Verordnung zum Schutz personenbezogener Daten NAVIGATION AUF DER WEBSITE WWW.CAMPINGWAIKIKI.COM &nbsp; Im Folgenden stellen wir Personen, die mit unserem Unternehmen in Kontakt kommen (die \u201eInteressenten\u201c), eine [&hellip;]<\/p>\n","protected":false},"author":1,"featured_media":0,"parent":0,"menu_order":0,"comment_status":"closed","ping_status":"open","template":"","meta":{"footnotes":""},"class_list":["post-7111","page","type-page","status-publish","hentry"],"aioseo_notices":[],"_links":{"self":[{"href":"https:\/\/campingwaikiki.com\/de\/wp-json\/wp\/v2\/pages\/7111","targetHints":{"allow":["GET"]}}],"collection":[{"href":"https:\/\/campingwaikiki.com\/de\/wp-json\/wp\/v2\/pages"}],"about":[{"href":"https:\/\/campingwaikiki.com\/de\/wp-json\/wp\/v2\/types\/page"}],"author":[{"embeddable":true,"href":"https:\/\/campingwaikiki.com\/de\/wp-json\/wp\/v2\/users\/1"}],"replies":[{"embeddable":true,"href":"https:\/\/campingwaikiki.com\/de\/wp-json\/wp\/v2\/comments?post=7111"}],"version-history":[{"count":5,"href":"https:\/\/campingwaikiki.com\/de\/wp-json\/wp\/v2\/pages\/7111\/revisions"}],"predecessor-version":[{"id":9256,"href":"https:\/\/campingwaikiki.com\/de\/wp-json\/wp\/v2\/pages\/7111\/revisions\/9256"}],"wp:attachment":[{"href":"https:\/\/campingwaikiki.com\/de\/wp-json\/wp\/v2\/media?parent=7111"}],"curies":[{"name":"wp","href":"https:\/\/api.w.org\/{rel}","templated":true}]}}