{"id":7671,"date":"2021-05-04T22:39:03","date_gmt":"2021-05-04T20:39:03","guid":{"rendered":"https:\/\/campingwaikiki.com\/spielplatz\/"},"modified":"2021-05-12T16:06:12","modified_gmt":"2021-05-12T14:06:12","slug":"spielplatz","status":"publish","type":"page","link":"https:\/\/campingwaikiki.com\/de\/spielplatz\/","title":{"rendered":"Spielplatz Waikiki Jesolo"},"content":{"rendered":"<div class=\"wpb-content-wrapper\"><p>[vc_section][vc_row][vc_column width=&#8220;2\/3&#8243;][vc_single_image image=&#8220;7810&#8243; img_size=&#8220;full&#8220; alignment=&#8220;center&#8220;][\/vc_column][vc_column width=&#8220;1\/3&#8243;][vc_column_text]<mark>SPIELPLATZ<\/mark><\/p>\n<p>Auf unserem Campinganlage gibt es f\u00fcr die Kleinsten einen Spielplatz mit verschiedenen Spielger\u00e4ten. Im Gegensatz zum freien Spiel im Hausgarten, auf dem Spielplatz von Camping Waikiki k\u00f6nnen die Kinder etwas mehr haben: in der Begegnung mit anderen Kindern, erleben die kleine G\u00e4ste Momente von Sozialisation und lernen zusammen Spass zu haben, sich gemeinsam Spiele und fantastische Geschichten vorzustellen, zu denen jedes Kind mit seiner Phantasie beitragen kann.[\/vc_column_text][\/vc_column][\/vc_row][\/vc_section]<\/p>\n<\/div>","protected":false},"excerpt":{"rendered":"<p>[vc_section][vc_row][vc_column width=&#8220;2\/3&#8243;][vc_single_image image=&#8220;7810&#8243; img_size=&#8220;full&#8220; alignment=&#8220;center&#8220;][\/vc_column][vc_column width=&#8220;1\/3&#8243;][vc_column_text]SPIELPLATZ Auf unserem Campinganlage gibt es f\u00fcr die Kleinsten einen Spielplatz mit verschiedenen Spielger\u00e4ten. Im Gegensatz zum freien Spiel im Hausgarten, auf dem Spielplatz von Camping Waikiki k\u00f6nnen die Kinder etwas mehr haben: in der [&hellip;]<\/p>\n","protected":false},"author":1,"featured_media":0,"parent":0,"menu_order":0,"comment_status":"closed","ping_status":"closed","template":"","meta":{"footnotes":""},"class_list":["post-7671","page","type-page","status-publish","hentry"],"aioseo_notices":[],"_links":{"self":[{"href":"https:\/\/campingwaikiki.com\/de\/wp-json\/wp\/v2\/pages\/7671","targetHints":{"allow":["GET"]}}],"collection":[{"href":"https:\/\/campingwaikiki.com\/de\/wp-json\/wp\/v2\/pages"}],"about":[{"href":"https:\/\/campingwaikiki.com\/de\/wp-json\/wp\/v2\/types\/page"}],"author":[{"embeddable":true,"href":"https:\/\/campingwaikiki.com\/de\/wp-json\/wp\/v2\/users\/1"}],"replies":[{"embeddable":true,"href":"https:\/\/campingwaikiki.com\/de\/wp-json\/wp\/v2\/comments?post=7671"}],"version-history":[{"count":6,"href":"https:\/\/campingwaikiki.com\/de\/wp-json\/wp\/v2\/pages\/7671\/revisions"}],"predecessor-version":[{"id":7817,"href":"https:\/\/campingwaikiki.com\/de\/wp-json\/wp\/v2\/pages\/7671\/revisions\/7817"}],"wp:attachment":[{"href":"https:\/\/campingwaikiki.com\/de\/wp-json\/wp\/v2\/media?parent=7671"}],"curies":[{"name":"wp","href":"https:\/\/api.w.org\/{rel}","templated":true}]}}