{"id":7735,"date":"2021-05-07T11:13:48","date_gmt":"2021-05-07T09:13:48","guid":{"rendered":"https:\/\/campingwaikiki.com\/supermarket-waikiki-jesolo\/"},"modified":"2021-05-21T08:03:21","modified_gmt":"2021-05-21T06:03:21","slug":"supermarket-waikiki-jesolo","status":"publish","type":"page","link":"https:\/\/campingwaikiki.com\/de\/supermarket-waikiki-jesolo\/","title":{"rendered":"Supermarket Waikiki Jesolo"},"content":{"rendered":"<div class=\"wpb-content-wrapper\"><p>[vc_section][vc_row][vc_column width=&#8220;1\/2&#8243;][vc_single_image image=&#8220;7933&#8243; img_size=&#8220;full&#8220;][\/vc_column][vc_column width=&#8220;1\/2&#8243;][vc_column_text]<\/p>\n<h3><mark>Market &amp; Bazar<\/mark><\/h3>\n<p>[\/vc_column_text][vc_column_text]Im Village befindet sich auch unser Mini-Market, der f\u00fcr alle Last-Minute-Eink\u00e4ufe und Grundbed\u00fcrfnisse unerl\u00e4sslich ist. Kleine Haushaltsartikel, K\u00f6rperpflegeprodukte und Lebensmittel: Machen Sie sich keine Sorgen, etwas zu vergessen, im Mini-Markt finden Sie alles, was Sie brauchen, um Ihren Urlaub in unserem Open-Air-Habitat ohne Sorgen zu genie\u00dfen.[\/vc_column_text][\/vc_column][\/vc_row][\/vc_section]<\/p>\n<\/div>","protected":false},"excerpt":{"rendered":"<p>[vc_section][vc_row][vc_column width=&#8220;1\/2&#8243;][vc_single_image image=&#8220;7933&#8243; img_size=&#8220;full&#8220;][\/vc_column][vc_column width=&#8220;1\/2&#8243;][vc_column_text] Market &amp; Bazar [\/vc_column_text][vc_column_text]Im Village befindet sich auch unser Mini-Market, der f\u00fcr alle Last-Minute-Eink\u00e4ufe und Grundbed\u00fcrfnisse unerl\u00e4sslich ist. Kleine Haushaltsartikel, K\u00f6rperpflegeprodukte und Lebensmittel: Machen Sie sich keine Sorgen, etwas zu vergessen, im Mini-Markt finden Sie [&hellip;]<\/p>\n","protected":false},"author":1,"featured_media":0,"parent":0,"menu_order":0,"comment_status":"closed","ping_status":"closed","template":"","meta":{"footnotes":""},"class_list":["post-7735","page","type-page","status-publish","hentry"],"aioseo_notices":[],"_links":{"self":[{"href":"https:\/\/campingwaikiki.com\/de\/wp-json\/wp\/v2\/pages\/7735","targetHints":{"allow":["GET"]}}],"collection":[{"href":"https:\/\/campingwaikiki.com\/de\/wp-json\/wp\/v2\/pages"}],"about":[{"href":"https:\/\/campingwaikiki.com\/de\/wp-json\/wp\/v2\/types\/page"}],"author":[{"embeddable":true,"href":"https:\/\/campingwaikiki.com\/de\/wp-json\/wp\/v2\/users\/1"}],"replies":[{"embeddable":true,"href":"https:\/\/campingwaikiki.com\/de\/wp-json\/wp\/v2\/comments?post=7735"}],"version-history":[{"count":4,"href":"https:\/\/campingwaikiki.com\/de\/wp-json\/wp\/v2\/pages\/7735\/revisions"}],"predecessor-version":[{"id":7985,"href":"https:\/\/campingwaikiki.com\/de\/wp-json\/wp\/v2\/pages\/7735\/revisions\/7985"}],"wp:attachment":[{"href":"https:\/\/campingwaikiki.com\/de\/wp-json\/wp\/v2\/media?parent=7735"}],"curies":[{"name":"wp","href":"https:\/\/api.w.org\/{rel}","templated":true}]}}