{"id":7871,"date":"2021-05-16T13:31:17","date_gmt":"2021-05-16T11:31:17","guid":{"rendered":"https:\/\/campingwaikiki.com\/natural-art-oasis\/"},"modified":"2025-08-20T09:23:32","modified_gmt":"2025-08-20T07:23:32","slug":"natural-art-oasis","status":"publish","type":"page","link":"https:\/\/campingwaikiki.com\/de\/natural-art-oasis\/","title":{"rendered":"Natural Art Oasis"},"content":{"rendered":"<div class=\"wpb-content-wrapper\"><p>[vc_section][vc_row][vc_column width=&#8220;2\/3&#8243;][vc_column_text]<\/p>\n<h3><strong><mark>Natural Art Oasis<\/mark><\/strong><\/h3>\n<p>[\/vc_column_text][vc_column_text]<\/p>\n<h4>Das Waikiki Village ver\u00e4ndert sein Gesicht und wird zu einer Natural Art Oasis, einem Ort, an dem Natur und Kunst in einer Harmonie von Formen, Lichtern und Farben aufeinandertreffen.<\/h4>\n<p>[\/vc_column_text][vc_column_text]Im <strong>Waikiki Village schaffen Kunst und Natur dynamische Verbindungen<\/strong>, \u00fcberlappen sich und schaffen so neue Formen der Sch\u00f6nheit \u2013 f\u00fcr ein Erlebnis, das alle Sinne miteinschlie\u00dft und den \u00e4sthetischen Genuss verst\u00e4rkt.<br \/>\nDas Antlitz des Feriendorfes w\u00e4chst auf ebenso organische Weise wie die umliegende Natur und gewinnt im Laufe der Zeit an neuen Kunstwerken, die von der Malerei bis hin zur Fotografie, von der Installationskunst bis hin zur Bildhauerei reichen und auf eklektische Weise alle Str\u00f6mungen der zeitgen\u00f6ssischen Kunst durchqueren.<br \/>\nDas Village wird um neue Verbindungen zur Welt der Kunst erweitert und <strong>fungiert als Schaufenster f\u00fcr etablierte K\u00fcnstler sowie junge aufstrebende Talente<\/strong>, die ihre Werke im Feriendorf Waikiki pr\u00e4sentieren und hier eine ideale Plattform f\u00fcr eine ausdrucksstarke Kommunikation vorfinden.[\/vc_column_text][\/vc_column][vc_column width=&#8220;1\/3&#8243;][\/vc_column][\/vc_row][\/vc_section][vc_row full_width=&#8220;stretch_row_content&#8220; css=&#8220;.vc_custom_1646904301037{padding-top: 40px !important;}&#8220;][vc_column width=&#8220;1\/3&#8243; css=&#8220;.vc_custom_1621154757453{padding-top: 20px !important;padding-bottom: 20px !important;}&#8220;][vc_single_image image=&#8220;11381&#8243; img_size=&#8220;full&#8220;][vc_column_text]<strong>Die Skulptur aus Cortenstahl<\/strong>, etwa drei Meter hoch, geh\u00f6rt zur Serie <strong><em data-start=\"103\" data-end=\"120\">Paradoxe Totems<\/em><\/strong> von Andrea Conte (Andreco), ein Projekt, das der K\u00fcnstler seit \u00fcber zwanzig Jahren entwickelt.[\/vc_column_text][\/vc_column][vc_column width=&#8220;1\/3&#8243; css=&#8220;.vc_custom_1621154738638{padding-top: 20px !important;padding-bottom: 20px !important;}&#8220;][vc_single_image image=&#8220;11291&#8243; img_size=&#8220;full&#8220;][vc_column_text]<strong>Enrico Menegatti<\/strong>, ein \u201eK\u00fcnstler\u201c dank der Natur. Ich erschaffe meine Werke aus Holz, mit \u00c4sten und St\u00e4mmen, die das Meer ans Ufer tr\u00e4gt.<\/p>\n<p>[\/vc_column_text][\/vc_column][vc_column width=&#8220;1\/3&#8243; css=&#8220;.vc_custom_1621154748322{padding-top: 20px !important;padding-bottom: 20px !important;}&#8220;][vc_single_image image=&#8220;11289&#8243; img_size=&#8220;full&#8220;][vc_column_text]<strong>&#8222;Riflessi&#8220;<\/strong> ist eine h\u00e4ngende Installation, die von einer Gruppe von Sch\u00fclern des Kunstgymnasiums in Venedig geschaffen wurde. Geometrische Elemente definieren verschiedene Kompositionen aus Leerraum und F\u00fclle in vertikaler Entwicklung.[\/vc_column_text][\/vc_column][\/vc_row][vc_row full_width=&#8220;stretch_row_content&#8220;][vc_column width=&#8220;1\/3&#8243; css=&#8220;.vc_custom_1621154757453{padding-top: 20px !important;padding-bottom: 20px !important;}&#8220;][vc_single_image image=&#8220;11290&#8243; img_size=&#8220;full&#8220;][vc_column_text]<\/p>\n<div dir=\"ltr\">\n<div class=\"gmail_default\">\n<p><strong>&#8222;Green Skin&#8220;<\/strong> ist eine Installation, die von einer Gruppe von Sch\u00fclern des Kunstgymnasiums in Venedig geschaffen wurde. Jutebez\u00fcge f\u00fcr Baumst\u00e4mme, gefertigt aus ausgeschnittenen Modulen, die stilisierte Bl\u00e4tter darstellen, entwickeln die Konzepte von Leerraum und F\u00fclle.<\/p>\n<\/div>\n<\/div>\n<p>[\/vc_column_text][\/vc_column][vc_column width=&#8220;1\/3&#8243; css=&#8220;.vc_custom_1621154738638{padding-top: 20px !important;padding-bottom: 20px !important;}&#8220;][vc_single_image image=&#8220;7944&#8243; img_size=&#8220;full&#8220;][vc_column_text]Im Poolbereich ist das Wandgem\u00e4lde <strong>&#8222;The World is Ours&#8220;<\/strong> des Street-Art-K\u00fcnstlers Alessio-B zu sehen. Die Welt geh\u00f6rt uns: Eine Mahnung an die Erwachsenen von morgen, sich um unseren Planeten zu k\u00fcmmern, um ein neues Gleichgewicht zwischen dem Menschen und seinem Lebensraum zu schaffen.[\/vc_column_text][\/vc_column][vc_column width=&#8220;1\/3&#8243; css=&#8220;.vc_custom_1621154748322{padding-top: 20px !important;padding-bottom: 20px !important;}&#8220;][vc_single_image image=&#8220;7847&#8243; img_size=&#8220;full&#8220;][vc_column_text]Der <strong>neue Lagunen-Pool<\/strong>, inspiriert von den Formen der nat\u00fcrlichen D\u00fcnen, die das Waikiki Village vor dem Meer sch\u00fctzen, zeigt den <strong>&#8222;Nebelbaum\u201c<\/strong>. Die Installation der Architektin <strong>Simona M. Favrin<\/strong> hat einen Baum nachgebildet, der mit seinem Wassernebelspiel &#8211; wie der Nebel zwischen den Jahreszeiten &#8211; die feuchten B\u00f6den des Kiefernwaldes in einen weichen Wattemantel h\u00fcllt.[\/vc_column_text][\/vc_column][\/vc_row][vc_row full_width=&#8220;stretch_row_content&#8220;][vc_column width=&#8220;1\/3&#8243; css=&#8220;.vc_custom_1621154738638{padding-top: 20px !important;padding-bottom: 20px !important;}&#8220;][vc_single_image image=&#8220;11285&#8243; img_size=&#8220;full&#8220;][vc_column_text]<\/p>\n<div dir=\"ltr\">\n<div class=\"gmail_default\">\n<p>Die <strong>neuen Mobile Homes der Natural Art Oasis<\/strong> f\u00fcgen sich in nat\u00fcrlicher Harmonie in den Schutzmantel des Kiefernwaldes ein. In ihrem Inneren wird eine kleine Fotogalerie der K\u00fcnstlerinnen <strong>Anna Socci<\/strong> und <strong>Sonia Uniati<\/strong> pr\u00e4sentiert. In den Kiki Homes reihen sich die Fotografien auf der gesamten Wand des Schlafzimmers aneinander und erz\u00e4hlen in Bildern die Natur der K\u00fcste von Jesolo.<\/p>\n<\/div>\n<\/div>\n<p>[\/vc_column_text][\/vc_column][vc_column width=&#8220;1\/3&#8243; css=&#8220;.vc_custom_1621154748322{padding-top: 20px !important;padding-bottom: 20px !important;}&#8220;][\/vc_column][vc_column width=&#8220;1\/3&#8243; css=&#8220;.vc_custom_1621154757453{padding-top: 20px !important;padding-bottom: 20px !important;}&#8220;][\/vc_column][\/vc_row][vc_row full_width=&#8220;stretch_row_content&#8220;][vc_column css=&#8220;.vc_custom_1646901277007{padding-bottom: 20px !important;}&#8220;][vc_column_text]<\/p>\n<h3><strong><mark>DIE K\u00dcNSTLER<\/mark><\/strong><\/h3>\n<p>[\/vc_column_text][\/vc_column][\/vc_row][vc_row full_width=&#8220;stretch_row_content&#8220; equal_height=&#8220;yes&#8220; content_placement=&#8220;top&#8220;][vc_column width=&#8220;1\/4&#8243;][vc_single_image image=&#8220;11378&#8243; img_size=&#8220;full&#8220; onclick=&#8220;custom_link&#8220; link=&#8220;\/de\/art-oasis\/andrea-conte\/&#8220;][vc_column_text]<\/p>\n<h4><strong><mark>Andrea Conte<\/mark><\/strong><\/h4>\n<p>[\/vc_column_text][vc_column_text]<strong>(Andreco)<\/strong> ist ein visueller K\u00fcnstler, der eine wissenschaftliche Ausbildung mit einem Abschluss und einer Promotion in Umwelttechnik verbindet.[\/vc_column_text][vc_btn title=&#8220;MEHR DAZU&#8220; style=&#8220;gradient-custom&#8220; gradient_custom_color_1=&#8220;#87db0a&#8220; gradient_custom_color_2=&#8220;#87db0a&#8220; size=&#8220;sm&#8220; align=&#8220;center&#8220; button_block=&#8220;true&#8220; link=&#8220;url:https%3A%2F%2Fcampingwaikiki.com%2Fde%2Fart-oasis%2Fandrea-conte%2F|title:Enrico%20Menegatti&#8220; css=&#8220;.vc_custom_1755673290483{margin-top: 10px !important;margin-bottom: 20px !important;}&#8220;][\/vc_column][vc_column width=&#8220;1\/4&#8243;][vc_single_image image=&#8220;10794&#8243; img_size=&#8220;full&#8220; onclick=&#8220;custom_link&#8220; link=&#8220;\/de\/art-oasis\/enrico-menegatti\/&#8220;][vc_column_text]<\/p>\n<h4><strong><mark>Enrico Menegatti<\/mark><\/strong><\/h4>\n<p>[\/vc_column_text][vc_column_text]Kunst hat mich schon immer begeistert. Seit einigen Jahren widme ich mich neben der Malerei auch der Bildhauerei&#8230;[\/vc_column_text][vc_btn title=&#8220;MEHR DAZU&#8220; style=&#8220;gradient-custom&#8220; gradient_custom_color_1=&#8220;#87db0a&#8220; gradient_custom_color_2=&#8220;#87db0a&#8220; size=&#8220;sm&#8220; align=&#8220;center&#8220; button_block=&#8220;true&#8220; link=&#8220;url:https%3A%2F%2Fcampingwaikiki.com%2Fde%2Fart-oasis%2Fenrico-menegatti%2F|title:Enrico%20Menegatti&#8220; css=&#8220;.vc_custom_1719400920980{margin-top: 10px !important;margin-bottom: 20px !important;}&#8220;][\/vc_column][vc_column width=&#8220;1\/4&#8243;][vc_single_image image=&#8220;9056&#8243; img_size=&#8220;full&#8220; onclick=&#8220;custom_link&#8220; link=&#8220;\/de\/art-oasis\/alessio-b-street-artist\/&#8220;][vc_column_text]<\/p>\n<h4><strong><mark>Alessio B.<\/mark><\/strong><\/h4>\n<p>[\/vc_column_text][vc_column_text]Der in Padua (IT) geborene Street-Art-K\u00fcnstler Alessio-B schafft einzigartige Szenen, die oft von Frieden und Liebe erz\u00e4hlen &#8230;[\/vc_column_text][vc_btn title=&#8220;MEHR DAZU&#8220; style=&#8220;gradient-custom&#8220; gradient_custom_color_1=&#8220;#87db0a&#8220; gradient_custom_color_2=&#8220;#87db0a&#8220; size=&#8220;sm&#8220; align=&#8220;center&#8220; button_block=&#8220;true&#8220; link=&#8220;url:%2Fde%2Fart-oasis%2Falessio-b-street-artist%2F&#8220; css=&#8220;.vc_custom_1648033084480{margin-top: 10px !important;margin-bottom: 20px !important;}&#8220;][\/vc_column][vc_column width=&#8220;1\/4&#8243;][vc_single_image image=&#8220;9111&#8243; img_size=&#8220;full&#8220; onclick=&#8220;custom_link&#8220; link=&#8220;\/de\/art-oasis\/simona-favrin\/&#8220;][vc_column_text]<\/p>\n<h4><strong><mark>Simona Favrin<\/mark><\/strong><\/h4>\n<p>[\/vc_column_text][vc_column_text]Sie besch\u00e4ftigt sich mit der Gestaltung von Innen- und Au\u00dfenr\u00e4umen, wobei sie in Sachen Design eine Vorliebe &#8230;[\/vc_column_text][vc_btn title=&#8220;MEHR DAZU&#8220; style=&#8220;gradient-custom&#8220; gradient_custom_color_1=&#8220;#87db0a&#8220; gradient_custom_color_2=&#8220;#87db0a&#8220; size=&#8220;sm&#8220; align=&#8220;center&#8220; button_block=&#8220;true&#8220; link=&#8220;url:%2Fde%2Fart-oasis%2Fsimona-favrin%2F&#8220; css=&#8220;.vc_custom_1648033158203{margin-top: 10px !important;margin-bottom: 20px !important;}&#8220;][\/vc_column][\/vc_row][vc_row full_width=&#8220;stretch_row_content&#8220; equal_height=&#8220;yes&#8220; content_placement=&#8220;top&#8220;][vc_column width=&#8220;1\/4&#8243;][vc_single_image image=&#8220;9024&#8243; img_size=&#8220;full&#8220; onclick=&#8220;custom_link&#8220; link=&#8220;\/de\/art-oasis\/sonia-uniati\/&#8220;][vc_column_text]<\/p>\n<h4><strong><mark>Sonia Uniati<\/mark><\/strong><\/h4>\n<p>[\/vc_column_text][vc_column_text]Ich habe keine romantischen Geschichten dar\u00fcber zu erz\u00e4hlen, wie meine Leidenschaft f\u00fcr die Fotografie geboren wurde &#8230;[\/vc_column_text][vc_btn title=&#8220;MEHR DAZU&#8220; style=&#8220;gradient-custom&#8220; gradient_custom_color_1=&#8220;#87db0a&#8220; gradient_custom_color_2=&#8220;#87db0a&#8220; size=&#8220;sm&#8220; align=&#8220;center&#8220; button_block=&#8220;true&#8220; link=&#8220;url:%2Fde%2Fart-oasis%2Fsonia-uniati%2F&#8220; css=&#8220;.vc_custom_1648033100286{margin-top: 10px !important;margin-bottom: 20px !important;}&#8220;][\/vc_column][vc_column width=&#8220;1\/4&#8243;][vc_single_image image=&#8220;9029&#8243; img_size=&#8220;full&#8220; onclick=&#8220;custom_link&#8220; link=&#8220;\/de\/art-oasis\/anna-socci\/&#8220;][vc_column_text]<\/p>\n<h4><strong><mark>Anna Socci<\/mark><\/strong><\/h4>\n<p>[\/vc_column_text][vc_column_text]Ich bin dort geboren und aufgewachsen, wo das Meer endet und die Sonne geboren wird, wo das feurige Rot des Sonnenuntergangs in die Augen der Menschen eindringt &#8230;[\/vc_column_text][vc_btn title=&#8220;MEHR DAZU&#8220; style=&#8220;gradient-custom&#8220; gradient_custom_color_1=&#8220;#87db0a&#8220; gradient_custom_color_2=&#8220;#87db0a&#8220; size=&#8220;sm&#8220; align=&#8220;center&#8220; button_block=&#8220;true&#8220; link=&#8220;url:%2Fde%2Fart-oasis%2Fanna-socci%2F&#8220; css=&#8220;.vc_custom_1648033109422{margin-top: 10px !important;margin-bottom: 20px !important;}&#8220;][\/vc_column][vc_column width=&#8220;1\/4&#8243;][\/vc_column][vc_column width=&#8220;1\/4&#8243;][\/vc_column][\/vc_row][vc_row full_width=&#8220;stretch_row_content&#8220; full_height=&#8220;yes&#8220; equal_height=&#8220;yes&#8220; css=&#8220;.vc_custom_1647254425736{margin-top: 30px !important;padding-top: 20px !important;padding-bottom: 30px !important;}&#8220;][vc_column width=&#8220;1\/2&#8243;][vc_single_image image=&#8220;9105&#8243; img_size=&#8220;full&#8220;][\/vc_column][vc_column width=&#8220;1\/2&#8243;][vc_column_text css=&#8220;.vc_custom_1647519763254{padding-bottom: 25px !important;}&#8220;]<\/p>\n<h3><strong><mark>REGISTRIERUNG F\u00dcR K\u00dcNSTLER<\/mark><\/strong><\/h3>\n<p><strong>Du bist ein\/e junge\/r K\u00fcnstler\/in und m\u00f6chtest deine Kunstwerke im Waikiki Village ausstellen?<\/strong><br \/>\nF\u00fcll das Formular aus, um mit uns in Kontakt zu treten. Wir werden uns deine Werke ansehen und beurteilen, ob sie in unserem Village ausgestellt werden k\u00f6nnen.[\/vc_column_text][vc_raw_html]JTVCd3Bmb3JtcyUyMGlkJTNEJTIyOTE4NiUyMiUyMHRpdGxlJTNEJTIyZmFsc2UlMjIlNUQ=[\/vc_raw_html][\/vc_column][\/vc_row][vc_row][vc_column][vc_column_text]<\/p>\n<div class=\"wpb_text_column wpb_content_element \">\n<div class=\"wpb_wrapper\">\n<h3><mark>INFO UND N\u00dcTZLICHE INFORMATIONEN<\/mark><\/h3>\n<\/div>\n<\/div>\n<div class=\"wpb_text_column wpb_content_element \">\n<div class=\"wpb_wrapper\">\n<p>Alle Neuigkeiten aus der Waikiki Village Welt. Informieren Sie sich \u00fcber die Echtzeit-Updates im News-Bereich.<\/p>\n<\/div>\n<\/div>\n<p>[\/vc_column_text][\/vc_column][\/vc_row][vc_row css=&#8220;.vc_custom_1621154123993{padding-top: 40px !important;}&#8220;][vc_column]<div class=\"qodef-blog-list-holder qodef-grid-list qodef-disable-bottom-space qodef-bl-standard qodef-three-columns qodef-huge-space qodef-bl-pag-no-pagination\"  data-type=standard data-number-of-posts=3 data-number-of-columns=three data-space-between-items=huge data-orderby=date data-order=DESC data-image-size=full data-title-tag=h4 data-excerpt-length=40 data-post-info-section=yes data-post-info-image=yes data-post-info-author=yes data-post-info-date=yes data-post-info-category=yes data-post-info-comments=no data-post-info-share=no data-read-more-button=no data-pagination-type=no-pagination data-enable-link-over=no data-max-num-pages=9 data-next-page=2>\n\t<div class=\"qodef-bl-wrapper qodef-outer-space\">\n\t\t<ul class=\"qodef-blog-list\">\n\t\t\t<li class=\"qodef-bl-item qodef-item-space\">\n\t<div class=\"qodef-bli-inner\">\n\t\t\n\t<div class=\"qodef-post-image\">\n\t\t\t\t\t<a itemprop=\"url\" href=\"https:\/\/campingwaikiki.com\/de\/danke-fuer-eine-unvergessliche-saison\/\" title=\"Danke f\u00fcr eine unvergessliche Saison\">\n\t\t\t\t\t<img loading=\"lazy\" decoding=\"async\" width=\"1920\" height=\"1280\" src=\"https:\/\/campingwaikiki.com\/wp-content\/uploads\/2025\/09\/Waikiki-Fine-stagione-2025.jpg\" class=\"attachment-full size-full wp-post-image\" alt=\"\" srcset=\"https:\/\/campingwaikiki.com\/wp-content\/uploads\/2025\/09\/Waikiki-Fine-stagione-2025.jpg 1920w, https:\/\/campingwaikiki.com\/wp-content\/uploads\/2025\/09\/Waikiki-Fine-stagione-2025-300x200.jpg 300w, https:\/\/campingwaikiki.com\/wp-content\/uploads\/2025\/09\/Waikiki-Fine-stagione-2025-1024x683.jpg 1024w, https:\/\/campingwaikiki.com\/wp-content\/uploads\/2025\/09\/Waikiki-Fine-stagione-2025-768x512.jpg 768w, https:\/\/campingwaikiki.com\/wp-content\/uploads\/2025\/09\/Waikiki-Fine-stagione-2025-1536x1024.jpg 1536w\" sizes=\"auto, (max-width: 1920px) 100vw, 1920px\" \/>\t\t\t\t\t<\/a>\n\t\t\t\t\t<\/div>\n        <div class=\"qodef-bli-content\">\n                            <div class=\"qodef-bli-info\">\n\t                <div itemprop=\"dateCreated\" class=\"qodef-post-info-date entry-date published updated\">\n            <a itemprop=\"url\" href=\"https:\/\/campingwaikiki.com\/de\/2025\/09\/\">\n                <span class=\"qodef-post-info-date-date\">24<\/span>\n            <span class=\"qodef-post-info-date-month\">Sep.<\/span>\n        <\/a>\n    <meta itemprop=\"interactionCount\" content=\"UserComments: 0\"\/>\n<\/div><div class=\"qodef-post-info-category\">\n    <a href=\"https:\/\/campingwaikiki.com\/de\/category\/news-de\/\" rel=\"category tag\">News<\/a><\/div><div class=\"qodef-post-info-author\">\n    <span class=\"qodef-post-info-author-text\">\n        by    <\/span>\n    <a itemprop=\"author\" class=\"qodef-post-info-author-link\" href=\"https:\/\/campingwaikiki.com\/de\/author\/emilio\/\">\n        Emilio    <\/a>\n<\/div>                <\/div>\n            \t\n\t        \n<h4 itemprop=\"name\" class=\"entry-title qodef-post-title\" >\n            <a itemprop=\"url\" href=\"https:\/\/campingwaikiki.com\/de\/danke-fuer-eine-unvergessliche-saison\/\" title=\"Danke f\u00fcr eine unvergessliche Saison\">\n            Danke f\u00fcr eine unvergessliche Saison            <\/a>\n    <\/h4>\t\n\t        <div class=\"qodef-bli-excerpt\">\n                \t\t<div class=\"qodef-post-excerpt-holder\">\n\t\t\t<p itemprop=\"description\" class=\"qodef-post-excerpt\">\n\t\t\t\t\r\nDieser Sommer im Camping Waikiki Village in Jesolo war eine spannende Reise voller Natur, Entspannung, Spa\u00df und unvergesslicher Momente. Eingebettet zwischen Pinienwald und Meer ist unser Feriendorf f\u00fcr viele zu einem echten \u201eZuhause fern von Zuhause\u201c geworden \u2013 ein Ort,\t\t\t<\/p>\n\t\t<\/div>\n\t\t\t\t\t\t        <\/div>\n\t                <\/div>\n\t<\/div>\n<\/li><li class=\"qodef-bl-item qodef-item-space\">\n\t<div class=\"qodef-bli-inner\">\n\t\t\n\t<div class=\"qodef-post-image\">\n\t\t\t\t\t<a itemprop=\"url\" href=\"https:\/\/campingwaikiki.com\/de\/jesolo-mit-dem-e-bike-entdecken-natur-entspannung-und-abenteuer-im-waikiki-village\/\" title=\"Jesolo mit dem E-Bike entdecken: Natur, Entspannung und Abenteuer im Waikiki Village\">\n\t\t\t\t\t<img loading=\"lazy\" decoding=\"async\" width=\"1500\" height=\"1124\" src=\"https:\/\/campingwaikiki.com\/wp-content\/uploads\/2025\/07\/Scopri-Jesolo-in-E-Bike.jpg\" class=\"attachment-full size-full wp-post-image\" alt=\"\" srcset=\"https:\/\/campingwaikiki.com\/wp-content\/uploads\/2025\/07\/Scopri-Jesolo-in-E-Bike.jpg 1500w, https:\/\/campingwaikiki.com\/wp-content\/uploads\/2025\/07\/Scopri-Jesolo-in-E-Bike-300x225.jpg 300w, https:\/\/campingwaikiki.com\/wp-content\/uploads\/2025\/07\/Scopri-Jesolo-in-E-Bike-1024x767.jpg 1024w, https:\/\/campingwaikiki.com\/wp-content\/uploads\/2025\/07\/Scopri-Jesolo-in-E-Bike-768x575.jpg 768w\" sizes=\"auto, (max-width: 1500px) 100vw, 1500px\" \/>\t\t\t\t\t<\/a>\n\t\t\t\t\t<\/div>\n        <div class=\"qodef-bli-content\">\n                            <div class=\"qodef-bli-info\">\n\t                <div itemprop=\"dateCreated\" class=\"qodef-post-info-date entry-date published updated\">\n            <a itemprop=\"url\" href=\"https:\/\/campingwaikiki.com\/de\/2025\/07\/\">\n                <span class=\"qodef-post-info-date-date\">15<\/span>\n            <span class=\"qodef-post-info-date-month\">Juli<\/span>\n        <\/a>\n    <meta itemprop=\"interactionCount\" content=\"UserComments: 0\"\/>\n<\/div><div class=\"qodef-post-info-category\">\n    <a href=\"https:\/\/campingwaikiki.com\/de\/category\/news-de\/\" rel=\"category tag\">News<\/a><\/div><div class=\"qodef-post-info-author\">\n    <span class=\"qodef-post-info-author-text\">\n        by    <\/span>\n    <a itemprop=\"author\" class=\"qodef-post-info-author-link\" href=\"https:\/\/campingwaikiki.com\/de\/author\/emilio\/\">\n        Emilio    <\/a>\n<\/div>                <\/div>\n            \t\n\t        \n<h4 itemprop=\"name\" class=\"entry-title qodef-post-title\" >\n            <a itemprop=\"url\" href=\"https:\/\/campingwaikiki.com\/de\/jesolo-mit-dem-e-bike-entdecken-natur-entspannung-und-abenteuer-im-waikiki-village\/\" title=\"Jesolo mit dem E-Bike entdecken: Natur, Entspannung und Abenteuer im Waikiki Village\">\n            Jesolo mit dem E-Bike entdecken: Natur, Entspannung und Abenteuer im Waikiki Village            <\/a>\n    <\/h4>\t\n\t        <div class=\"qodef-bli-excerpt\">\n                \t\t<div class=\"qodef-post-excerpt-holder\">\n\t\t\t<p itemprop=\"description\" class=\"qodef-post-excerpt\">\n\t\t\t\t\nSie suchen nach einer Erfahrung, die Natur, Sport und Komfort vereint? Das Waikiki Village in Jesolo ist der ideale Ausgangspunkt f\u00fcr eine unvergessliche E-Bike-Tour. Inmitten des Gr\u00fcns und nur wenige Schritte vom Meer entfernt, bietet das Village einen erholsamen Aufenthalt\t\t\t<\/p>\n\t\t<\/div>\n\t\t\t\t\t\t        <\/div>\n\t                <\/div>\n\t<\/div>\n<\/li><li class=\"qodef-bl-item qodef-item-space\">\n\t<div class=\"qodef-bli-inner\">\n\t\t\n\t<div class=\"qodef-post-image\">\n\t\t\t\t\t<a itemprop=\"url\" href=\"https:\/\/campingwaikiki.com\/de\/blue-flag-jesolo-awarded-for-the-22nd-year\/\" title=\"Blue Flag, Jesolo awarded for the 22nd year!\">\n\t\t\t\t\t<img loading=\"lazy\" decoding=\"async\" width=\"1600\" height=\"1200\" src=\"https:\/\/campingwaikiki.com\/wp-content\/uploads\/2025\/05\/Waikiki.jpeg\" class=\"attachment-full size-full wp-post-image\" alt=\"\" srcset=\"https:\/\/campingwaikiki.com\/wp-content\/uploads\/2025\/05\/Waikiki.jpeg 1600w, https:\/\/campingwaikiki.com\/wp-content\/uploads\/2025\/05\/Waikiki-300x225.jpeg 300w, https:\/\/campingwaikiki.com\/wp-content\/uploads\/2025\/05\/Waikiki-1024x768.jpeg 1024w, https:\/\/campingwaikiki.com\/wp-content\/uploads\/2025\/05\/Waikiki-768x576.jpeg 768w, https:\/\/campingwaikiki.com\/wp-content\/uploads\/2025\/05\/Waikiki-1536x1152.jpeg 1536w\" sizes=\"auto, (max-width: 1600px) 100vw, 1600px\" \/>\t\t\t\t\t<\/a>\n\t\t\t\t\t<\/div>\n        <div class=\"qodef-bli-content\">\n                            <div class=\"qodef-bli-info\">\n\t                <div itemprop=\"dateCreated\" class=\"qodef-post-info-date entry-date published updated\">\n            <a itemprop=\"url\" href=\"https:\/\/campingwaikiki.com\/de\/2025\/05\/\">\n                <span class=\"qodef-post-info-date-date\">14<\/span>\n            <span class=\"qodef-post-info-date-month\">Mai<\/span>\n        <\/a>\n    <meta itemprop=\"interactionCount\" content=\"UserComments: 0\"\/>\n<\/div><div class=\"qodef-post-info-category\">\n    <a href=\"https:\/\/campingwaikiki.com\/de\/category\/news-de\/\" rel=\"category tag\">News<\/a><\/div><div class=\"qodef-post-info-author\">\n    <span class=\"qodef-post-info-author-text\">\n        by    <\/span>\n    <a itemprop=\"author\" class=\"qodef-post-info-author-link\" href=\"https:\/\/campingwaikiki.com\/de\/author\/vincenza\/\">\n        Vincenza Misceo    <\/a>\n<\/div>                <\/div>\n            \t\n\t        \n<h4 itemprop=\"name\" class=\"entry-title qodef-post-title\" >\n            <a itemprop=\"url\" href=\"https:\/\/campingwaikiki.com\/de\/blue-flag-jesolo-awarded-for-the-22nd-year\/\" title=\"Blue Flag, Jesolo awarded for the 22nd year!\">\n            Blue Flag, Jesolo awarded for the 22nd year!            <\/a>\n    <\/h4>\t\n\t        <div class=\"qodef-bli-excerpt\">\n                \t\t<div class=\"qodef-post-excerpt-holder\">\n\t\t\t<p itemprop=\"description\" class=\"qodef-post-excerpt\">\n\t\t\t\t\nJesolo once again takes centre stage at the Blue Flag award ceremony, the prestigious recognition that rewards seaside resorts that maintain the highest standards of excellence in the quality of bathing water, cleanliness of beaches, waste management, the presence of\t\t\t<\/p>\n\t\t<\/div>\n\t\t\t\t\t\t        <\/div>\n\t                <\/div>\n\t<\/div>\n<\/li>\t\t<\/ul>\n\t<\/div>\n\t<\/div>[\/vc_column][\/vc_row]<\/p>\n<\/div>","protected":false},"excerpt":{"rendered":"<p>[vc_section][vc_row][vc_column width=&#8220;2\/3&#8243;][vc_column_text] Natural Art Oasis [\/vc_column_text][vc_column_text] Das Waikiki Village ver\u00e4ndert sein Gesicht und wird zu einer Natural Art Oasis, einem Ort, an dem Natur und Kunst in einer Harmonie von Formen, Lichtern und Farben aufeinandertreffen. [\/vc_column_text][vc_column_text]Im Waikiki Village schaffen Kunst [&hellip;]<\/p>\n","protected":false},"author":1,"featured_media":0,"parent":0,"menu_order":0,"comment_status":"closed","ping_status":"closed","template":"","meta":{"footnotes":""},"class_list":["post-7871","page","type-page","status-publish","hentry"],"aioseo_notices":[],"_links":{"self":[{"href":"https:\/\/campingwaikiki.com\/de\/wp-json\/wp\/v2\/pages\/7871","targetHints":{"allow":["GET"]}}],"collection":[{"href":"https:\/\/campingwaikiki.com\/de\/wp-json\/wp\/v2\/pages"}],"about":[{"href":"https:\/\/campingwaikiki.com\/de\/wp-json\/wp\/v2\/types\/page"}],"author":[{"embeddable":true,"href":"https:\/\/campingwaikiki.com\/de\/wp-json\/wp\/v2\/users\/1"}],"replies":[{"embeddable":true,"href":"https:\/\/campingwaikiki.com\/de\/wp-json\/wp\/v2\/comments?post=7871"}],"version-history":[{"count":27,"href":"https:\/\/campingwaikiki.com\/de\/wp-json\/wp\/v2\/pages\/7871\/revisions"}],"predecessor-version":[{"id":11417,"href":"https:\/\/campingwaikiki.com\/de\/wp-json\/wp\/v2\/pages\/7871\/revisions\/11417"}],"wp:attachment":[{"href":"https:\/\/campingwaikiki.com\/de\/wp-json\/wp\/v2\/media?parent=7871"}],"curies":[{"name":"wp","href":"https:\/\/api.w.org\/{rel}","templated":true}]}}