{"id":7986,"date":"2021-05-21T08:23:59","date_gmt":"2021-05-21T06:23:59","guid":{"rendered":"https:\/\/campingwaikiki.com\/dienstleistungen-im-waikiki-camping-village-jesolo\/sport-unterhaltung\/"},"modified":"2025-01-15T12:18:59","modified_gmt":"2025-01-15T11:18:59","slug":"sport-unterhaltung","status":"publish","type":"page","link":"https:\/\/campingwaikiki.com\/de\/dienstleistungen-im-waikiki-camping-village-jesolo\/sport-unterhaltung\/","title":{"rendered":"Sport &#038; Unterhaltung"},"content":{"rendered":"<div class=\"wpb-content-wrapper\"><p>[vc_section][vc_row css=&#8220;.vc_custom_1620148881086{padding-top: 20px !important;padding-bottom: 20px !important;}&#8220;][vc_column][vc_column_text]<\/p>\n<h3><mark>SPORT &amp; UNTERHALTUNG WAIKIKI<\/mark><\/h3>\n<p>[\/vc_column_text][vc_column_text]Die Camping Waikiki Animateure werden Sie mit ihrer Kreativit\u00e4t und gro\u00dfen Sympathie f\u00fcr unvergessliche Momente von Sport und Spa\u00df begeistern. Die j\u00fcngeren G\u00e4ste des Dorfes werden die Protagonisten vieler Spiele sein, um ihre F\u00e4higkeiten zu stimulieren, w\u00e4hrend die \u00c4lteren im Mittelpunkt stehen werden, mit Sport und Musik f\u00fcr Non-Stop-Unterhaltung! Und wenn die Sonne untergeht und es Abend wird, lassen Sie sich von den Shows unter dem Sternenhimmel bewegen.[\/vc_column_text][\/vc_column][\/vc_row][vc_row][vc_column width=&#8220;1\/3&#8243;][vc_column_text]<\/p>\n<h3><mark>BOTANISCH<\/mark><\/h3>\n<p>[\/vc_column_text][vc_single_image image=&#8220;7614&#8243; img_size=&#8220;full&#8220;][vc_column_text]<\/p>\n<h3><strong>KINDER<\/strong><\/h3>\n<h4><mark>MR GREENGRASS<\/mark><\/h4>\n<p>[\/vc_column_text][vc_column_text]Die Kinderh\u00e4nde entdecken den Kontakt mit der Erde und die Freude am vollen Eintauchen in die Natur. Von der Aussaat bis zur Ernte werden unsere Kinder einen neuen Freund erbl\u00fchen sehen: MR GREENGRASS![\/vc_column_text][vc_column_text]<\/p>\n<h3><strong>JUGENDLICHE<\/strong><\/h3>\n<h4><mark>VERTIKALER BOTANISCHER GARTEN<\/mark><\/h4>\n<p>[\/vc_column_text][vc_column_text]Zusammen mit dem Unterhaltungsteam des Tribus von Planet Generation k\u00f6nnen Sie einen personalisierten botanischen Garten bauen und das Foto anschlie\u00dfend in sozialen Netzwerken posten![\/vc_column_text][\/vc_column][vc_column width=&#8220;1\/3&#8243;][vc_column_text]<\/p>\n<h3><mark>GR\u00dcN<\/mark><\/h3>\n<p>[\/vc_column_text][vc_single_image image=&#8220;7625&#8243; img_size=&#8220;full&#8220;][vc_column_text]<\/p>\n<h3><strong>KINDER<\/strong><\/h3>\n<h4><mark>PLANET SCIENCE<\/mark><\/h4>\n<p>[\/vc_column_text][vc_column_text]Eine neue Form der Unterhaltung, die entwickelt und geschaffen wurde, um Wissenschaft mit Spa\u00df zu verbinden.<\/p>\n<p>Mit spektakul\u00e4ren Experimenten k\u00f6nnen die jungen Wissenschaftler physikalische und chemische Ph\u00e4nomene demonstrieren und dabei kreative und intellektuelle Handfertigkeiten f\u00f6rdern. Ein einzigartiges Erlebnis![\/vc_column_text][vc_column_text]<\/p>\n<h3><strong>JUGENDLICHE<\/strong><\/h3>\n<h4><mark>RECYCLE DAY #PLASTICFREE<\/mark><\/h4>\n<p>[\/vc_column_text][vc_column_text]W\u00e4hrend der Tage im Village entdecken unsere Kinder durch Herausforderungen und gesunden Wettbewerb die Natur um sie herum und die Bedeutung von Materialien, die recycelt werden k\u00f6nnen. Anhand von Beispielen wie dem Nachbau eines kleinen Aquariums und einer Plastikjagd lernen die Kinder, was in unserem Meeresboden passiert, wenn wir vergessen, die Umwelt und das Meer zu respektieren![\/vc_column_text][\/vc_column][vc_column width=&#8220;1\/3&#8243;][vc_column_text]<\/p>\n<h3><mark>EMOTIONAL<\/mark><\/h3>\n<p>[\/vc_column_text][vc_single_image image=&#8220;7623&#8243; img_size=&#8220;full&#8220;][vc_column_text]<\/p>\n<h3><strong>KINDER<\/strong><\/h3>\n<h4><mark>SENSORENWEG<\/mark><\/h4>\n<p>[\/vc_column_text][vc_column_text]Eine spannende Reise zur Entdeckung der Natur mit den f\u00fcnf Sinnen!<br \/>\nBer\u00fchren (Schatzsuche)<br \/>\nGeh\u00f6r (der magische Kompass)<br \/>\nAnblick (raten Sie mal, wer)<br \/>\nGeschmack (welcher Geschmack sind Sie?)<br \/>\nGeruch (die D\u00fcfte unserer Oase)[\/vc_column_text][vc_column_text]<\/p>\n<h3><strong>JUGENDLICHE<\/strong><\/h3>\n<h4><mark>THE SIXTH SENSE<\/mark><\/h4>\n<p>[\/vc_column_text][vc_column_text]Ein lustiger und herausfordernder Kurs f\u00fcr unsere Kinder, um ihren sechsten Sinn zu entdecken! Und Sie, welchen sechsten Sinn haben Sie?[\/vc_column_text][\/vc_column][\/vc_row][\/vc_section][vc_section][vc_row][vc_column width=&#8220;1\/2&#8243;][vc_column_text]<\/p>\n<h3><mark>HOLIDAY WEALTH (fitness)<\/mark><\/h3>\n<p>[\/vc_column_text][vc_single_image image=&#8220;7633&#8243; img_size=&#8220;full&#8220;][vc_column_text]<\/p>\n<h4><mark>INNERES L\u00c4CHELN<\/mark><\/h4>\n<p>[\/vc_column_text][vc_column_text]Lassen Sie uns gemeinsam unser inneres L\u00e4cheln mit dem totalen Erwachen von Geist und K\u00f6rper wiederentdecken.[\/vc_column_text][vc_column_text]<\/p>\n<h4><mark>GEF\u00dcHRTES MUSKELERWACHEN<\/mark><\/h4>\n<p>[\/vc_column_text][vc_column_text]Schaffen wir gemeinsam ein Gleichgewicht zwischen Mensch und Natur, indem wir Geist und K\u00f6rper in einem Naturparadies in Einklang bringen: unserer Wellness-Oase! Tauchen Sie mit uns in einen sicheren und harmonischen Ort ein, wo Sie sich in \u00dcbungen wiederfinden k\u00f6nnen, die den Geist n\u00e4hren.[\/vc_column_text][\/vc_column][vc_column width=&#8220;1\/2&#8243;][\/vc_column][\/vc_row][vc_row css=&#8220;.vc_custom_1620153699710{margin-top: 30px !important;}&#8220;][vc_column][vc_separator][\/vc_column][\/vc_row][vc_row css=&#8220;.vc_custom_1620153699710{margin-top: 30px !important;}&#8220;][vc_column][vc_column_text css_animation=&#8220;bounceInLeft&#8220;]<\/p>\n<h4 style=\"text-align: center;\"><mark>MITARBEITERUNTERHALTUNG WAIKIKI 2025<\/mark><\/h4>\n<p>[\/vc_column_text][vc_column_text]<\/p>\n<p style=\"text-align: center;\">COMING SOON<\/p>\n<p>[\/vc_column_text][\/vc_column][\/vc_row][vc_row css=&#8220;.vc_custom_1620153699710{margin-top: 30px !important;}&#8220;][vc_column][vc_separator][\/vc_column][\/vc_row][\/vc_section][vc_row row_content_width=&#8220;grid&#8220; css=&#8220;.vc_custom_1612396002934{padding-top: 50px !important;}&#8220;][vc_column]<div class=\"qodef-section-title-holder  qodef-st-standard qodef-st-title-left qodef-st-normal-space \" >\n\t<div class=\"qodef-st-inner\">\n\t\t\t\t\t<h2 class=\"qodef-st-title\" >\n\t\t\t\tN\u00fctzliche Informationen\t\t\t<\/h2>\n\t\t\t\t    \t<\/div>\n<\/div>[\/vc_column][\/vc_row][vc_row row_content_width=&#8220;grid&#8220; css=&#8220;.vc_custom_1620154240543{padding-top: 30px !important;padding-bottom: 10px !important;}&#8220;][vc_column width=&#8220;1\/3&#8243;]<div class=\"qodef-elements-holder   qodef-one-column  qodef-responsive-mode-768 \" ><div class=\"qodef-eh-item    \"  data-item-class=\"qodef-eh-custom-5010\" data-1367-1600=\"0 0% 0 0px\" data-1025-1366=\"0 0% 0 0px\" data-769-1024=\"0 0 0 0\" data-681-768=\"0 0% 80px 30px\" data-680=\"0 15% 80px 8%\">\n\t<div class=\"qodef-eh-item-inner\">\n\t\t<div class=\"qodef-eh-item-content qodef-eh-custom-5010\" style=\"padding: 0 15% 0 51px\">\n\t\t\t<div class=\"qodef-iwt clearfix   qodef-iwt-icon-left qodef-iwt-icon-medium\">\n\t        <a itemprop=\"url\" href=\"\/de\/campingordnung-waikiki-village\/\" target=\"_self\">\n                <div class=\"qodef-iwt-icon\">\n                                        <span class=\"qodef-icon-shortcode qodef-normal   qodef-icon-medium\"  >\n                            <i class=\"qodef-icon-linea-icon icon-basic-elaboration-todolist-pencil qodef-icon-element\" style=\"\" ><\/i>            <\/span>\n                            <\/div>\n\t        <div class=\"qodef-iwt-content\" >\n                                    <h4 class=\"qodef-iwt-title\" >\n                        <span class=\"qodef-iwt-title-text\">Campingordnung<\/span>\n                    <\/h4>\n                                                    <p class=\"qodef-iwt-text\" >Alle n\u00fctzlichen Informationen, um Ihren Urlaub in v\u00f6lliger Sicherheit und Freiheit zu verbringen.<\/p>\n                \t        <\/div>\n            <\/a>\n    <\/div>\n\t\t<\/div>\n\t<\/div>\n<\/div><\/div>[\/vc_column][vc_column width=&#8220;1\/3&#8243;]<div class=\"qodef-elements-holder   qodef-one-column  qodef-responsive-mode-768 \" ><div class=\"qodef-eh-item    \"  data-item-class=\"qodef-eh-custom-8998\" data-1367-1600=\"0 0% 0 0px\" data-1025-1366=\"0 0% 0 0px\" data-769-1024=\"0 0 0 0\" data-681-768=\"0 0% 80px 30px\" data-680=\"0 15% 80px 8%\">\n\t<div class=\"qodef-eh-item-inner\">\n\t\t<div class=\"qodef-eh-item-content qodef-eh-custom-8998\" style=\"padding: 0 15% 0 51px\">\n\t\t\t<div class=\"qodef-iwt clearfix   qodef-iwt-icon-left qodef-iwt-icon-medium\">\n\t        <a itemprop=\"url\" href=\"\/de\/allgemeine-bedingungen\/\" target=\"_self\">\n                <div class=\"qodef-iwt-icon\">\n                                        <span class=\"qodef-icon-shortcode qodef-normal   qodef-icon-medium\"  >\n                            <i class=\"qodef-icon-linea-icon icon-basic-elaboration-mail-document qodef-icon-element\" style=\"\" ><\/i>            <\/span>\n                            <\/div>\n\t        <div class=\"qodef-iwt-content\" >\n                                    <h4 class=\"qodef-iwt-title\" >\n                        <span class=\"qodef-iwt-title-text\">Allgemeine Bedingungen<\/span>\n                    <\/h4>\n                                                    <p class=\"qodef-iwt-text\" >Hier finden Sie die Antworten auf Ihren Fragen, mit gr\u00f6sstm\u00f6glicher Transparenz.<\/p>\n                \t        <\/div>\n            <\/a>\n    <\/div>\n\t\t<\/div>\n\t<\/div>\n<\/div><\/div>[\/vc_column][vc_column width=&#8220;1\/3&#8243;]<div class=\"qodef-elements-holder   qodef-one-column  qodef-responsive-mode-768 \" ><div class=\"qodef-eh-item    \"  data-item-class=\"qodef-eh-custom-3302\" data-1367-1600=\"0 0% 0 0px\" data-1025-1366=\"0 0% 0 0px\" data-769-1024=\"0 0 0 0\" data-681-768=\"0 0% 80px 30px\" data-680=\"0 15% 80px 8%\">\n\t<div class=\"qodef-eh-item-inner\">\n\t\t<div class=\"qodef-eh-item-content qodef-eh-custom-3302\" style=\"padding: 0 15% 0 51px\">\n\t\t\t<div class=\"qodef-iwt clearfix   qodef-iwt-icon-left qodef-iwt-icon-medium\">\n\t        <a itemprop=\"url\" href=\"\/de\/faq-page\/\" target=\"_self\">\n                <div class=\"qodef-iwt-icon\">\n                                        <span class=\"qodef-icon-shortcode qodef-normal   qodef-icon-medium\"  >\n                            <i class=\"qodef-icon-linea-icon icon-basic-exclamation qodef-icon-element\" style=\"\" ><\/i>            <\/span>\n                            <\/div>\n\t        <div class=\"qodef-iwt-content\" >\n                                    <h4 class=\"qodef-iwt-title\" >\n                        <span class=\"qodef-iwt-title-text\">Faq<\/span>\n                    <\/h4>\n                                                    <p class=\"qodef-iwt-text\" >Antworten auf die h\u00e4ufigsten Fragen.<\/p>\n                \t        <\/div>\n            <\/a>\n    <\/div>\n\t\t<\/div>\n\t<\/div>\n<\/div><\/div>[\/vc_column][\/vc_row][vc_row row_content_width=&#8220;grid&#8220; css=&#8220;.vc_custom_1612395905805{padding-top: 50px !important;padding-bottom: 50px !important;}&#8220;][vc_column width=&#8220;1\/3&#8243;]<div class=\"qodef-elements-holder   qodef-one-column  qodef-responsive-mode-768 \" ><div class=\"qodef-eh-item    \"  data-item-class=\"qodef-eh-custom-5855\" data-1367-1600=\"0 0% 0 0px\" data-1025-1366=\"0 0% 0 0px\" data-769-1024=\"0 0 0 0\" data-681-768=\"0 0% 80px 30px\" data-680=\"0 15% 80px 8%\">\n\t<div class=\"qodef-eh-item-inner\">\n\t\t<div class=\"qodef-eh-item-content qodef-eh-custom-5855\" style=\"padding: 0 15% 0 51px\">\n\t\t\t<div class=\"qodef-iwt clearfix   qodef-iwt-icon-left qodef-iwt-icon-medium\">\n\t        <a itemprop=\"url\" href=\"\/de\/nahrungsmittel-und-getraenke\/\" target=\"_self\">\n                <div class=\"qodef-iwt-icon\">\n                                        <span class=\"qodef-icon-animation-holder\" >\n    <span class=\"qodef-icon-shortcode qodef-normal  qodef-icon-animation qodef-icon-medium\"  >\n                            <i class=\"qodef-icon-linea-icon icon-basic-spread-text qodef-icon-element\" style=\"\" ><\/i>            <\/span>\n    <\/span>\n                            <\/div>\n\t        <div class=\"qodef-iwt-content\" >\n                                    <h4 class=\"qodef-iwt-title\" >\n                        <span class=\"qodef-iwt-title-text\">Restaurant<\/span>\n                    <\/h4>\n                                                    <p class=\"qodef-iwt-text\" >Der K\u00fcchenchef serviert typische venezianische Gerichte mit Fisch- und Krebstieren. Eine Probe Wert auch die Pizza mit langer Teigf\u00fchrung, vorbereitet mit frischen und lecker schmeckenden Produkten.<\/p>\n                \t        <\/div>\n            <\/a>\n    <\/div>\n\t\t<\/div>\n\t<\/div>\n<\/div><\/div>[\/vc_column][vc_column width=&#8220;1\/3&#8243;]<div class=\"qodef-elements-holder   qodef-one-column  qodef-responsive-mode-768 \" ><div class=\"qodef-eh-item    \"  data-item-class=\"qodef-eh-custom-7912\" data-1367-1600=\"0 0% 0 0px\" data-1025-1366=\"0 0% 0 0px\" data-769-1024=\"0 0 0 0\" data-681-768=\"0 0% 80px 30px\" data-680=\"0 15% 80px 8%\">\n\t<div class=\"qodef-eh-item-inner\">\n\t\t<div class=\"qodef-eh-item-content qodef-eh-custom-7912\" style=\"padding: 0 15% 0 51px\">\n\t\t\t<div class=\"qodef-iwt clearfix   qodef-iwt-icon-left qodef-iwt-icon-medium\">\n\t        <a itemprop=\"url\" href=\"\/de\/supermarket-waikiki-jesolo\/\" target=\"_self\">\n                <div class=\"qodef-iwt-icon\">\n                                        <span class=\"qodef-icon-shortcode qodef-normal   qodef-icon-medium\"  >\n                            <i class=\"qodef-icon-linea-icon icon-basic-signs qodef-icon-element\" style=\"\" ><\/i>            <\/span>\n                            <\/div>\n\t        <div class=\"qodef-iwt-content\" >\n                                    <h4 class=\"qodef-iwt-title\" >\n                        <span class=\"qodef-iwt-title-text\">Supermarket &amp; Bazar<\/span>\n                    <\/h4>\n                                                    <p class=\"qodef-iwt-text\" >F\u00fcr den t\u00e4glichen Einkauf, bequem auf dem Campingplatz!<\/p>\n                \t        <\/div>\n            <\/a>\n    <\/div>\n\t\t<\/div>\n\t<\/div>\n<\/div><\/div>[\/vc_column][vc_column width=&#8220;1\/3&#8243;]<div class=\"qodef-elements-holder   qodef-one-column  qodef-responsive-mode-768 \" ><div class=\"qodef-eh-item    \"  data-item-class=\"qodef-eh-custom-9451\" data-1367-1600=\"0 0% 0 0px\" data-1025-1366=\"0 0% 0 0px\" data-769-1024=\"0 0 0 0\" data-681-768=\"0 0% 80px 30px\" data-680=\"0 15% 80px 8%\">\n\t<div class=\"qodef-eh-item-inner\">\n\t\t<div class=\"qodef-eh-item-content qodef-eh-custom-9451\" style=\"padding: 0 15% 0 51px\">\n\t\t\t<div class=\"qodef-iwt clearfix   qodef-iwt-icon-left qodef-iwt-icon-medium\">\n\t        <a itemprop=\"url\" href=\"\/de\/spielplatz\/\" target=\"_self\">\n                <div class=\"qodef-iwt-icon\">\n                                        <span class=\"qodef-icon-shortcode qodef-normal   qodef-icon-medium\"  >\n                            <i class=\"qodef-icon-linea-icon icon-basic-pin1 qodef-icon-element\" style=\"\" ><\/i>            <\/span>\n                            <\/div>\n\t        <div class=\"qodef-iwt-content\" >\n                                    <h4 class=\"qodef-iwt-title\" >\n                        <span class=\"qodef-iwt-title-text\">Spielpark<\/span>\n                    <\/h4>\n                                                    <p class=\"qodef-iwt-text\" >Ein wunderbarer Spielplatz, ausgestattet mit allem, was man braucht, um Ihre Kinder zu unterhalten!<\/p>\n                \t        <\/div>\n            <\/a>\n    <\/div>\n\t\t<\/div>\n\t<\/div>\n<\/div><\/div>[\/vc_column][\/vc_row][vc_row row_content_width=&#8220;grid&#8220; simple_background_color=&#8220;#f8f8f8&#8243; css=&#8220;.vc_custom_1654100966058{padding-bottom: 50px !important;background-color: #ffffff !important;}&#8220;][vc_column offset=&#8220;vc_col-lg-5 vc_col-md-12 vc_col-xs-12&#8243; css=&#8220;.vc_custom_1539344769995{padding-top: 24px !important;}&#8220;][vc_wp_text]<style>\r\n\t#errorMsg {\r\n\tcolor:red;\r\n\t}\r\n\t\r\n\t#contactConfirm {\r\n\tdisplay:none;\r\n\t}\r\n<\/style>\r\n<div role=\"form\" class=\"wpcf7\" id=\"contactForm\" lang=\"en-US\" dir=\"ltr\">\r\n<div class=\"screen-reader-response\"><p role=\"status\" aria-live=\"polite\" aria-atomic=\"true\"><\/p> <ul><\/ul><\/div>\r\n<div class=\"qodef-cf7-contact\">\r\n<span class=\"wpcf7-form-control-wrap your-email\"><input id=\"email\" type=\"email\" name=\"your-email\" value=\"\" size=\"40\" class=\"wpcf7-form-control wpcf7-text wpcf7-email wpcf7-validates-as-required wpcf7-validates-as-email\" aria-required=\"true\" aria-invalid=\"false\" placeholder=\"Email*\"><\/span><br>\r\n<span class=\"wpcf7-form-control-wrap your-subject\"><input id=\"subject\" type=\"text\" name=\"your-subject\" size=\"40\" class=\"wpcf7-form-control wpcf7-text\" aria-invalid=\"false\" readonly value=\"Sport &#038; Unterhaltung\" placeholder=\"Subject\"><\/span><br>\r\n<span class=\"wpcf7-form-control-wrap your-message\"><textarea id=\"message\" name=\"your-message\" cols=\"10\" rows=\"3\" class=\"wpcf7-form-control wpcf7-textarea\" aria-invalid=\"false\" placeholder=\"Anfrage\"><\/textarea><\/span><br>\r\n<span class=\"wpcf7-form-control-wrap your-email\"><input type=\"checkbox\" id=\"privacy\" name=\"privacy\"> Ich best\u00e4tige, dass ich die <a href=\"\/de\/privacy-policy\/\">Informationen zur Datenverarbeitung<\/a> gelesen habe.<\/span><br><br>\r\n<button type=\"button\" onclick=\"waikiki_home_contact()\" class=\"qodef-btn qodef-btn-solid\"><span class=\"qodef-btn-line-holder\"><span class=\"qodef-btn-line-top\"><\/span><span class=\"qodef-btn-line\"><\/span><span class=\"qodef-btn-line-bottom\"><\/span><\/span><span class=\"qodef-btn-text\" >Senden<\/span><\/button>\r\n<\/div>\r\n<div id=\"errorMsg\"><\/div>\r\n<\/div>\r\n <div id='contactConfirm'>\r\n\tIhre Nachricht wurde gesendet.\r\n  <\/div>\r\n[\/vc_wp_text][\/vc_column][vc_column offset=&#8220;vc_col-lg-7 vc_col-md-12 vc_col-xs-12&#8243; css=&#8220;.vc_custom_1539344775249{margin-top: 0px !important;padding-top: 0px !important;}&#8220;][vc_column_text]<\/p>\n<h2>Brauchen Sie Informationen?<\/h2>\n<p>[\/vc_column_text][vc_empty_space height=&#8220;5px&#8220;][vc_column_text]Kontaktieren Sie das B\u00fcro von Camping Village Waikiki per Telefon: +39 0421980186.<\/p>\n<p>F\u00fcr ein Angebot[\/vc_column_text][vc_empty_space height=&#8220;28px&#8220;][vc_column_text]<a href=\"http:\/\/booking.campingwaikiki.com\/booking\/disponibilita\/waikiki\/de\"><mark>BERECHNEN SIE DEN KOSTENVORSCHLAG<\/mark><\/a>[\/vc_column_text][\/vc_column][\/vc_row]<\/p>\n<\/div>","protected":false},"excerpt":{"rendered":"<p>[vc_section][vc_row css=&#8220;.vc_custom_1620148881086{padding-top: 20px !important;padding-bottom: 20px !important;}&#8220;][vc_column][vc_column_text] SPORT &amp; UNTERHALTUNG WAIKIKI [\/vc_column_text][vc_column_text]Die Camping Waikiki Animateure werden Sie mit ihrer Kreativit\u00e4t und gro\u00dfen Sympathie f\u00fcr unvergessliche Momente von Sport und Spa\u00df begeistern. Die j\u00fcngeren G\u00e4ste des Dorfes werden die Protagonisten vieler Spiele [&hellip;]<\/p>\n","protected":false},"author":1,"featured_media":0,"parent":7123,"menu_order":0,"comment_status":"closed","ping_status":"closed","template":"","meta":{"footnotes":""},"class_list":["post-7986","page","type-page","status-publish","hentry"],"aioseo_notices":[],"_links":{"self":[{"href":"https:\/\/campingwaikiki.com\/de\/wp-json\/wp\/v2\/pages\/7986","targetHints":{"allow":["GET"]}}],"collection":[{"href":"https:\/\/campingwaikiki.com\/de\/wp-json\/wp\/v2\/pages"}],"about":[{"href":"https:\/\/campingwaikiki.com\/de\/wp-json\/wp\/v2\/types\/page"}],"author":[{"embeddable":true,"href":"https:\/\/campingwaikiki.com\/de\/wp-json\/wp\/v2\/users\/1"}],"replies":[{"embeddable":true,"href":"https:\/\/campingwaikiki.com\/de\/wp-json\/wp\/v2\/comments?post=7986"}],"version-history":[{"count":12,"href":"https:\/\/campingwaikiki.com\/de\/wp-json\/wp\/v2\/pages\/7986\/revisions"}],"predecessor-version":[{"id":11097,"href":"https:\/\/campingwaikiki.com\/de\/wp-json\/wp\/v2\/pages\/7986\/revisions\/11097"}],"up":[{"embeddable":true,"href":"https:\/\/campingwaikiki.com\/de\/wp-json\/wp\/v2\/pages\/7123"}],"wp:attachment":[{"href":"https:\/\/campingwaikiki.com\/de\/wp-json\/wp\/v2\/media?parent=7986"}],"curies":[{"name":"wp","href":"https:\/\/api.w.org\/{rel}","templated":true}]}}