{"id":7994,"date":"2021-05-21T08:41:26","date_gmt":"2021-05-21T06:41:26","guid":{"rendered":"https:\/\/campingwaikiki.com\/jesolo-food-and-beverage\/"},"modified":"2025-06-19T03:03:15","modified_gmt":"2025-06-19T01:03:15","slug":"jesolo-food-and-beverage","status":"publish","type":"page","link":"https:\/\/campingwaikiki.com\/de\/jesolo-food-and-beverage\/","title":{"rendered":"Jesolo Food and Beverage"},"content":{"rendered":"<div class=\"wpb-content-wrapper\"><p>[vc_section][vc_row][vc_column]\n\t\t\t\t<p class=\"rs-p-wp-fix\"><\/p>\n\t\t\t\t<sr7-module data-alias=\"le-chef-header1-1en-1\" data-id=\"60\" id=\"lechefheader\" class=\"rs-ov-hidden\" data-version=\"6.7.38\">\n\t\t\t\t\t<sr7-adjuster><\/sr7-adjuster>\n\t\t\t\t\t<sr7-content>\n\t\t\t\t\t\t<sr7-slide id=\"lechefheader-36\" data-key=\"36\">\n\t\t\t\t\t\t\t<sr7-bg id=\"lechefheader-36-1\" class=\"sr7-layer\"><noscript><img decoding=\"async\" src=\"https:\/\/campingwaikiki.com\/wp-content\/uploads\/2023\/05\/insalata.jpg\" alt=\"\" title=\"insalata\"><\/noscript><\/sr7-bg>\n\t\t\t\t\t\t<\/sr7-slide>\n\t\t\t\t\t\t<sr7-slide id=\"lechefheader-34\" data-key=\"34\">\n\t\t\t\t\t\t\t<sr7-bg id=\"lechefheader-34-1\" class=\"sr7-layer\"><noscript><img decoding=\"async\" src=\"https:\/\/campingwaikiki.com\/wp-content\/uploads\/2021\/05\/baked-salmon-garnished-with-asparagus-and-tomatoes-with-herbs.jpg\" alt=\"\" title=\"baked-salmon-garnished-with-asparagus-and-tomatoes-with-herbs\"><\/noscript><\/sr7-bg>\n\t\t\t\t\t\t<\/sr7-slide>\n\t\t\t\t\t\t<sr7-slide id=\"lechefheader-35\" data-key=\"35\">\n\t\t\t\t\t\t\t<sr7-bg id=\"lechefheader-35-1\" class=\"sr7-layer\"><noscript><img decoding=\"async\" src=\"https:\/\/campingwaikiki.com\/wp-content\/uploads\/2023\/05\/primo.jpg\" alt=\"\" title=\"primo\"><\/noscript><\/sr7-bg>\n\t\t\t\t\t\t<\/sr7-slide>\n\t\t\t\t\t\t<sr7-slide id=\"lechefheader-305\" data-key=\"305\">\n\t\t\t\t\t\t\t<sr7-txt id=\"lechefheader-305-1\" class=\"sr7-layer\"><i class=\"fa-star\"><\/i> FOOD<\/sr7-txt>\n\t\t\t\t\t\t\t<sr7-txt id=\"lechefheader-305-5\" class=\"sr7-layer\">FOOD AND BEVERAGE<br>JENSEITS DER GRENZEN DES GESCHMACKS<\/sr7-txt>\n\t\t\t\t\t\t\t<a id=\"lechefheader-305-6\" class=\"sr7-layer\" href=\"https:\/\/campingwaikiki.com\/de\/jesolo-wine-and-beer-waikiki\/\" target=\"_self\"><i class=\"fa-star\"><\/i> WINE  & BEER<\/a>\n\t\t\t\t\t\t\t<a id=\"lechefheader-305-7\" class=\"sr7-layer\" href=\"https:\/\/campingwaikiki.com\/en\/cocktail-bar-waikiki-village-jesolo\/\" target=\"_self\"><i class=\"fa-star\"><\/i> COCKTAIL BAR<\/a>\n\t\t\t\t\t\t<\/sr7-slide>\n\t\t\t\t\t<\/sr7-content>\n\t\t\t\t\t<image_lists style=\"display:none\">\n\t\t\t\t\t\t<img data-src=\"\/\/campingwaikiki.com\/wp-content\/uploads\/2021\/05\/baked-salmon-garnished-with-asparagus-and-tomatoes-with-herbs.jpg\" data-libid=\"7775\" data-lib=\"medialibrary\" title=\"baked-salmon-garnished-with-asparagus-and-tomatoes-with-herbs\" width=\"0\" height=\"0\" data-dbsrc=\"Ly9jYW1waW5nd2Fpa2lraS5jb20vd3AtY29udGVudC91cGxvYWRzLzIwMjEvMDUvYmFrZWQtc2FsbW9uLWdhcm5pc2hlZC13aXRoLWFzcGFyYWd1cy1hbmQtdG9tYXRvZXMtd2l0aC1oZXJicy5qcGc=\"\/>\n\t\t\t\t\t\t<img data-src=\"\/\/campingwaikiki.com\/wp-content\/uploads\/2023\/05\/primo.jpg\" data-libid=\"10239\" data-lib=\"medialibrary\" title=\"primo\" width=\"0\" height=\"0\" data-dbsrc=\"Ly9jYW1waW5nd2Fpa2lraS5jb20vd3AtY29udGVudC91cGxvYWRzLzIwMjMvMDUvcHJpbW8uanBn\"\/>\n\t\t\t\t\t\t<img data-src=\"\/\/campingwaikiki.com\/wp-content\/uploads\/2023\/05\/insalata.jpg\" data-libid=\"10240\" data-lib=\"medialibrary\" title=\"insalata\" width=\"0\" height=\"0\" data-dbsrc=\"Ly9jYW1waW5nd2Fpa2lraS5jb20vd3AtY29udGVudC91cGxvYWRzLzIwMjMvMDUvaW5zYWxhdGEuanBn\"\/>\n\t\t\t\t\t\t<img data-src=\"\/\/campingwaikiki.com\/wp-content\/uploads\/2023\/05\/Logo-Kikirestaurant_b.png\" data-libid=\"10241\" data-lib=\"medialibrary\" title=\"Logo-Kikirestaurant_b\" width=\"0\" height=\"0\" data-dbsrc=\"Ly9jYW1waW5nd2Fpa2lraS5jb20vd3AtY29udGVudC91cGxvYWRzLzIwMjMvMDUvTG9nby1LaWtpcmVzdGF1cmFudF9iLnBuZw==\"\/>\n\t\t\t\t\t<\/image_lists>\n\t\t\t\t<\/sr7-module>\n\t\t\t\t<script>\n\t\t\t\t\tSR7.PMH ??={}; SR7.PMH[\"lechefheader\"] = {cn:100,state:false,fn: function() { if (_tpt!==undefined && _tpt.prepareModuleHeight !== undefined) {  _tpt.prepareModuleHeight({id:\"lechefheader\",el:[868,868,768,960,720],type:'standard',shdw:'0',gh:[868,868,768,960,720],gw:[1240,1240,1024,778,480],vpt:['-100px&#039;,&#039;-100px&#039;,&#039;-100px&#039;,&#039;-100px&#039;,&#039;-100px'],size:{fullWidth:true, fullHeight:true},fho:'',mh:'0',onh:0,onw:0,bg:{color:'{\"type\":\"solid\",\"orig\":\"#000000\",\"string\":\"rgba(0, 0, 0, 1)\"}'},plType:'-1',plColor:'#FFFFFF'});   SR7.PMH[\"lechefheader\"].state=true;} else if(SR7.PMH[\"lechefheader\"].cn-->0)\tsetTimeout( SR7.PMH[\"lechefheader\"].fn,19);}};SR7.PMH[\"lechefheader\" ].fn();\n\t\t\t\t<\/script>\n[\/vc_column][\/vc_row][vc_row][vc_column width=&#8220;1\/2&#8243; offset=&#8220;vc_hidden-xs&#8220;][vc_single_image image=&#8220;10767&#8243; img_size=&#8220;full&#8220; alignment=&#8220;center&#8220;][\/vc_column][vc_column width=&#8220;1\/2&#8243; css=&#8220;.vc_custom_1718797500931{padding-top: 150px !important;padding-right: 80px !important;padding-left: 80px !important;}&#8220; offset=&#8220;vc_hidden-xs&#8220;][vc_column_text]<strong>SPEZIALISIERT DARAUF, IHNEN MODERNE K\u00dcCHE ZU BIETEN<\/strong><\/p>\n<p>Ein internationales Men\u00fc, das unsere mediterrane Tradition verfeinert, die Wiege des h\u00f6chsten Ausdrucks der italienischen K\u00fcche in der Welt.<br \/>\nUnsere K\u00f6che werden jeden Tag k\u00f6stliche Gerichte vorschlagen, um auch die raffiniertesten Gaumen zu \u00fcberraschen. Das Personal des Restaurants Kiki&#8217;s hei\u00dft Sie herzlich willkommen.[\/vc_column_text][\/vc_column][\/vc_row][vc_row css=&#8220;.vc_custom_1750294991639{padding-top: 20px !important;padding-right: 20px !important;padding-bottom: 20px !important;padding-left: 20px !important;}&#8220;][vc_column width=&#8220;1\/2&#8243; offset=&#8220;vc_hidden-lg vc_hidden-md vc_hidden-sm&#8220;][vc_single_image image=&#8220;10767&#8243; img_size=&#8220;full&#8220; alignment=&#8220;center&#8220;][\/vc_column][vc_column width=&#8220;1\/2&#8243; offset=&#8220;vc_hidden-lg vc_hidden-md vc_hidden-sm&#8220;][vc_column_text]<strong>SPEZIALISIERT DARAUF, IHNEN MODERNE K\u00dcCHE ZU BIETEN<\/strong><\/p>\n<p>Ein internationales Men\u00fc, das unsere mediterrane Tradition verfeinert, die Wiege des h\u00f6chsten Ausdrucks der italienischen K\u00fcche in der Welt.<br \/>\nUnsere K\u00f6che werden jeden Tag k\u00f6stliche Gerichte vorschlagen, um auch die raffiniertesten Gaumen zu \u00fcberraschen. Das Personal des Restaurants Kiki&#8217;s hei\u00dft Sie herzlich willkommen.[\/vc_column_text][\/vc_column][\/vc_row][vc_row][vc_column]\n\t\t\t\t<p class=\"rs-p-wp-fix\"><\/p>\n\t\t\t\t<sr7-module data-alias=\"le-chef-footer1-1en-1\" data-id=\"63\" id=\"lechefcontact\" class=\"rs-ov-hidden\" data-version=\"6.7.38\">\n\t\t\t\t\t<sr7-adjuster><\/sr7-adjuster>\n\t\t\t\t\t<sr7-content>\n\t\t\t\t\t\t<sr7-slide id=\"lechefcontact-39\" data-key=\"39\">\n\t\t\t\t\t\t\t<sr7-bg id=\"lechefcontact-39-25\" class=\"sr7-layer\"><noscript><img decoding=\"async\" src=\"https:\/\/campingwaikiki.com\/wp-content\/uploads\/revslider\/foodbg4-1.jpg\" alt=\"\" title=\"foodbg4-1.jpg\"><\/noscript><\/sr7-bg>\n\t\t\t\t\t\t\t<sr7-txt id=\"lechefcontact-39-5\" class=\"sr7-layer\">Wir m\u00f6chten Ihnen etwas Besonderes bieten, indem wir Ihnen immer das Beste geben.<\/sr7-txt>\n\t\t\t\t\t\t\t<sr7-txt id=\"lechefcontact-39-6\" class=\"sr7-layer\">Sie k\u00f6nnen Camping Village Waikiki unter der folgenden Nummer erreichen <\/sr7-txt>\n\t\t\t\t\t\t\t<sr7-txt id=\"lechefcontact-39-17\" class=\"sr7-layer\"><a href=\"#\" class=\"tp-phonenum\"><i class=\"fa-phone\"><\/i> +39 0421980186<\/a><\/sr7-txt>\n\t\t\t\t\t\t\t<a id=\"lechefcontact-39-19\" class=\"sr7-layer\" href=\"https:\/\/booking.campingwaikiki.com\/booking\/disponibilita\/waikiki\/de\" target=\"_self\">BUCHEN SIE IHRE 4-STERNE-OASE<\/a>\n\t\t\t\t\t\t\t<a id=\"lechefcontact-39-21\" class=\"sr7-layer\" href=\"https:\/\/www.facebook.com\/campingwaikikijesolo\/\" target=\"_blank\" rel=\"noopener\"><i class=\"fa-facebook-f\" style=\"margin-right:5px;\"><\/i> Facebook <\/a>\n\t\t\t\t\t\t\t<a id=\"lechefcontact-39-23\" class=\"sr7-layer\" href=\"https:\/\/www.instagram.com\/campingvillagewaikiki\/\" target=\"_blank\" rel=\"noopener\"><i class=\"fa-camera-retro\" style=\"margin-right:5px;\"><\/i> Instagram<\/a>\n\t\t\t\t\t\t<\/sr7-slide>\n\t\t\t\t\t\t<sr7-slide id=\"lechefcontact-308\" data-key=\"308\">\n\t\t\t\t\t\t<\/sr7-slide>\n\t\t\t\t\t<\/sr7-content>\n\t\t\t\t\t<image_lists style=\"display:none\">\n\t\t\t\t\t\t<img data-src=\"\/\/campingwaikiki.com\/wp-content\/uploads\/revslider\/foodbg4-1.jpg\" width=\"0\" height=\"0\" data-dbsrc=\"Ly9jYW1waW5nd2Fpa2lraS5jb20vd3AtY29udGVudC91cGxvYWRzL3JldnNsaWRlci9mb29kYmc0LTEuanBn\"\/>\n\t\t\t\t\t<\/image_lists>\n\t\t\t\t<\/sr7-module>\n\t\t\t\t<script>\n\t\t\t\t\tSR7.PMH ??={}; SR7.PMH[\"lechefcontact\"] = {cn:100,state:false,fn: function() { if (_tpt!==undefined && _tpt.prepareModuleHeight !== undefined) {  _tpt.prepareModuleHeight({id:\"lechefcontact\",el:[868,868,898,960,720],type:'hero',shdw:'0',gh:[868,868,768,960,720],gw:[1240,1240,1024,778,480],vpt:['20%&#039;,&#039;20%&#039;,&#039;20%&#039;,&#039;20%&#039;,&#039;20%'],size:{fullWidth:true, fullHeight:false},mh:'0',onh:0,onw:0,bg:{color:'{\"type\":\"solid\",\"orig\":\"#000000\",\"string\":\"rgba(0, 0, 0, 1)\"}'},plType:'-1',plColor:'#FFFFFF'});   SR7.PMH[\"lechefcontact\"].state=true;} else if(SR7.PMH[\"lechefcontact\"].cn-->0)\tsetTimeout( SR7.PMH[\"lechefcontact\"].fn,19);}};SR7.PMH[\"lechefcontact\" ].fn();\n\t\t\t\t<\/script>\n[\/vc_column][\/vc_row][\/vc_section]<\/p>\n<\/div>","protected":false},"excerpt":{"rendered":"<p>[vc_section][vc_row][vc_column][\/vc_column][\/vc_row][vc_row][vc_column width=&#8220;1\/2&#8243; offset=&#8220;vc_hidden-xs&#8220;][vc_single_image image=&#8220;10767&#8243; img_size=&#8220;full&#8220; alignment=&#8220;center&#8220;][\/vc_column][vc_column width=&#8220;1\/2&#8243; css=&#8220;.vc_custom_1718797500931{padding-top: 150px !important;padding-right: 80px !important;padding-left: 80px !important;}&#8220; offset=&#8220;vc_hidden-xs&#8220;][vc_column_text]SPEZIALISIERT DARAUF, IHNEN MODERNE K\u00dcCHE ZU BIETEN Ein internationales Men\u00fc, das unsere mediterrane Tradition verfeinert, die Wiege des h\u00f6chsten Ausdrucks der italienischen K\u00fcche in der Welt. [&hellip;]<\/p>\n","protected":false},"author":1,"featured_media":0,"parent":0,"menu_order":0,"comment_status":"closed","ping_status":"closed","template":"full-width.php","meta":{"footnotes":""},"class_list":["post-7994","page","type-page","status-publish","hentry"],"aioseo_notices":[],"_links":{"self":[{"href":"https:\/\/campingwaikiki.com\/de\/wp-json\/wp\/v2\/pages\/7994","targetHints":{"allow":["GET"]}}],"collection":[{"href":"https:\/\/campingwaikiki.com\/de\/wp-json\/wp\/v2\/pages"}],"about":[{"href":"https:\/\/campingwaikiki.com\/de\/wp-json\/wp\/v2\/types\/page"}],"author":[{"embeddable":true,"href":"https:\/\/campingwaikiki.com\/de\/wp-json\/wp\/v2\/users\/1"}],"replies":[{"embeddable":true,"href":"https:\/\/campingwaikiki.com\/de\/wp-json\/wp\/v2\/comments?post=7994"}],"version-history":[{"count":12,"href":"https:\/\/campingwaikiki.com\/de\/wp-json\/wp\/v2\/pages\/7994\/revisions"}],"predecessor-version":[{"id":11345,"href":"https:\/\/campingwaikiki.com\/de\/wp-json\/wp\/v2\/pages\/7994\/revisions\/11345"}],"wp:attachment":[{"href":"https:\/\/campingwaikiki.com\/de\/wp-json\/wp\/v2\/media?parent=7994"}],"curies":[{"name":"wp","href":"https:\/\/api.w.org\/{rel}","templated":true}]}}