{"id":8685,"date":"2022-02-11T14:18:22","date_gmt":"2022-02-11T13:18:22","guid":{"rendered":"https:\/\/campingwaikiki.com\/waikiki-2022-die-neuen-einrichtungen-fuer-outdoor-fitness-my-equilibria\/"},"modified":"2023-04-27T15:26:13","modified_gmt":"2023-04-27T13:26:13","slug":"waikiki-2022-die-neuen-einrichtungen-fuer-outdoor-fitness-my-equilibria","status":"publish","type":"page","link":"https:\/\/campingwaikiki.com\/de\/waikiki-2022-die-neuen-einrichtungen-fuer-outdoor-fitness-my-equilibria\/","title":{"rendered":"Waikiki 2022 die neuen Einrichtungen f\u00fcr Outdoor-Fitness My Equilibria"},"content":{"rendered":"<div class=\"wpb-content-wrapper\"><p>[vc_row][vc_column]\n\t\t\t\t<p class=\"rs-p-wp-fix\"><\/p>\n\t\t\t\t<sr7-module data-alias=\"landing-my-equilibria-en-1\" data-id=\"78\" id=\"SR7_78_1\" class=\"rs-ov-hidden\" data-version=\"6.7.38\">\n\t\t\t\t\t<sr7-adjuster><\/sr7-adjuster>\n\t\t\t\t\t<sr7-content>\n\t\t\t\t\t\t<sr7-slide id=\"SR7_78_1-56\" data-key=\"56\">\n\t\t\t\t\t\t\t<sr7-bg id=\"SR7_78_1-56-24\" class=\"sr7-layer\"><noscript><img decoding=\"async\" src=\"https:\/\/campingwaikiki.com\/wp-content\/uploads\/2021\/12\/Maldives21-1920x1803__.jpg\" alt=\"\" title=\"\"><\/noscript><\/sr7-bg>\n\t\t\t\t\t\t\t<sr7-txt id=\"SR7_78_1-56-1\" class=\"sr7-layer\"><\/sr7-txt>\n\t\t\t\t\t\t\t<sr7-txt id=\"SR7_78_1-56-7\" class=\"sr7-layer\">Ma\u00dfgeschneidertes Fitnessprogramm f\u00fcr dich<\/sr7-txt>\n\t\t\t\t\t\t\t<sr7-txt id=\"SR7_78_1-56-17\" class=\"sr7-layer\">Dein<br>Fitnessstudio unter freiem Himmel<\/sr7-txt>\n\t\t\t\t\t\t\t<sr7-txt id=\"SR7_78_1-56-20\" class=\"sr7-layer\">CAMPING VILLAGE<\/sr7-txt>\n\t\t\t\t\t\t\t<sr7-txt id=\"SR7_78_1-56-21\" class=\"sr7-layer\">WAIKIKI<\/sr7-txt>\n\t\t\t\t\t\t\t<sr7-txt id=\"SR7_78_1-56-22\" class=\"sr7-layer\">NATURAL ART OASIS<\/sr7-txt>\n\t\t\t\t\t\t<\/sr7-slide>\n\t\t\t\t\t\t<sr7-slide id=\"SR7_78_1-319\" data-key=\"319\">\n\t\t\t\t\t\t<\/sr7-slide>\n\t\t\t\t\t<\/sr7-content>\n\t\t\t\t\t<image_lists style=\"display:none\">\n\t\t\t\t\t\t<img data-src=\"\/\/campingwaikiki.com\/wp-content\/uploads\/2021\/06\/zig-zag.png\" data-libid=\"8113\" data-lib=\"medialibrary\" title=\"zig-zag\" width=\"0\" height=\"0\" data-dbsrc=\"Ly9jYW1waW5nd2Fpa2lraS5jb20vd3AtY29udGVudC91cGxvYWRzLzIwMjEvMDYvemlnLXphZy5wbmc=\"\/>\n\t\t\t\t\t\t<img data-src=\"\/\/campingwaikiki.com\/wp-content\/uploads\/2021\/12\/Maldives21-1920x1803__.jpg\" data-libid=\"8437\" data-lib=\"medialibrary\" width=\"0\" height=\"0\" data-dbsrc=\"Ly9jYW1waW5nd2Fpa2lraS5jb20vd3AtY29udGVudC91cGxvYWRzLzIwMjEvMTIvTWFsZGl2ZXMyMS0xOTIweDE4MDNfXy5qcGc=\"\/>\n\t\t\t\t\t<\/image_lists>\n\t\t\t\t<\/sr7-module>\n\t\t\t\t<script>\n\t\t\t\t\tSR7.PMH ??={}; SR7.PMH[\"SR7_78_1\"] = {cn:100,state:false,fn: function() { if (_tpt!==undefined && _tpt.prepareModuleHeight !== undefined) {  _tpt.prepareModuleHeight({id:\"SR7_78_1\",el:[800,800,800,800,800],type:'standard',shdw:'0',gh:[800,800,800,800,800],gw:[1240,1240,1024,778,480],vpt:['-200px&#039;,&#039;-200px&#039;,&#039;-200px&#039;,&#039;-200px&#039;,&#039;-200px'],size:{fullWidth:true, fullHeight:false},mh:'0',onh:0,onw:0,bg:{color:'{\"type\":\"solid\",\"orig\":\"#dddddd\",\"string\":\"rgba(221, 221, 221, 1)\"}'},plType:'3',plColor:'#FFFFFF'});   SR7.PMH[\"SR7_78_1\"].state=true;} else if(SR7.PMH[\"SR7_78_1\"].cn-->0)\tsetTimeout( SR7.PMH[\"SR7_78_1\"].fn,19);}};SR7.PMH[\"SR7_78_1\" ].fn();\n\t\t\t\t<\/script>\n[\/vc_column][\/vc_row][vc_row row_content_width=&#8220;grid&#8220; css=&#8220;.vc_custom_1665485720563{padding-top: 50px !important;padding-bottom: 30px !important;}&#8220; simple_background_color=&#8220;#ffffff&#8220;][vc_column width=&#8220;1\/6&#8243; offset=&#8220;vc_hidden-xs&#8220;][\/vc_column][vc_column width=&#8220;2\/3&#8243;]<div class=\"qodef-section-title-holder  qodef-st-standard qodef-st-title-left qodef-st-normal-space \" style=\"text-align: center\">\n\t<div class=\"qodef-st-inner\">\n\t\t\t\t\t<h2 class=\"qodef-st-title\" >\n\t\t\t\tNatural Art Oasis stellt Ihnen My Equilibria vor\t\t\t<\/h2>\n\t\t\t\t    \t<\/div>\n<\/div>[\/vc_column][vc_column width=&#8220;1\/6&#8243; offset=&#8220;vc_hidden-xs&#8220;][\/vc_column][\/vc_row][vc_row full_width=&#8220;stretch_row_content&#8220; equal_height=&#8220;yes&#8220; css=&#8220;.vc_custom_1644406782999{margin-top: 25px !important;padding-right: 10px !important;padding-left: 10px !important;}&#8220;][vc_column width=&#8220;1\/3&#8243;][vc_single_image image=&#8220;8652&#8243; img_size=&#8220;full&#8220;][vc_column_text css=&#8220;.vc_custom_1644406175090{margin-top: 10px !important;}&#8220;]<strong>Dein Fitnessstudio unter freiem Himmel<\/strong><\/p>\n<p>Im Waikiki Village gibt es ab der Saison 2022 den Fitnessbereich MyEquilibria. Eine beeindruckende Outdoor-Fitness-Struktur, die nicht nur die gro\u00dfen Fans von Calisthenics und funktionellem Training zufriedenstellt, sondern auch diejenigen, die sich zum ersten Mal der &#8222;Open Air&#8220;-Fitness n\u00e4hern.[\/vc_column_text][\/vc_column][vc_column width=&#8220;1\/3&#8243;][vc_single_image image=&#8220;8651&#8243; img_size=&#8220;full&#8220;][vc_column_text css=&#8220;.vc_custom_1644406216916{margin-top: 10px !important;margin-bottom: 30px !important;}&#8220;]<strong>Luxus made in Italy<\/strong><\/p>\n<p>My Equilibria ist die italienische Marke, die avantgardistische Outdoor-Trainingsanlagen mit gro\u00dfartigem Design auf der ganzen Welt entwirft und baut: auf Kreuzfahrtschiffen, in Resorts und auf Universit\u00e4tsgel\u00e4nden. Die &#8222;Open Air&#8220;-Philosophie f\u00fcr ein revolution\u00e4res Training.[\/vc_column_text][\/vc_column][vc_column width=&#8220;1\/3&#8243;][vc_single_image image=&#8220;8656&#8243; img_size=&#8220;full&#8220;][vc_column_text css=&#8220;.vc_custom_1644406201813{margin-top: 10px !important;}&#8220;]<strong>Fitness nach Ma\u00df f\u00fcr dich<\/strong><\/p>\n<p>Entscheide selbst, wie du das Beste aus deinem Outdoor-Training herausholen willst: Nimm an den Gruppenstunden unserer Trainer teil oder erstelle dein eigenes, individuelles Trainingsprogramm in der My Equilibria-App.[\/vc_column_text][\/vc_column][\/vc_row][vc_row row_content_width=&#8220;grid&#8220; css=&#8220;.vc_custom_1644405577512{padding-top: 30px !important;padding-bottom: 30px !important;}&#8220; simple_background_color=&#8220;#ffffff&#8220;][vc_column offset=&#8220;vc_hidden-xs&#8220;][vc_single_image image=&#8220;8641&#8243; img_size=&#8220;medium&#8220; alignment=&#8220;center&#8220; onclick=&#8220;custom_link&#8220; img_link_target=&#8220;_blank&#8220; link=&#8220;https:\/\/myequilibria.com&#8220;][vc_column_text]<\/p>\n<h4 class=\"gmail-MsoNoSpacing\" style=\"text-align: center;\"><strong>Luxus Made in Italy<\/strong><\/h4>\n<p class=\"gmail-MsoNoSpacing\" style=\"text-align: center;\"><strong>My Equilibria<\/strong> ist die italienische Marke schlechthin f\u00fcr Sporttrainingsanlagen im Freien.<br \/>\nAuf der Suche nach dem Gleichgewicht zwischen K\u00f6rper und Geist sp\u00fcren diejenigen, die in den von My Equilibria entworfenen <strong>\u201eOpen Air\u201c-Fitnessstudios trainieren<\/strong>, die auf einem Universit\u00e4tscampus, in einer Struktur inmitten der Natur oder auf einem Kreuzfahrtschiff eingerichtet sind, die au\u00dfergew\u00f6hnliche Natur der Elemente, die ihnen zur Verf\u00fcgung stehen und die es ihnen erm\u00f6glichen, spannende Disziplinen wie Bodyweight-Training, Calisthenics und Functional Training zu absolvieren.<\/p>\n<p>[\/vc_column_text][vc_empty_space height=&#8220;25px&#8220;][vc_zigzag color=&#8220;custom&#8220; custom_color=&#8220;#87db0a&#8220;][\/vc_column][\/vc_row][vc_row full_width=&#8220;stretch_row_content&#8220;][vc_column][vc_column_text]<\/p>\n<section id=\"conatcat-info\" class=\"service-item\">\n<div class=\"container\">\n<div class=\"center wow fadeInDown animated\">\n<h3 style=\"text-align: center;\">WAIKIKI CAMPING VILLAGE &#8211; JESOLO<\/h3>\n<p class=\"lead\" style=\"text-align: center;\">Im beschaulichen Pinienwald von Jesolo und in Reichweite von Venedig ist Camping Waikiki genau die richtige Urlaubswahl f\u00fcr G\u00e4ste,<\/p>\n<p style=\"text-align: center;\">die einen Urlaub in engem Kontakt zur Natur genie\u00dfen m\u00f6chten, ohne dabei auf Bequemlichkeiten verzichten zu wollen.<\/p>\n<p style=\"text-align: center;\">Auch Ihre vierbeinigen Freunde sind bei uns willkommen!<\/p>\n<h4 style=\"text-align: center;\"><a class=\"btn btn-default\" href=\"https:\/\/booking.campingwaikiki.com\/booking\/disponibilita\/waikiki\/de\"><strong><mark>BERECHNEN SIE DEN KOSTENVORSCHLAG<\/mark><\/strong><\/a><\/h4>\n<\/div>\n<\/div>\n<\/section>\n<p>[\/vc_column_text][\/vc_column][\/vc_row][vc_row css_animation=&#8220;fadeInLeftBig&#8220; css=&#8220;.vc_custom_1644402114466{margin-top: 40px !important;}&#8220;][vc_column]<div class=\"qodef-video-button-holder  qodef-vb-has-img\">\n\t<div class=\"qodef-video-button-image\">\n\t\t<img loading=\"lazy\" decoding=\"async\" width=\"1920\" height=\"794\" src=\"https:\/\/campingwaikiki.com\/wp-content\/uploads\/2022\/10\/000000.jpg\" class=\"attachment-full size-full\" alt=\"\" srcset=\"https:\/\/campingwaikiki.com\/wp-content\/uploads\/2022\/10\/000000.jpg 1920w, https:\/\/campingwaikiki.com\/wp-content\/uploads\/2022\/10\/000000-300x124.jpg 300w, https:\/\/campingwaikiki.com\/wp-content\/uploads\/2022\/10\/000000-1024x423.jpg 1024w, https:\/\/campingwaikiki.com\/wp-content\/uploads\/2022\/10\/000000-768x318.jpg 768w, https:\/\/campingwaikiki.com\/wp-content\/uploads\/2022\/10\/000000-1536x635.jpg 1536w\" sizes=\"auto, (max-width: 1920px) 100vw, 1920px\" \/>\t<\/div>\n\t\t\t<a class=\"qodef-video-button-play\"  href=\"https:\/\/youtu.be\/bBiiENsCicM\" data-rel=\"prettyPhoto[video_button_pretty_photo_794]\">\n\t\t\t<span class=\"qodef-video-button-play-inner\">\n\t\t\t\t<svg version=\"1.1\" id=\"Layer_1\" xmlns=\"http:\/\/www.w3.org\/2000\/svg\" xmlns:xlink=\"http:\/\/www.w3.org\/1999\/xlink\" x=\"0px\" y=\"0px\"\n\t\t\t\twidth=\"197px\" height=\"197px\" viewBox=\"0 0 197 197\" enable-background=\"new 0 0 197 197\" xml:space=\"preserve\">\n\t\t\t\t<circle class=\"video-button-stroke\" stroke-linecap=\"round\" cx=\"98.5\" cy=\"98.6\" r=\"97.5\"\/>\n\t\t\t\t<circle class=\"video-button-circle\" stroke-linecap=\"round\" cx=\"98.5\" cy=\"98.6\" r=\"97.5\"\/>\n\t\t\t\t<g><path fill=\"#FFFFFF\" d=\"M88.5,78.6l20,20l-20,20V78.6z\"\/><\/g>\n\t\t\t\t<\/svg>\t\t\t<\/span>\n\t\t<\/a>\n\t<\/div>[\/vc_column][\/vc_row][vc_row row_content_width=&#8220;grid&#8220; simple_background_color=&#8220;#f8f8f8&#8243; css=&#8220;.vc_custom_1612397649089{padding-top: 50px !important;padding-bottom: 80px !important;}&#8220;][vc_column offset=&#8220;vc_col-lg-5 vc_col-md-12 vc_col-xs-12&#8243; css=&#8220;.vc_custom_1539344769995{padding-top: 24px !important;}&#8220;][vc_wp_text]<style>\r\n\t#errorMsg {\r\n\tcolor:red;\r\n\t}\r\n\t\r\n\t#contactConfirm {\r\n\tdisplay:none;\r\n\t}\r\n<\/style>\r\n<div role=\"form\" class=\"wpcf7\" id=\"contactForm\" lang=\"en-US\" dir=\"ltr\">\r\n<div class=\"screen-reader-response\"><p role=\"status\" aria-live=\"polite\" aria-atomic=\"true\"><\/p> <ul><\/ul><\/div>\r\n<div class=\"qodef-cf7-contact\">\r\n<span class=\"wpcf7-form-control-wrap your-email\"><input id=\"email\" type=\"email\" name=\"your-email\" value=\"\" size=\"40\" class=\"wpcf7-form-control wpcf7-text wpcf7-email wpcf7-validates-as-required wpcf7-validates-as-email\" aria-required=\"true\" aria-invalid=\"false\" placeholder=\"Email*\"><\/span><br>\r\n<span class=\"wpcf7-form-control-wrap your-subject\"><input id=\"subject\" type=\"text\" name=\"your-subject\" size=\"40\" class=\"wpcf7-form-control wpcf7-text\" aria-invalid=\"false\" readonly value=\"Waikiki 2022 die neuen Einrichtungen f\u00fcr Outdoor-Fitness My Equilibria\" placeholder=\"Subject\"><\/span><br>\r\n<span class=\"wpcf7-form-control-wrap your-message\"><textarea id=\"message\" name=\"your-message\" cols=\"10\" rows=\"3\" class=\"wpcf7-form-control wpcf7-textarea\" aria-invalid=\"false\" placeholder=\"Anfrage\"><\/textarea><\/span><br>\r\n<span class=\"wpcf7-form-control-wrap your-email\"><input type=\"checkbox\" id=\"privacy\" name=\"privacy\"> Ich best\u00e4tige, dass ich die <a href=\"\/de\/privacy-policy\/\">Informationen zur Datenverarbeitung<\/a> gelesen habe.<\/span><br><br>\r\n<button type=\"button\" onclick=\"waikiki_home_contact()\" class=\"qodef-btn qodef-btn-solid\"><span class=\"qodef-btn-line-holder\"><span class=\"qodef-btn-line-top\"><\/span><span class=\"qodef-btn-line\"><\/span><span class=\"qodef-btn-line-bottom\"><\/span><\/span><span class=\"qodef-btn-text\" >Senden<\/span><\/button>\r\n<\/div>\r\n<div id=\"errorMsg\"><\/div>\r\n<\/div>\r\n <div id='contactConfirm'>\r\n\tIhre Nachricht wurde gesendet.\r\n  <\/div>\r\n[\/vc_wp_text][\/vc_column][vc_column offset=&#8220;vc_col-lg-7 vc_col-md-12 vc_col-xs-12&#8243; css=&#8220;.vc_custom_1539344775249{margin-top: 0px !important;padding-top: 0px !important;}&#8220;][vc_column_text]<\/p>\n<h2>Brauchen Sie Informationen?<\/h2>\n<p>[\/vc_column_text][vc_empty_space height=&#8220;5px&#8220;][vc_column_text]Kontaktieren Sie das B\u00fcro von Camping Village Waikiki per Telefon: <strong>+39 0421980186.<\/strong><br \/>\nF\u00fcr ein Angebot[\/vc_column_text][vc_empty_space height=&#8220;28px&#8220;][vc_column_text]<a href=\"https:\/\/booking.campingwaikiki.com\/booking\/disponibilita\/waikiki\/de\"><mark>BERECHNEN SIE DEN KOSTENVORSCHLAG<\/mark><\/a>[\/vc_column_text][\/vc_column][\/vc_row]<\/p>\n<\/div>","protected":false},"excerpt":{"rendered":"<p>[vc_row][vc_column][\/vc_column][\/vc_row][vc_row row_content_width=&#8220;grid&#8220; css=&#8220;.vc_custom_1665485720563{padding-top: 50px !important;padding-bottom: 30px !important;}&#8220; simple_background_color=&#8220;#ffffff&#8220;][vc_column width=&#8220;1\/6&#8243; offset=&#8220;vc_hidden-xs&#8220;][\/vc_column][vc_column width=&#8220;2\/3&#8243;][\/vc_column][vc_column width=&#8220;1\/6&#8243; offset=&#8220;vc_hidden-xs&#8220;][\/vc_column][\/vc_row][vc_row full_width=&#8220;stretch_row_content&#8220; equal_height=&#8220;yes&#8220; css=&#8220;.vc_custom_1644406782999{margin-top: 25px !important;padding-right: 10px !important;padding-left: 10px !important;}&#8220;][vc_column width=&#8220;1\/3&#8243;][vc_single_image image=&#8220;8652&#8243; img_size=&#8220;full&#8220;][vc_column_text css=&#8220;.vc_custom_1644406175090{margin-top: 10px !important;}&#8220;]Dein Fitnessstudio unter freiem Himmel Im Waikiki Village gibt es ab der Saison [&hellip;]<\/p>\n","protected":false},"author":1,"featured_media":0,"parent":0,"menu_order":0,"comment_status":"closed","ping_status":"closed","template":"full-width.php","meta":{"footnotes":""},"class_list":["post-8685","page","type-page","status-publish","hentry"],"aioseo_notices":[],"_links":{"self":[{"href":"https:\/\/campingwaikiki.com\/de\/wp-json\/wp\/v2\/pages\/8685","targetHints":{"allow":["GET"]}}],"collection":[{"href":"https:\/\/campingwaikiki.com\/de\/wp-json\/wp\/v2\/pages"}],"about":[{"href":"https:\/\/campingwaikiki.com\/de\/wp-json\/wp\/v2\/types\/page"}],"author":[{"embeddable":true,"href":"https:\/\/campingwaikiki.com\/de\/wp-json\/wp\/v2\/users\/1"}],"replies":[{"embeddable":true,"href":"https:\/\/campingwaikiki.com\/de\/wp-json\/wp\/v2\/comments?post=8685"}],"version-history":[{"count":11,"href":"https:\/\/campingwaikiki.com\/de\/wp-json\/wp\/v2\/pages\/8685\/revisions"}],"predecessor-version":[{"id":10024,"href":"https:\/\/campingwaikiki.com\/de\/wp-json\/wp\/v2\/pages\/8685\/revisions\/10024"}],"wp:attachment":[{"href":"https:\/\/campingwaikiki.com\/de\/wp-json\/wp\/v2\/media?parent=8685"}],"curies":[{"name":"wp","href":"https:\/\/api.w.org\/{rel}","templated":true}]}}