{"id":9180,"date":"2022-03-23T12:09:45","date_gmt":"2022-03-23T11:09:45","guid":{"rendered":"https:\/\/campingwaikiki.com\/natural-art-oasis\/anna-socci\/"},"modified":"2022-03-23T12:12:22","modified_gmt":"2022-03-23T11:12:22","slug":"anna-socci","status":"publish","type":"page","link":"https:\/\/campingwaikiki.com\/de\/natural-art-oasis\/anna-socci\/","title":{"rendered":"Anna Socci"},"content":{"rendered":"<div class=\"wpb-content-wrapper\"><p>[vc_section][vc_row][vc_column width=&#8220;1\/3&#8243;][vc_single_image image=&#8220;9029&#8243; img_size=&#8220;full&#8220; alignment=&#8220;center&#8220;][vc_column_text]<a href=\"https:\/\/www.instagram.com\/socciografando\/\" target=\"_blank\" rel=\"noopener\"><img loading=\"lazy\" decoding=\"async\" class=\"alignnone wp-image-9068 size-full\" src=\"https:\/\/campingwaikiki.com\/wp-content\/uploads\/2022\/03\/ico-im.png\" alt=\"\" width=\"30\" height=\"31\" \/><\/a>\u00a0 \u00a0 <a href=\"https:\/\/500px.com\/p\/annasocci?view=photos\" target=\"_blank\" rel=\"noopener\"><img loading=\"lazy\" decoding=\"async\" class=\"alignnone wp-image-9071 size-full\" src=\"https:\/\/campingwaikiki.com\/wp-content\/uploads\/2022\/03\/ico-web.jpg\" alt=\"\" width=\"30\" height=\"29\" \/><\/a>[\/vc_column_text][\/vc_column][vc_column width=&#8220;2\/3&#8243;][vc_column_text]<\/p>\n<h3><strong><mark>Anna Socci \/ Fotografin<\/mark><\/strong><\/h3>\n<p>[\/vc_column_text][vc_column_text]<strong>BIOGRAFIE<\/strong><\/p>\n<p>Ich bin dort geboren und aufgewachsen, wo das Meer endet und die Sonne geboren wird, wo das feurige Rot des Sonnenuntergangs in die Augen der Menschen eindringt und sie mit einer beruhigenden Energie \u00fcberflutet. Meine Heimat, die Amalfik\u00fcste, ist seit jeher Quelle der Inspiration f\u00fcr all meine Entscheidungen, insbesondere auf k\u00fcnstlerischer Ebene.<\/p>\n<p>Mailand hat es mir dann erm\u00f6glicht, mein visuelles Gep\u00e4ck um die Einblicke in die urbane Realit\u00e4t zu bereichern. Das Universit\u00e4tsstudium bot mir Gelegenheit, neue Theorien kennenzulernen, die es mir in Verschmelzung mit meiner k\u00fcnstlerischen Vision der Welt erm\u00f6glicht haben, unter die Oberfl\u00e4che der greifbaren Realit\u00e4t zu gehen.<\/p>\n<p>Mein fotografischer Ansatz ergibt sich aus dem Blick meines Unbewussten, der sich darauf konzentriert, wer ich bin, wonach ich suche, und sich dabei an meinen Wahrnehmungen orientiert, die sich anarchisch in den Raum-Zeit-Koordinaten des Rationalen bewegen. Ein Mechanismus, der in meinen visuellen Alltag einbricht und die Geheimnisse einer facettenreichen Realit\u00e4t enth\u00fcllt.<\/p>\n<p>[\/vc_column_text][\/vc_column][\/vc_row][\/vc_section][vc_row css=&#8220;.vc_custom_1646911427980{padding-top: 40px !important;}&#8220;][vc_column width=&#8220;1\/2&#8243;][vc_single_image image=&#8220;9089&#8243; img_size=&#8220;full&#8220;][\/vc_column][vc_column width=&#8220;1\/2&#8243;][vc_column_text]<\/p>\n<h3><strong><mark>Die Fotos<\/mark><\/strong><\/h3>\n<p>[\/vc_column_text][vc_column_text]Die Oase am Meer \u00fcberblickt den sch\u00f6nsten Abschnitt der K\u00fcste von Jesolo und ist von einzigartigem naturalistischem und landschaftlichem Wert, der durch die D\u00fcnen und die M\u00fcndung des Flusses Piave mit seinen Fischwaagen gekennzeichnet ist.<\/p>\n<p>Die neuen Mobilheime, die f\u00fcr diese unter dem sch\u00fctzenden Mantel des dichten Pinienwaldes verlaufende Oase entworfen wurden, zeigen sich von eben diesen typischen Fischwaagen inspiriert.<\/p>\n<p>In ihrem Inneren ist eine kleine\u00a0<strong>Fotogalerie<\/strong> zu sehen. Zwei Frauen,\u00a0<strong>Anna Socci<\/strong>\u00a0und\u00a0<strong>Sonia Uniati<\/strong>, wurden als erste Fotok\u00fcnstlerinnen ausgew\u00e4hlt: Ihre Fotos reihen sich an den W\u00e4nden in den Schlafzimmern der Kiki Homes und erz\u00e4hlen in Bildern von der Natur dieser Orte, an denen die nat\u00fcrlichen Elemente auf \u00fcberw\u00e4ltigende Weise vorherrschen.[\/vc_column_text][\/vc_column][\/vc_row][vc_row css=&#8220;.vc_custom_1646911813023{margin-top: 20px !important;}&#8220;][vc_column][vc_column_text]<\/p>\n<div class=\"wpb_text_column wpb_content_element \">\n<div class=\"wpb_wrapper\">\n<h3><mark>INFO UND N\u00dcTZLICHE INFORMATIONEN<\/mark><\/h3>\n<\/div>\n<\/div>\n<div class=\"wpb_text_column wpb_content_element \">\n<div class=\"wpb_wrapper\">\n<p>Alle Neuigkeiten aus der Waikiki Village Welt. Informieren Sie sich \u00fcber die Echtzeit-Updates im News-Bereich.<\/p>\n<\/div>\n<\/div>\n<p>[\/vc_column_text][\/vc_column][\/vc_row][vc_row css=&#8220;.vc_custom_1621154123993{padding-top: 40px !important;}&#8220;][vc_column]<div class=\"qodef-blog-list-holder qodef-grid-list qodef-disable-bottom-space qodef-bl-standard qodef-three-columns qodef-huge-space qodef-bl-pag-no-pagination\"  data-type=standard data-number-of-posts=3 data-number-of-columns=three data-space-between-items=huge data-orderby=date data-order=DESC data-image-size=full data-title-tag=h4 data-excerpt-length=40 data-post-info-section=yes data-post-info-image=yes data-post-info-author=yes data-post-info-date=yes data-post-info-category=yes data-post-info-comments=no data-post-info-share=no data-read-more-button=no data-pagination-type=no-pagination data-enable-link-over=no data-max-num-pages=9 data-next-page=2>\n\t<div class=\"qodef-bl-wrapper qodef-outer-space\">\n\t\t<ul class=\"qodef-blog-list\">\n\t\t\t<li class=\"qodef-bl-item qodef-item-space\">\n\t<div class=\"qodef-bli-inner\">\n\t\t\n\t<div class=\"qodef-post-image\">\n\t\t\t\t\t<a itemprop=\"url\" href=\"https:\/\/campingwaikiki.com\/de\/danke-fuer-eine-unvergessliche-saison\/\" title=\"Danke f\u00fcr eine unvergessliche Saison\">\n\t\t\t\t\t<img loading=\"lazy\" decoding=\"async\" width=\"1920\" height=\"1280\" src=\"https:\/\/campingwaikiki.com\/wp-content\/uploads\/2025\/09\/Waikiki-Fine-stagione-2025.jpg\" class=\"attachment-full size-full wp-post-image\" alt=\"\" srcset=\"https:\/\/campingwaikiki.com\/wp-content\/uploads\/2025\/09\/Waikiki-Fine-stagione-2025.jpg 1920w, https:\/\/campingwaikiki.com\/wp-content\/uploads\/2025\/09\/Waikiki-Fine-stagione-2025-300x200.jpg 300w, https:\/\/campingwaikiki.com\/wp-content\/uploads\/2025\/09\/Waikiki-Fine-stagione-2025-1024x683.jpg 1024w, https:\/\/campingwaikiki.com\/wp-content\/uploads\/2025\/09\/Waikiki-Fine-stagione-2025-768x512.jpg 768w, https:\/\/campingwaikiki.com\/wp-content\/uploads\/2025\/09\/Waikiki-Fine-stagione-2025-1536x1024.jpg 1536w\" sizes=\"auto, (max-width: 1920px) 100vw, 1920px\" \/>\t\t\t\t\t<\/a>\n\t\t\t\t\t<\/div>\n        <div class=\"qodef-bli-content\">\n                            <div class=\"qodef-bli-info\">\n\t                <div itemprop=\"dateCreated\" class=\"qodef-post-info-date entry-date published updated\">\n            <a itemprop=\"url\" href=\"https:\/\/campingwaikiki.com\/de\/2025\/09\/\">\n                <span class=\"qodef-post-info-date-date\">24<\/span>\n            <span class=\"qodef-post-info-date-month\">Sep.<\/span>\n        <\/a>\n    <meta itemprop=\"interactionCount\" content=\"UserComments: 0\"\/>\n<\/div><div class=\"qodef-post-info-category\">\n    <a href=\"https:\/\/campingwaikiki.com\/de\/category\/news-de\/\" rel=\"category tag\">News<\/a><\/div><div class=\"qodef-post-info-author\">\n    <span class=\"qodef-post-info-author-text\">\n        by    <\/span>\n    <a itemprop=\"author\" class=\"qodef-post-info-author-link\" href=\"https:\/\/campingwaikiki.com\/de\/author\/emilio\/\">\n        Emilio    <\/a>\n<\/div>                <\/div>\n            \t\n\t        \n<h4 itemprop=\"name\" class=\"entry-title qodef-post-title\" >\n            <a itemprop=\"url\" href=\"https:\/\/campingwaikiki.com\/de\/danke-fuer-eine-unvergessliche-saison\/\" title=\"Danke f\u00fcr eine unvergessliche Saison\">\n            Danke f\u00fcr eine unvergessliche Saison            <\/a>\n    <\/h4>\t\n\t        <div class=\"qodef-bli-excerpt\">\n                \t\t<div class=\"qodef-post-excerpt-holder\">\n\t\t\t<p itemprop=\"description\" class=\"qodef-post-excerpt\">\n\t\t\t\t\r\nDieser Sommer im Camping Waikiki Village in Jesolo war eine spannende Reise voller Natur, Entspannung, Spa\u00df und unvergesslicher Momente. Eingebettet zwischen Pinienwald und Meer ist unser Feriendorf f\u00fcr viele zu einem echten \u201eZuhause fern von Zuhause\u201c geworden \u2013 ein Ort,\t\t\t<\/p>\n\t\t<\/div>\n\t\t\t\t\t\t        <\/div>\n\t                <\/div>\n\t<\/div>\n<\/li><li class=\"qodef-bl-item qodef-item-space\">\n\t<div class=\"qodef-bli-inner\">\n\t\t\n\t<div class=\"qodef-post-image\">\n\t\t\t\t\t<a itemprop=\"url\" href=\"https:\/\/campingwaikiki.com\/de\/jesolo-mit-dem-e-bike-entdecken-natur-entspannung-und-abenteuer-im-waikiki-village\/\" title=\"Jesolo mit dem E-Bike entdecken: Natur, Entspannung und Abenteuer im Waikiki Village\">\n\t\t\t\t\t<img loading=\"lazy\" decoding=\"async\" width=\"1500\" height=\"1124\" src=\"https:\/\/campingwaikiki.com\/wp-content\/uploads\/2025\/07\/Scopri-Jesolo-in-E-Bike.jpg\" class=\"attachment-full size-full wp-post-image\" alt=\"\" srcset=\"https:\/\/campingwaikiki.com\/wp-content\/uploads\/2025\/07\/Scopri-Jesolo-in-E-Bike.jpg 1500w, https:\/\/campingwaikiki.com\/wp-content\/uploads\/2025\/07\/Scopri-Jesolo-in-E-Bike-300x225.jpg 300w, https:\/\/campingwaikiki.com\/wp-content\/uploads\/2025\/07\/Scopri-Jesolo-in-E-Bike-1024x767.jpg 1024w, https:\/\/campingwaikiki.com\/wp-content\/uploads\/2025\/07\/Scopri-Jesolo-in-E-Bike-768x575.jpg 768w\" sizes=\"auto, (max-width: 1500px) 100vw, 1500px\" \/>\t\t\t\t\t<\/a>\n\t\t\t\t\t<\/div>\n        <div class=\"qodef-bli-content\">\n                            <div class=\"qodef-bli-info\">\n\t                <div itemprop=\"dateCreated\" class=\"qodef-post-info-date entry-date published updated\">\n            <a itemprop=\"url\" href=\"https:\/\/campingwaikiki.com\/de\/2025\/07\/\">\n                <span class=\"qodef-post-info-date-date\">15<\/span>\n            <span class=\"qodef-post-info-date-month\">Juli<\/span>\n        <\/a>\n    <meta itemprop=\"interactionCount\" content=\"UserComments: 0\"\/>\n<\/div><div class=\"qodef-post-info-category\">\n    <a href=\"https:\/\/campingwaikiki.com\/de\/category\/news-de\/\" rel=\"category tag\">News<\/a><\/div><div class=\"qodef-post-info-author\">\n    <span class=\"qodef-post-info-author-text\">\n        by    <\/span>\n    <a itemprop=\"author\" class=\"qodef-post-info-author-link\" href=\"https:\/\/campingwaikiki.com\/de\/author\/emilio\/\">\n        Emilio    <\/a>\n<\/div>                <\/div>\n            \t\n\t        \n<h4 itemprop=\"name\" class=\"entry-title qodef-post-title\" >\n            <a itemprop=\"url\" href=\"https:\/\/campingwaikiki.com\/de\/jesolo-mit-dem-e-bike-entdecken-natur-entspannung-und-abenteuer-im-waikiki-village\/\" title=\"Jesolo mit dem E-Bike entdecken: Natur, Entspannung und Abenteuer im Waikiki Village\">\n            Jesolo mit dem E-Bike entdecken: Natur, Entspannung und Abenteuer im Waikiki Village            <\/a>\n    <\/h4>\t\n\t        <div class=\"qodef-bli-excerpt\">\n                \t\t<div class=\"qodef-post-excerpt-holder\">\n\t\t\t<p itemprop=\"description\" class=\"qodef-post-excerpt\">\n\t\t\t\t\nSie suchen nach einer Erfahrung, die Natur, Sport und Komfort vereint? Das Waikiki Village in Jesolo ist der ideale Ausgangspunkt f\u00fcr eine unvergessliche E-Bike-Tour. Inmitten des Gr\u00fcns und nur wenige Schritte vom Meer entfernt, bietet das Village einen erholsamen Aufenthalt\t\t\t<\/p>\n\t\t<\/div>\n\t\t\t\t\t\t        <\/div>\n\t                <\/div>\n\t<\/div>\n<\/li><li class=\"qodef-bl-item qodef-item-space\">\n\t<div class=\"qodef-bli-inner\">\n\t\t\n\t<div class=\"qodef-post-image\">\n\t\t\t\t\t<a itemprop=\"url\" href=\"https:\/\/campingwaikiki.com\/de\/blue-flag-jesolo-awarded-for-the-22nd-year\/\" title=\"Blue Flag, Jesolo awarded for the 22nd year!\">\n\t\t\t\t\t<img loading=\"lazy\" decoding=\"async\" width=\"1600\" height=\"1200\" src=\"https:\/\/campingwaikiki.com\/wp-content\/uploads\/2025\/05\/Waikiki.jpeg\" class=\"attachment-full size-full wp-post-image\" alt=\"\" srcset=\"https:\/\/campingwaikiki.com\/wp-content\/uploads\/2025\/05\/Waikiki.jpeg 1600w, https:\/\/campingwaikiki.com\/wp-content\/uploads\/2025\/05\/Waikiki-300x225.jpeg 300w, https:\/\/campingwaikiki.com\/wp-content\/uploads\/2025\/05\/Waikiki-1024x768.jpeg 1024w, https:\/\/campingwaikiki.com\/wp-content\/uploads\/2025\/05\/Waikiki-768x576.jpeg 768w, https:\/\/campingwaikiki.com\/wp-content\/uploads\/2025\/05\/Waikiki-1536x1152.jpeg 1536w\" sizes=\"auto, (max-width: 1600px) 100vw, 1600px\" \/>\t\t\t\t\t<\/a>\n\t\t\t\t\t<\/div>\n        <div class=\"qodef-bli-content\">\n                            <div class=\"qodef-bli-info\">\n\t                <div itemprop=\"dateCreated\" class=\"qodef-post-info-date entry-date published updated\">\n            <a itemprop=\"url\" href=\"https:\/\/campingwaikiki.com\/de\/2025\/05\/\">\n                <span class=\"qodef-post-info-date-date\">14<\/span>\n            <span class=\"qodef-post-info-date-month\">Mai<\/span>\n        <\/a>\n    <meta itemprop=\"interactionCount\" content=\"UserComments: 0\"\/>\n<\/div><div class=\"qodef-post-info-category\">\n    <a href=\"https:\/\/campingwaikiki.com\/de\/category\/news-de\/\" rel=\"category tag\">News<\/a><\/div><div class=\"qodef-post-info-author\">\n    <span class=\"qodef-post-info-author-text\">\n        by    <\/span>\n    <a itemprop=\"author\" class=\"qodef-post-info-author-link\" href=\"https:\/\/campingwaikiki.com\/de\/author\/vincenza\/\">\n        Vincenza Misceo    <\/a>\n<\/div>                <\/div>\n            \t\n\t        \n<h4 itemprop=\"name\" class=\"entry-title qodef-post-title\" >\n            <a itemprop=\"url\" href=\"https:\/\/campingwaikiki.com\/de\/blue-flag-jesolo-awarded-for-the-22nd-year\/\" title=\"Blue Flag, Jesolo awarded for the 22nd year!\">\n            Blue Flag, Jesolo awarded for the 22nd year!            <\/a>\n    <\/h4>\t\n\t        <div class=\"qodef-bli-excerpt\">\n                \t\t<div class=\"qodef-post-excerpt-holder\">\n\t\t\t<p itemprop=\"description\" class=\"qodef-post-excerpt\">\n\t\t\t\t\nJesolo once again takes centre stage at the Blue Flag award ceremony, the prestigious recognition that rewards seaside resorts that maintain the highest standards of excellence in the quality of bathing water, cleanliness of beaches, waste management, the presence of\t\t\t<\/p>\n\t\t<\/div>\n\t\t\t\t\t\t        <\/div>\n\t                <\/div>\n\t<\/div>\n<\/li>\t\t<\/ul>\n\t<\/div>\n\t<\/div>[\/vc_column][\/vc_row]<\/p>\n<\/div>","protected":false},"excerpt":{"rendered":"<p>[vc_section][vc_row][vc_column width=&#8220;1\/3&#8243;][vc_single_image image=&#8220;9029&#8243; img_size=&#8220;full&#8220; alignment=&#8220;center&#8220;][vc_column_text]\u00a0 \u00a0 [\/vc_column_text][\/vc_column][vc_column width=&#8220;2\/3&#8243;][vc_column_text] Anna Socci \/ Fotografin [\/vc_column_text][vc_column_text]BIOGRAFIE Ich bin dort geboren und aufgewachsen, wo das Meer endet und die Sonne geboren wird, wo das feurige Rot des Sonnenuntergangs in die Augen der Menschen eindringt [&hellip;]<\/p>\n","protected":false},"author":1,"featured_media":0,"parent":7871,"menu_order":0,"comment_status":"closed","ping_status":"closed","template":"","meta":{"footnotes":""},"class_list":["post-9180","page","type-page","status-publish","hentry"],"aioseo_notices":[],"_links":{"self":[{"href":"https:\/\/campingwaikiki.com\/de\/wp-json\/wp\/v2\/pages\/9180","targetHints":{"allow":["GET"]}}],"collection":[{"href":"https:\/\/campingwaikiki.com\/de\/wp-json\/wp\/v2\/pages"}],"about":[{"href":"https:\/\/campingwaikiki.com\/de\/wp-json\/wp\/v2\/types\/page"}],"author":[{"embeddable":true,"href":"https:\/\/campingwaikiki.com\/de\/wp-json\/wp\/v2\/users\/1"}],"replies":[{"embeddable":true,"href":"https:\/\/campingwaikiki.com\/de\/wp-json\/wp\/v2\/comments?post=9180"}],"version-history":[{"count":2,"href":"https:\/\/campingwaikiki.com\/de\/wp-json\/wp\/v2\/pages\/9180\/revisions"}],"predecessor-version":[{"id":9182,"href":"https:\/\/campingwaikiki.com\/de\/wp-json\/wp\/v2\/pages\/9180\/revisions\/9182"}],"up":[{"embeddable":true,"href":"https:\/\/campingwaikiki.com\/de\/wp-json\/wp\/v2\/pages\/7871"}],"wp:attachment":[{"href":"https:\/\/campingwaikiki.com\/de\/wp-json\/wp\/v2\/media?parent=9180"}],"curies":[{"name":"wp","href":"https:\/\/api.w.org\/{rel}","templated":true}]}}