{"id":9183,"date":"2022-03-23T12:11:27","date_gmt":"2022-03-23T11:11:27","guid":{"rendered":"https:\/\/campingwaikiki.com\/natural-art-oasis\/simona-favrin\/"},"modified":"2024-06-26T13:38:29","modified_gmt":"2024-06-26T11:38:29","slug":"simona-favrin","status":"publish","type":"page","link":"https:\/\/campingwaikiki.com\/de\/natural-art-oasis\/simona-favrin\/","title":{"rendered":"Simona Favrin"},"content":{"rendered":"<div class=\"wpb-content-wrapper\"><p>[vc_section][vc_row css=&#8220;.vc_custom_1646911427980{padding-top: 40px !important;}&#8220;][vc_column width=&#8220;1\/2&#8243;][vc_single_image image=&#8220;9121&#8243; img_size=&#8220;full&#8220;][\/vc_column][vc_column width=&#8220;1\/2&#8243;][vc_column_text]<\/p>\n<h3><strong><mark>Der Nebelbaum<\/mark><\/strong><\/h3>\n<p>[\/vc_column_text][vc_column_text]<em>\u201eDer Nebelbaum wurde aus zwei magischen Empfindungen meiner Kindheit geboren.<\/em><\/p>\n<p><em>Der Nebel, der die Dinge umh\u00fcllt, ihre Konturen gl\u00e4ttet und die Grenzen zwischen den Orten ausl\u00f6scht. Eine Geste, die vielleicht jeder von uns mindestens einmal in seinem Leben ausgef\u00fchrt hat: Auf die federleichte Pusteblume des L\u00f6wenzahns zu blasen und seinen Samen auf ihrem Flug durch die Luft nachzuschauen, vielleicht sogar in der Hoffnung, dass ein Wunsch in Erf\u00fcllung geht.<\/em><\/p>\n<p><em>\u201eJeder Atemzug ist eine zweite Chance.\u201c<\/em><\/p>\n<p><em>Eine einfache, aber kraftvolle Geste, die uns unmittelbar zu jenem Gef\u00fchl der Unbeschwertheit und Freude zur\u00fccktr\u00e4gt, das die Kindheit auszeichnet.<\/em><\/p>\n<p><em>In einem gr\u00f6\u00dferen Ma\u00dfstab verwandelt sich die Pusteblume des L\u00f6wenzahns in einen gro\u00dfen technologischen Stahlbaum mit Nebeld\u00fcsen, die unter hohem Druck zerst\u00e4ubtes Wasser an die Umgebung abgeben. Fast wie ein lebender Organismus, eine Art Nebelmacher, der an den Tagen zwischen den Jahreszeiten die feuchten B\u00f6den des Kiefernwaldes in einen weichen Wattemantel h\u00fcllt.<\/em>[\/vc_column_text][\/vc_column][\/vc_row][vc_row css=&#8220;.vc_custom_1719401906639{padding-top: 40px !important;}&#8220;][vc_column width=&#8220;1\/3&#8243;][vc_single_image image=&#8220;9119&#8243; img_size=&#8220;full&#8220; alignment=&#8220;center&#8220;][vc_column_text]<a href=\"https:\/\/www.instagram.com\/favrindesign\/\" target=\"_blank\" rel=\"noopener\"><img loading=\"lazy\" decoding=\"async\" class=\"alignnone wp-image-9068 size-full\" src=\"https:\/\/campingwaikiki.com\/wp-content\/uploads\/2022\/03\/ico-im.png\" alt=\"\" width=\"30\" height=\"31\" \/><\/a><a href=\"https:\/\/www.facebook.com\/FavrinDesign-291692813238\/\" target=\"_blank\" rel=\"noopener\">\u00a0 \u00a0 <\/a><a href=\"https:\/\/www.facebook.com\/FavrinDesign-291692813238\/\" target=\"_blank\" rel=\"noopener\"><img loading=\"lazy\" decoding=\"async\" class=\"alignnone wp-image-9069 size-full\" src=\"https:\/\/campingwaikiki.com\/wp-content\/uploads\/2022\/03\/ico-fb.png\" alt=\"\" width=\"30\" height=\"29\" \/><\/a><a href=\"https:\/\/www.favrindesign.it\/\" target=\"_blank\" rel=\"noopener\">\u00a0 \u00a0 <img loading=\"lazy\" decoding=\"async\" class=\"alignnone wp-image-9071 size-full\" src=\"https:\/\/campingwaikiki.com\/wp-content\/uploads\/2022\/03\/ico-web.jpg\" alt=\"\" width=\"30\" height=\"29\" \/><\/a>[\/vc_column_text][\/vc_column][vc_column width=&#8220;2\/3&#8243;][vc_column_text]<\/p>\n<h3><strong><mark>Simona Favrin \/ Architektin, Designerin und Landschaftsarchitektin<\/mark><\/strong><\/h3>\n<p>[\/vc_column_text][vc_column_text]<strong>BIOGRAFIE<\/strong><\/p>\n<p>Simona Favrin zeichnet sich durch ihre Leidenschaft und ihr Fachwissen f\u00fcr Glaskunst aus und verf\u00fcgt \u00fcber fundierte Kenntnisse bei Material, Methoden und Techniken der Glasherstellung, die in Glas- und Ausstellungsdesign sowie in der Gestaltung von Werbe- und Ausstellungsfl\u00e4chen zum Einsatz kommen.<\/p>\n<p>Sie besch\u00e4ftigt sich mit der Gestaltung von Innen- und Au\u00dfenr\u00e4umen, wobei sie in Sachen Design eine Vorliebe f\u00fcr Gr\u00fcnfl\u00e4chen und Wasser zeigt und hier Brunnen und Installationen schafft, in denen sie mit der Kombination von Wasser und Glas experimentiert.<\/p>\n<p>Ihr besonderes Augenmerk gilt der emotionalen Wirkung, die das Design auf den Menschen hat: Als roter Faden ihrer Kreationen, die sich in den verschiedenen Bereichen des t\u00e4glichen Lebens bewegen, zeigt sich der Einsatz von Kunst und Design, die als Werkzeuge und Gelegenheiten f\u00fcr die Ausdruckskraft des Menschen und als Mittel zum Verst\u00e4ndnis der Zeit und des Ortes, in der und an dem er lebt, gesehen werden.[\/vc_column_text][\/vc_column][\/vc_row][\/vc_section][vc_row css=&#8220;.vc_custom_1646911813023{margin-top: 20px !important;}&#8220;][vc_column][vc_column_text]<\/p>\n<div class=\"wpb_text_column wpb_content_element \">\n<div class=\"wpb_wrapper\">\n<h3><mark>INFO UND N\u00dcTZLICHE INFORMATIONEN<\/mark><\/h3>\n<\/div>\n<\/div>\n<div class=\"wpb_text_column wpb_content_element \">\n<div class=\"wpb_wrapper\">\n<p>Alle Neuigkeiten aus der Waikiki Village Welt. Informieren Sie sich \u00fcber die Echtzeit-Updates im News-Bereich.<\/p>\n<\/div>\n<\/div>\n<p>[\/vc_column_text][\/vc_column][\/vc_row][vc_row css=&#8220;.vc_custom_1621154123993{padding-top: 40px !important;}&#8220;][vc_column]<div class=\"qodef-blog-list-holder qodef-grid-list qodef-disable-bottom-space qodef-bl-standard qodef-three-columns qodef-huge-space qodef-bl-pag-no-pagination\"  data-type=standard data-number-of-posts=3 data-number-of-columns=three data-space-between-items=huge data-orderby=date data-order=DESC data-image-size=full data-title-tag=h4 data-excerpt-length=40 data-post-info-section=yes data-post-info-image=yes data-post-info-author=yes data-post-info-date=yes data-post-info-category=yes data-post-info-comments=no data-post-info-share=no data-read-more-button=no data-pagination-type=no-pagination data-enable-link-over=no data-max-num-pages=9 data-next-page=2>\n\t<div class=\"qodef-bl-wrapper qodef-outer-space\">\n\t\t<ul class=\"qodef-blog-list\">\n\t\t\t<li class=\"qodef-bl-item qodef-item-space\">\n\t<div class=\"qodef-bli-inner\">\n\t\t\n\t<div class=\"qodef-post-image\">\n\t\t\t\t\t<a itemprop=\"url\" href=\"https:\/\/campingwaikiki.com\/de\/danke-fuer-eine-unvergessliche-saison\/\" title=\"Danke f\u00fcr eine unvergessliche Saison\">\n\t\t\t\t\t<img loading=\"lazy\" decoding=\"async\" width=\"1920\" height=\"1280\" src=\"https:\/\/campingwaikiki.com\/wp-content\/uploads\/2025\/09\/Waikiki-Fine-stagione-2025.jpg\" class=\"attachment-full size-full wp-post-image\" alt=\"\" srcset=\"https:\/\/campingwaikiki.com\/wp-content\/uploads\/2025\/09\/Waikiki-Fine-stagione-2025.jpg 1920w, https:\/\/campingwaikiki.com\/wp-content\/uploads\/2025\/09\/Waikiki-Fine-stagione-2025-300x200.jpg 300w, https:\/\/campingwaikiki.com\/wp-content\/uploads\/2025\/09\/Waikiki-Fine-stagione-2025-1024x683.jpg 1024w, https:\/\/campingwaikiki.com\/wp-content\/uploads\/2025\/09\/Waikiki-Fine-stagione-2025-768x512.jpg 768w, https:\/\/campingwaikiki.com\/wp-content\/uploads\/2025\/09\/Waikiki-Fine-stagione-2025-1536x1024.jpg 1536w\" sizes=\"auto, (max-width: 1920px) 100vw, 1920px\" \/>\t\t\t\t\t<\/a>\n\t\t\t\t\t<\/div>\n        <div class=\"qodef-bli-content\">\n                            <div class=\"qodef-bli-info\">\n\t                <div itemprop=\"dateCreated\" class=\"qodef-post-info-date entry-date published updated\">\n            <a itemprop=\"url\" href=\"https:\/\/campingwaikiki.com\/de\/2025\/09\/\">\n                <span class=\"qodef-post-info-date-date\">24<\/span>\n            <span class=\"qodef-post-info-date-month\">Sep.<\/span>\n        <\/a>\n    <meta itemprop=\"interactionCount\" content=\"UserComments: 0\"\/>\n<\/div><div class=\"qodef-post-info-category\">\n    <a href=\"https:\/\/campingwaikiki.com\/de\/category\/news-de\/\" rel=\"category tag\">News<\/a><\/div><div class=\"qodef-post-info-author\">\n    <span class=\"qodef-post-info-author-text\">\n        by    <\/span>\n    <a itemprop=\"author\" class=\"qodef-post-info-author-link\" href=\"https:\/\/campingwaikiki.com\/de\/author\/emilio\/\">\n        Emilio    <\/a>\n<\/div>                <\/div>\n            \t\n\t        \n<h4 itemprop=\"name\" class=\"entry-title qodef-post-title\" >\n            <a itemprop=\"url\" href=\"https:\/\/campingwaikiki.com\/de\/danke-fuer-eine-unvergessliche-saison\/\" title=\"Danke f\u00fcr eine unvergessliche Saison\">\n            Danke f\u00fcr eine unvergessliche Saison            <\/a>\n    <\/h4>\t\n\t        <div class=\"qodef-bli-excerpt\">\n                \t\t<div class=\"qodef-post-excerpt-holder\">\n\t\t\t<p itemprop=\"description\" class=\"qodef-post-excerpt\">\n\t\t\t\t\r\nDieser Sommer im Camping Waikiki Village in Jesolo war eine spannende Reise voller Natur, Entspannung, Spa\u00df und unvergesslicher Momente. Eingebettet zwischen Pinienwald und Meer ist unser Feriendorf f\u00fcr viele zu einem echten \u201eZuhause fern von Zuhause\u201c geworden \u2013 ein Ort,\t\t\t<\/p>\n\t\t<\/div>\n\t\t\t\t\t\t        <\/div>\n\t                <\/div>\n\t<\/div>\n<\/li><li class=\"qodef-bl-item qodef-item-space\">\n\t<div class=\"qodef-bli-inner\">\n\t\t\n\t<div class=\"qodef-post-image\">\n\t\t\t\t\t<a itemprop=\"url\" href=\"https:\/\/campingwaikiki.com\/de\/jesolo-mit-dem-e-bike-entdecken-natur-entspannung-und-abenteuer-im-waikiki-village\/\" title=\"Jesolo mit dem E-Bike entdecken: Natur, Entspannung und Abenteuer im Waikiki Village\">\n\t\t\t\t\t<img loading=\"lazy\" decoding=\"async\" width=\"1500\" height=\"1124\" src=\"https:\/\/campingwaikiki.com\/wp-content\/uploads\/2025\/07\/Scopri-Jesolo-in-E-Bike.jpg\" class=\"attachment-full size-full wp-post-image\" alt=\"\" srcset=\"https:\/\/campingwaikiki.com\/wp-content\/uploads\/2025\/07\/Scopri-Jesolo-in-E-Bike.jpg 1500w, https:\/\/campingwaikiki.com\/wp-content\/uploads\/2025\/07\/Scopri-Jesolo-in-E-Bike-300x225.jpg 300w, https:\/\/campingwaikiki.com\/wp-content\/uploads\/2025\/07\/Scopri-Jesolo-in-E-Bike-1024x767.jpg 1024w, https:\/\/campingwaikiki.com\/wp-content\/uploads\/2025\/07\/Scopri-Jesolo-in-E-Bike-768x575.jpg 768w\" sizes=\"auto, (max-width: 1500px) 100vw, 1500px\" \/>\t\t\t\t\t<\/a>\n\t\t\t\t\t<\/div>\n        <div class=\"qodef-bli-content\">\n                            <div class=\"qodef-bli-info\">\n\t                <div itemprop=\"dateCreated\" class=\"qodef-post-info-date entry-date published updated\">\n            <a itemprop=\"url\" href=\"https:\/\/campingwaikiki.com\/de\/2025\/07\/\">\n                <span class=\"qodef-post-info-date-date\">15<\/span>\n            <span class=\"qodef-post-info-date-month\">Juli<\/span>\n        <\/a>\n    <meta itemprop=\"interactionCount\" content=\"UserComments: 0\"\/>\n<\/div><div class=\"qodef-post-info-category\">\n    <a href=\"https:\/\/campingwaikiki.com\/de\/category\/news-de\/\" rel=\"category tag\">News<\/a><\/div><div class=\"qodef-post-info-author\">\n    <span class=\"qodef-post-info-author-text\">\n        by    <\/span>\n    <a itemprop=\"author\" class=\"qodef-post-info-author-link\" href=\"https:\/\/campingwaikiki.com\/de\/author\/emilio\/\">\n        Emilio    <\/a>\n<\/div>                <\/div>\n            \t\n\t        \n<h4 itemprop=\"name\" class=\"entry-title qodef-post-title\" >\n            <a itemprop=\"url\" href=\"https:\/\/campingwaikiki.com\/de\/jesolo-mit-dem-e-bike-entdecken-natur-entspannung-und-abenteuer-im-waikiki-village\/\" title=\"Jesolo mit dem E-Bike entdecken: Natur, Entspannung und Abenteuer im Waikiki Village\">\n            Jesolo mit dem E-Bike entdecken: Natur, Entspannung und Abenteuer im Waikiki Village            <\/a>\n    <\/h4>\t\n\t        <div class=\"qodef-bli-excerpt\">\n                \t\t<div class=\"qodef-post-excerpt-holder\">\n\t\t\t<p itemprop=\"description\" class=\"qodef-post-excerpt\">\n\t\t\t\t\nSie suchen nach einer Erfahrung, die Natur, Sport und Komfort vereint? Das Waikiki Village in Jesolo ist der ideale Ausgangspunkt f\u00fcr eine unvergessliche E-Bike-Tour. Inmitten des Gr\u00fcns und nur wenige Schritte vom Meer entfernt, bietet das Village einen erholsamen Aufenthalt\t\t\t<\/p>\n\t\t<\/div>\n\t\t\t\t\t\t        <\/div>\n\t                <\/div>\n\t<\/div>\n<\/li><li class=\"qodef-bl-item qodef-item-space\">\n\t<div class=\"qodef-bli-inner\">\n\t\t\n\t<div class=\"qodef-post-image\">\n\t\t\t\t\t<a itemprop=\"url\" href=\"https:\/\/campingwaikiki.com\/de\/blue-flag-jesolo-awarded-for-the-22nd-year\/\" title=\"Blue Flag, Jesolo awarded for the 22nd year!\">\n\t\t\t\t\t<img loading=\"lazy\" decoding=\"async\" width=\"1600\" height=\"1200\" src=\"https:\/\/campingwaikiki.com\/wp-content\/uploads\/2025\/05\/Waikiki.jpeg\" class=\"attachment-full size-full wp-post-image\" alt=\"\" srcset=\"https:\/\/campingwaikiki.com\/wp-content\/uploads\/2025\/05\/Waikiki.jpeg 1600w, https:\/\/campingwaikiki.com\/wp-content\/uploads\/2025\/05\/Waikiki-300x225.jpeg 300w, https:\/\/campingwaikiki.com\/wp-content\/uploads\/2025\/05\/Waikiki-1024x768.jpeg 1024w, https:\/\/campingwaikiki.com\/wp-content\/uploads\/2025\/05\/Waikiki-768x576.jpeg 768w, https:\/\/campingwaikiki.com\/wp-content\/uploads\/2025\/05\/Waikiki-1536x1152.jpeg 1536w\" sizes=\"auto, (max-width: 1600px) 100vw, 1600px\" \/>\t\t\t\t\t<\/a>\n\t\t\t\t\t<\/div>\n        <div class=\"qodef-bli-content\">\n                            <div class=\"qodef-bli-info\">\n\t                <div itemprop=\"dateCreated\" class=\"qodef-post-info-date entry-date published updated\">\n            <a itemprop=\"url\" href=\"https:\/\/campingwaikiki.com\/de\/2025\/05\/\">\n                <span class=\"qodef-post-info-date-date\">14<\/span>\n            <span class=\"qodef-post-info-date-month\">Mai<\/span>\n        <\/a>\n    <meta itemprop=\"interactionCount\" content=\"UserComments: 0\"\/>\n<\/div><div class=\"qodef-post-info-category\">\n    <a href=\"https:\/\/campingwaikiki.com\/de\/category\/news-de\/\" rel=\"category tag\">News<\/a><\/div><div class=\"qodef-post-info-author\">\n    <span class=\"qodef-post-info-author-text\">\n        by    <\/span>\n    <a itemprop=\"author\" class=\"qodef-post-info-author-link\" href=\"https:\/\/campingwaikiki.com\/de\/author\/vincenza\/\">\n        Vincenza Misceo    <\/a>\n<\/div>                <\/div>\n            \t\n\t        \n<h4 itemprop=\"name\" class=\"entry-title qodef-post-title\" >\n            <a itemprop=\"url\" href=\"https:\/\/campingwaikiki.com\/de\/blue-flag-jesolo-awarded-for-the-22nd-year\/\" title=\"Blue Flag, Jesolo awarded for the 22nd year!\">\n            Blue Flag, Jesolo awarded for the 22nd year!            <\/a>\n    <\/h4>\t\n\t        <div class=\"qodef-bli-excerpt\">\n                \t\t<div class=\"qodef-post-excerpt-holder\">\n\t\t\t<p itemprop=\"description\" class=\"qodef-post-excerpt\">\n\t\t\t\t\nJesolo once again takes centre stage at the Blue Flag award ceremony, the prestigious recognition that rewards seaside resorts that maintain the highest standards of excellence in the quality of bathing water, cleanliness of beaches, waste management, the presence of\t\t\t<\/p>\n\t\t<\/div>\n\t\t\t\t\t\t        <\/div>\n\t                <\/div>\n\t<\/div>\n<\/li>\t\t<\/ul>\n\t<\/div>\n\t<\/div>[\/vc_column][\/vc_row]<\/p>\n<\/div>","protected":false},"excerpt":{"rendered":"<p>[vc_section][vc_row css=&#8220;.vc_custom_1646911427980{padding-top: 40px !important;}&#8220;][vc_column width=&#8220;1\/2&#8243;][vc_single_image image=&#8220;9121&#8243; img_size=&#8220;full&#8220;][\/vc_column][vc_column width=&#8220;1\/2&#8243;][vc_column_text] Der Nebelbaum [\/vc_column_text][vc_column_text]\u201eDer Nebelbaum wurde aus zwei magischen Empfindungen meiner Kindheit geboren. Der Nebel, der die Dinge umh\u00fcllt, ihre Konturen gl\u00e4ttet und die Grenzen zwischen den Orten ausl\u00f6scht. Eine Geste, die vielleicht [&hellip;]<\/p>\n","protected":false},"author":1,"featured_media":0,"parent":7871,"menu_order":0,"comment_status":"closed","ping_status":"closed","template":"","meta":{"footnotes":""},"class_list":["post-9183","page","type-page","status-publish","hentry"],"aioseo_notices":[],"_links":{"self":[{"href":"https:\/\/campingwaikiki.com\/de\/wp-json\/wp\/v2\/pages\/9183","targetHints":{"allow":["GET"]}}],"collection":[{"href":"https:\/\/campingwaikiki.com\/de\/wp-json\/wp\/v2\/pages"}],"about":[{"href":"https:\/\/campingwaikiki.com\/de\/wp-json\/wp\/v2\/types\/page"}],"author":[{"embeddable":true,"href":"https:\/\/campingwaikiki.com\/de\/wp-json\/wp\/v2\/users\/1"}],"replies":[{"embeddable":true,"href":"https:\/\/campingwaikiki.com\/de\/wp-json\/wp\/v2\/comments?post=9183"}],"version-history":[{"count":3,"href":"https:\/\/campingwaikiki.com\/de\/wp-json\/wp\/v2\/pages\/9183\/revisions"}],"predecessor-version":[{"id":10833,"href":"https:\/\/campingwaikiki.com\/de\/wp-json\/wp\/v2\/pages\/9183\/revisions\/10833"}],"up":[{"embeddable":true,"href":"https:\/\/campingwaikiki.com\/de\/wp-json\/wp\/v2\/pages\/7871"}],"wp:attachment":[{"href":"https:\/\/campingwaikiki.com\/de\/wp-json\/wp\/v2\/media?parent=9183"}],"curies":[{"name":"wp","href":"https:\/\/api.w.org\/{rel}","templated":true}]}}